{"id":7069,"date":"2026-03-23T17:13:13","date_gmt":"2026-03-23T16:13:13","guid":{"rendered":"https:\/\/coccolatevi.it\/?post_type=product&#038;p=7069"},"modified":"2026-05-13T09:19:57","modified_gmt":"2026-05-13T08:19:57","slug":"lavafast","status":"publish","type":"product","link":"https:\/\/coccolatevi.it\/pl\/prodotto\/lavafast\/","title":{"rendered":"Lavafast"},"content":{"rendered":"<p>Coccolatevi <strong>LAVAFAST<\/strong> zmienia pranie w szybki i \u0142atwy gest: innowacyjna saszetka do nieskazitelnego prania, kt\u00f3ra \u0142\u0105czy w sobie wysok\u0105 wydajno\u015b\u0107, praktyczno\u015b\u0107 i otulaj\u0105cy zapach, kt\u00f3ry utrzymuje si\u0119 przez d\u0142ugi czas. 1 produkt, 5 r\u00f3\u017cnych funkcji:<\/p>\n<p>&nbsp;<\/p>\n<ul>\n<li>Wysokowydajny detergent do prania<\/li>\n<li>P\u0142yn do zmi\u0119kczania tkanin dla mi\u0119kkich ubra\u0144<\/li>\n<li>D\u0142ugotrwa\u0142y zapach<\/li>\n<li>Ochrona pralki za pomoc\u0105 \u015brodk\u00f3w zapobiegaj\u0105cych osadzaniu si\u0119 kamienia i \u015brodk\u00f3w odka\u017caj\u0105cych<\/li>\n<li>Ochraniacz kolor\u00f3w chroni\u0105cy tkaniny podczas prania<\/li>\n<\/ul>\n<p>&nbsp;<\/p>\n<p>1 jednodawkowa, kolorowa saszetka do prania tkanin ze wst\u0119pnie wymieszanymi i dozowanymi produktami w \u015brodku dla idealnego prania bez odpad\u00f3w.<\/p>\n<p>&nbsp;<\/p>\n<p>Skuteczny nawet w niskich temperaturach, upraszcza ka\u017cde pranie dzi\u0119ki g\u0142\u0119bokiemu czyszczeniu, zerowej ilo\u015bci odpad\u00f3w i maksymalnej wygodzie, pozostawiaj\u0105c wi\u0119cej czasu dla Ciebie, a mniej na prace domowe.<\/p>\n<p>&nbsp;<\/p>\n<p><strong>Dlaczego warto j\u0105 wybra\u0107:<\/strong><\/p>\n<ul>\n<li>Prawdziwy zr\u00f3wnowa\u017cony rozw\u00f3j: materia\u0142y przyjazne dla \u015brodowiska, opakowania bez plastiku<\/li>\n<li>Maksymalna wygoda: jeden prosty krok, bez mierzenia, bez pozosta\u0142o\u015bci<\/li>\n<li>Funkcjonalna technologia tekstylna: saszetka dzia\u0142a jak \u0142apacz kolor\u00f3w<\/li>\n<li>Nadaje si\u0119 do wszystkich tkanin i cykli prania<\/li>\n<li>Zmniejszenie ilo\u015bci odpad\u00f3w: precyzyjna pojedyncza dawka, sta\u0142a wydajno\u015b\u0107<\/li>\n<\/ul>\n<p>&nbsp;<\/p>\n<p><strong>Poniewa\u017c ci si\u0119 spodoba<\/strong><\/p>\n<p>&nbsp;<\/p>\n<p><strong>Wi\u0119cej czasu dla Ciebie<\/strong>Szybko oznacza wi\u0119cej wolnego czasu dla ciebie i mniej czasu sp\u0119dzonego na pracach domowych.<\/p>\n<p><strong>Zero b\u0142\u0119d\u00f3w, maksymalna skuteczno\u015b\u0107<\/strong>Nie trzeba odmierza\u0107 ani nalewa\u0107 - wystarczy jedna saszetka i gotowe.<\/p>\n<p><strong>G\u0142\u0119bokie czyszczenie, nawet w niskich temperaturach<\/strong>Skuteczny ju\u017c w temperaturze 30\u00b0, wnika we w\u0142\u00f3kna i pomaga usun\u0105\u0107 nawet najtrudniejsze plamy i zapachy.<\/p>\n<p><strong>Przechwytuje rozproszone kolory<\/strong>Pomaga zachowa\u0107 \u017cywe kolory i jasne biele, pranie po praniu.<\/p>\n<p><strong>Zapach Cuddle, kt\u00f3ry robi r\u00f3\u017cnic\u0119<\/strong>niezwyk\u0142y i trwa\u0142y zapach, kt\u00f3ry rozpieszcza odzie\u017c.<\/p>\n<p><strong>Nieodparta mi\u0119kko\u015b\u0107<\/strong>Tkaniny staj\u0105 si\u0119 mi\u0119kkie, przyjemne w dotyku, jak pieszczota na sk\u00f3rze.<\/p>\n<p><strong>\u017begnajcie pozosta\u0142o\u015bci i nieprzyjemne zapachy<\/strong>chroni pralk\u0119 i pomaga zapobiega\u0107 osadzaniu si\u0119 kamienia, zapewniaj\u0105c nieskazitelne rezultaty za ka\u017cdym razem.<\/p>\n<p>&nbsp;<\/p>\n<p><strong>SASZETKA JEDNODAWKOWA<\/strong><\/p>\n<p><strong>Mniej odpad\u00f3w, wi\u0119ksza wydajno\u015b\u0107<\/strong>Ka\u017cda saszetka zawiera idealn\u0105 ilo\u015b\u0107, unikaj\u0105c nadmiaru i gwarantuj\u0105c sp\u00f3jne wyniki.<\/p>\n<p><strong>Zero plastiku<\/strong>Opakowania i saszetki niezawieraj\u0105ce plastiku to bardziej \u015bwiadomy i zr\u00f3wnowa\u017cony wyb\u00f3r.<\/p>\n<p><strong>Wi\u0119cej miejsca, mniej ba\u0142aganu<\/strong>jeden produkt zamiast pi\u0119ciu.<\/p>\n<p>&nbsp;<\/p>\n<p><strong>Nowa, nieskomplikowana rutyna<\/strong><\/p>\n<p>Dzi\u0119ki LAVAFAST pranie staje si\u0119 szybkie, intuicyjne i zawsze doskona\u0142e. Mniej czasu na pranie, wi\u0119cej czasu na to, co kochasz.<\/p>","protected":false},"excerpt":{"rendered":"<p>5 dzia\u0142a\u0144 w jednej saszetce: pierze, chroni kolory, perfumuje, zmi\u0119kcza i dba o pralk\u0119. Wi\u0119cej czasu dla Ciebie, zawsze doskona\u0142e pranie.<\/p>","protected":false},"featured_media":7178,"comment_status":"closed","ping_status":"closed","template":"","meta":[],"product_brand":[],"product_cat":[93],"product_tag":[],"custom-fields-categoria":[],"class_list":{"0":"post-7069","1":"product","2":"type-product","3":"status-publish","4":"has-post-thumbnail","6":"product_cat-prodotti","8":"first","9":"instock","10":"shipping-taxable","11":"purchasable","12":"product-type-variable","13":"has-default-attributes"},"_links":{"self":[{"href":"https:\/\/coccolatevi.it\/pl\/wp-json\/wp\/v2\/product\/7069","targetHints":{"allow":["GET"]}}],"collection":[{"href":"https:\/\/coccolatevi.it\/pl\/wp-json\/wp\/v2\/product"}],"about":[{"href":"https:\/\/coccolatevi.it\/pl\/wp-json\/wp\/v2\/types\/product"}],"replies":[{"embeddable":true,"href":"https:\/\/coccolatevi.it\/pl\/wp-json\/wp\/v2\/comments?post=7069"}],"wp:featuredmedia":[{"embeddable":true,"href":"https:\/\/coccolatevi.it\/pl\/wp-json\/wp\/v2\/media\/7178"}],"wp:attachment":[{"href":"https:\/\/coccolatevi.it\/pl\/wp-json\/wp\/v2\/media?parent=7069"}],"wp:term":[{"taxonomy":"product_brand","embeddable":true,"href":"https:\/\/coccolatevi.it\/pl\/wp-json\/wp\/v2\/product_brand?post=7069"},{"taxonomy":"product_cat","embeddable":true,"href":"https:\/\/coccolatevi.it\/pl\/wp-json\/wp\/v2\/product_cat?post=7069"},{"taxonomy":"product_tag","embeddable":true,"href":"https:\/\/coccolatevi.it\/pl\/wp-json\/wp\/v2\/product_tag?post=7069"},{"taxonomy":"custom-fields-categoria","embeddable":true,"href":"https:\/\/coccolatevi.it\/pl\/wp-json\/wp\/v2\/custom-fields-categoria?post=7069"}],"curies":[{"name":"wp","href":"https:\/\/api.w.org\/{rel}","templated":true}]}}