{"id":303,"date":"2025-07-04T10:44:21","date_gmt":"2025-07-04T10:44:21","guid":{"rendered":"https:\/\/coccolatevi.it\/?post_type=product&#038;p=303"},"modified":"2026-04-09T17:31:48","modified_gmt":"2026-04-09T16:31:48","slug":"ammorbidente","status":"publish","type":"product","link":"https:\/\/coccolatevi.it\/pl\/prodotto\/ammorbidente\/","title":{"rendered":"P\u0142yn do zmi\u0119kczania tkanin"},"content":{"rendered":"<p>Otul swoje pranie d\u0142ugotrwa\u0142\u0105 pieszczot\u0105.<\/p>\n<p><strong>Rozpieszczanie sprawia, \u017ce ka\u017cde mycie staje si\u0119 chwil\u0105 dobrego samopoczucia:<\/strong> mi\u0119kko\u015b\u0107 i otulaj\u0105cy zapach, kt\u00f3re utrzymuj\u0105 si\u0119 przez d\u0142ugi czas, pranie po praniu.<\/p>\n<p><strong>Poniewa\u017c ci si\u0119 spodoba<\/strong><br \/>\n<strong>Intensywny, d\u0142ugotrwa\u0142y zapach:<\/strong> chmura \u015bwie\u017co\u015bci i zapachu, kt\u00f3ra pozostaje na ubraniach, prze\u015bcierad\u0142ach i r\u0119cznikach na d\u0142u\u017cej.<br \/>\n<strong>Zapach na ka\u017cdy nastr\u00f3j:<\/strong> Wachlarz zapach\u00f3w obejmuje zar\u00f3wno nuty kwiatowe i talkowe, jak i bursztynowe i drzewne, dzi\u0119ki czemu mo\u017cesz wybra\u0107 ten, kt\u00f3ry najlepiej Ci\u0119 reprezentuje.<br \/>\n<strong>Mi\u0119kko\u015b\u0107 do przytulania:<\/strong> Tkaniny s\u0105 bardziej mi\u0119kkie, \u0142atwiejsze do prasowania i przyjemne w dotyku.<\/p>\n<p><strong>WERSJA SKONCENTROWANA<\/strong><br \/>\n<strong>Zr\u00f3wnowa\u017cony wyb\u00f3r:<\/strong> skoncentrowana formu\u0142a, kt\u00f3ra zapewnia mniej odpad\u00f3w, mniej plastiku, wi\u0119kszy szacunek dla \u015brodowiska i wygod\u0119 dla Ciebie.<\/p>\n<p>&nbsp;<\/p>\n<p><strong>Wiele zapach\u00f3w, po jednym na ka\u017cdy nastr\u00f3j:<\/strong> Wybierz zapach, kt\u00f3ry najlepiej odzwierciedla Tw\u00f3j nastr\u00f3j lub dzie\u0144. Opracowali\u015bmy gam\u0119 zapach\u00f3w zaprojektowanych na ka\u017cdy nastr\u00f3j - kwiatowe, talkowe i czyste, cytrusowe i musuj\u0105ce, bursztynowe i drzewne.<\/p>\n<p><strong>Mieszaj i dopasowuj Rozpieszczaj siebie: <\/strong>Po\u0142\u0105cz go z detergentem do domu i prania oraz perfumatorem, aby uzyska\u0107 intensywny i trwa\u0142y zapach.<\/p>","protected":false},"excerpt":{"rendered":"<p>Wyj\u0105tkowa mi\u0119kko\u015b\u0107, niepowtarzalny po\u0142ysk i \u015bwie\u017co\u015b\u0107, kt\u00f3ra utrzymuje si\u0119 przez wiele tygodni. Wiele zapach\u00f3w na ka\u017cdy nastr\u00f3j, idealne z detergentem do prania w pralce i zapachem Cuddle.<\/p>","protected":false},"featured_media":304,"comment_status":"open","ping_status":"closed","template":"","meta":[],"product_brand":[],"product_cat":[93],"product_tag":[],"custom-fields-categoria":[],"class_list":{"0":"post-303","1":"product","2":"type-product","3":"status-publish","4":"has-post-thumbnail","6":"product_cat-prodotti","8":"first","9":"instock","10":"shipping-taxable","11":"purchasable","12":"product-type-variable","13":"has-default-attributes"},"_links":{"self":[{"href":"https:\/\/coccolatevi.it\/pl\/wp-json\/wp\/v2\/product\/303","targetHints":{"allow":["GET"]}}],"collection":[{"href":"https:\/\/coccolatevi.it\/pl\/wp-json\/wp\/v2\/product"}],"about":[{"href":"https:\/\/coccolatevi.it\/pl\/wp-json\/wp\/v2\/types\/product"}],"replies":[{"embeddable":true,"href":"https:\/\/coccolatevi.it\/pl\/wp-json\/wp\/v2\/comments?post=303"}],"wp:featuredmedia":[{"embeddable":true,"href":"https:\/\/coccolatevi.it\/pl\/wp-json\/wp\/v2\/media\/304"}],"wp:attachment":[{"href":"https:\/\/coccolatevi.it\/pl\/wp-json\/wp\/v2\/media?parent=303"}],"wp:term":[{"taxonomy":"product_brand","embeddable":true,"href":"https:\/\/coccolatevi.it\/pl\/wp-json\/wp\/v2\/product_brand?post=303"},{"taxonomy":"product_cat","embeddable":true,"href":"https:\/\/coccolatevi.it\/pl\/wp-json\/wp\/v2\/product_cat?post=303"},{"taxonomy":"product_tag","embeddable":true,"href":"https:\/\/coccolatevi.it\/pl\/wp-json\/wp\/v2\/product_tag?post=303"},{"taxonomy":"custom-fields-categoria","embeddable":true,"href":"https:\/\/coccolatevi.it\/pl\/wp-json\/wp\/v2\/custom-fields-categoria?post=303"}],"curies":[{"name":"wp","href":"https:\/\/api.w.org\/{rel}","templated":true}]}}