{"id":2062,"date":"2025-07-28T22:13:25","date_gmt":"2025-07-28T22:13:25","guid":{"rendered":"https:\/\/coccolatevi.it\/?post_type=product&#038;p=2062"},"modified":"2026-04-04T07:31:24","modified_gmt":"2026-04-04T06:31:24","slug":"detergenti","status":"publish","type":"product","link":"https:\/\/coccolatevi.it\/pl\/prodotto\/detergenti\/","title":{"rendered":"\u015arodek do czyszczenia szk\u0142a"},"content":{"rendered":"<p><strong>Doskona\u0142y blask, szybkie schni\u0119cie, zero halo.<\/strong><br \/>\n<strong>P\u0142yn do mycia szyb<\/strong> ma <strong>Innowacyjna formu\u0142a o bardzo niskim wp\u0142ywie na \u015brodowisko<\/strong>Idealny do szk\u0142a i wszystkich zmywalnych twardych powierzchni, pozostawia nieskazitelny po\u0142ysk, eliminuj\u0105c wszelkie smugi w ci\u0105gu kilku chwil.<\/p>\n<p><strong>Poniewa\u017c ci si\u0119 spodoba<\/strong><\/p>\n<ul>\n<li><strong>Super zapachowe dzia\u0142anie<\/strong>uwalnia intensywny, d\u0142ugotrwa\u0142y zapach<\/li>\n<li><strong>Technologia zero-halo<\/strong>znakomity efekt, bez aureoli<\/li>\n<li><strong>Szybko schnie<\/strong>dla inteligentniejszego u\u017cytkowania i kr\u00f3tszego czasu<\/li>\n<li><strong>Wielopowierzchniowy<\/strong>Doskonale sprawdza si\u0119 na szkle, lustrach, krysztale, stali nierdzewnej, p\u0142ytkach i powierzchniach lakierowanych.<\/li>\n<li><strong>Bardziej zr\u00f3wnowa\u017cony wyb\u00f3r<\/strong>formu\u0142a o bardzo niskim wp\u0142ywie na \u015brodowisko i skutecznym dzia\u0142aniu przy zaledwie kilku rozpyleniach.<\/li>\n<\/ul>","protected":false},"excerpt":{"rendered":"<p>Natychmiastowy po\u0142ysk i d\u0142ugotrwa\u0142y zapach bez efektu aureoli. Idealny do szk\u0142a i twardych powierzchni, nawet w \u015bwietle s\u0142onecznym.<\/p>","protected":false},"featured_media":2070,"comment_status":"open","ping_status":"closed","template":"","meta":[],"product_brand":[],"product_cat":[93],"product_tag":[],"custom-fields-categoria":[],"class_list":{"0":"post-2062","1":"product","2":"type-product","3":"status-publish","4":"has-post-thumbnail","6":"product_cat-prodotti","8":"first","9":"instock","10":"shipping-taxable","11":"purchasable","12":"product-type-variable","13":"has-default-attributes"},"_links":{"self":[{"href":"https:\/\/coccolatevi.it\/pl\/wp-json\/wp\/v2\/product\/2062","targetHints":{"allow":["GET"]}}],"collection":[{"href":"https:\/\/coccolatevi.it\/pl\/wp-json\/wp\/v2\/product"}],"about":[{"href":"https:\/\/coccolatevi.it\/pl\/wp-json\/wp\/v2\/types\/product"}],"replies":[{"embeddable":true,"href":"https:\/\/coccolatevi.it\/pl\/wp-json\/wp\/v2\/comments?post=2062"}],"wp:featuredmedia":[{"embeddable":true,"href":"https:\/\/coccolatevi.it\/pl\/wp-json\/wp\/v2\/media\/2070"}],"wp:attachment":[{"href":"https:\/\/coccolatevi.it\/pl\/wp-json\/wp\/v2\/media?parent=2062"}],"wp:term":[{"taxonomy":"product_brand","embeddable":true,"href":"https:\/\/coccolatevi.it\/pl\/wp-json\/wp\/v2\/product_brand?post=2062"},{"taxonomy":"product_cat","embeddable":true,"href":"https:\/\/coccolatevi.it\/pl\/wp-json\/wp\/v2\/product_cat?post=2062"},{"taxonomy":"product_tag","embeddable":true,"href":"https:\/\/coccolatevi.it\/pl\/wp-json\/wp\/v2\/product_tag?post=2062"},{"taxonomy":"custom-fields-categoria","embeddable":true,"href":"https:\/\/coccolatevi.it\/pl\/wp-json\/wp\/v2\/custom-fields-categoria?post=2062"}],"curies":[{"name":"wp","href":"https:\/\/api.w.org\/{rel}","templated":true}]}}