{"id":1993,"date":"2025-07-28T22:10:13","date_gmt":"2025-07-28T22:10:13","guid":{"rendered":"https:\/\/coccolatevi.it\/?post_type=product&#038;p=1993"},"modified":"2026-04-04T01:46:11","modified_gmt":"2026-04-04T00:46:11","slug":"profumatori","status":"publish","type":"product","link":"https:\/\/coccolatevi.it\/pl\/prodotto\/profumatori\/","title":{"rendered":"Perfumy do domu i prania"},"content":{"rendered":"<p>Jeden produkt, tysi\u0105c sposob\u00f3w na rozpieszczanie siebie. Pamper Yourself Home and Laundry Perfumer to prosty gest, kt\u00f3ry zapewnia dobre samopoczucie, intensywny i d\u0142ugotrwa\u0142y zapach oraz \u015bwie\u017co\u015b\u0107 wszystkiego, co kochasz: prania, powierzchni i pomieszcze\u0144.<\/p>\n<p><strong>Poniewa\u017c ci si\u0119 spodoba<\/strong><\/p>\n<p><strong>Intensywny zapach podczas prania:<\/strong> w pralce lub r\u0119cznie, otula ubrania nieodpartym, d\u0142ugotrwa\u0142ym zapachem.<\/p>\n<p><strong>B\u0142yszcz\u0105ce, pachn\u0105ce powierzchnie:<\/strong> Rozcie\u0144czony w wodzie, czy\u015bci pod\u0142ogi, szk\u0142o i twarde powierzchnie, pozostawiaj\u0105c je l\u015bni\u0105ce i pachn\u0105ce.<\/p>\n<p><strong>Wyj\u0105tkowa atmosfera w domu:<\/strong> Wystarczy kilka kropel w dyfuzorze lub z patyczkami, aby natychmiast uzyska\u0107 przytuln\u0105, otulaj\u0105c\u0105 atmosfer\u0119.<\/p>\n<p><strong>Zr\u00f3wnowa\u017cony wyb\u00f3r:<\/strong> jest super skoncentrowany, wystarczy kilka kropli, aby uzyska\u0107 niezwyk\u0142y efekt. Jedna butelka, tysi\u0105c zastosowa\u0144: mniej plastiku, mniej odpad\u00f3w, wi\u0119cej szacunku dla \u015brodowiska... i dla Twojego portfela.<\/p>\n<p><strong>Mix &amp; Match Rozpieszczaj siebie:<\/strong> Po\u0142\u0105cz go z p\u0142ynem do p\u0142ukania tkanin i detergentem, aby uzyska\u0107 jeszcze bardziej intensywny efekt multisensoryczny.<\/p>","protected":false},"excerpt":{"rendered":"<p>Perfumuje pranie, czy\u015bci powierzchnie i otula \u015brodowisko. Uniwersalny i super trwa\u0142y.<\/p>","protected":false},"featured_media":2045,"comment_status":"open","ping_status":"closed","template":"","meta":[],"product_brand":[],"product_cat":[93],"product_tag":[],"custom-fields-categoria":[],"class_list":{"0":"post-1993","1":"product","2":"type-product","3":"status-publish","4":"has-post-thumbnail","6":"product_cat-prodotti","8":"first","9":"instock","10":"shipping-taxable","11":"purchasable","12":"product-type-variable"},"_links":{"self":[{"href":"https:\/\/coccolatevi.it\/pl\/wp-json\/wp\/v2\/product\/1993","targetHints":{"allow":["GET"]}}],"collection":[{"href":"https:\/\/coccolatevi.it\/pl\/wp-json\/wp\/v2\/product"}],"about":[{"href":"https:\/\/coccolatevi.it\/pl\/wp-json\/wp\/v2\/types\/product"}],"replies":[{"embeddable":true,"href":"https:\/\/coccolatevi.it\/pl\/wp-json\/wp\/v2\/comments?post=1993"}],"wp:featuredmedia":[{"embeddable":true,"href":"https:\/\/coccolatevi.it\/pl\/wp-json\/wp\/v2\/media\/2045"}],"wp:attachment":[{"href":"https:\/\/coccolatevi.it\/pl\/wp-json\/wp\/v2\/media?parent=1993"}],"wp:term":[{"taxonomy":"product_brand","embeddable":true,"href":"https:\/\/coccolatevi.it\/pl\/wp-json\/wp\/v2\/product_brand?post=1993"},{"taxonomy":"product_cat","embeddable":true,"href":"https:\/\/coccolatevi.it\/pl\/wp-json\/wp\/v2\/product_cat?post=1993"},{"taxonomy":"product_tag","embeddable":true,"href":"https:\/\/coccolatevi.it\/pl\/wp-json\/wp\/v2\/product_tag?post=1993"},{"taxonomy":"custom-fields-categoria","embeddable":true,"href":"https:\/\/coccolatevi.it\/pl\/wp-json\/wp\/v2\/custom-fields-categoria?post=1993"}],"curies":[{"name":"wp","href":"https:\/\/api.w.org\/{rel}","templated":true}]}}