{"id":1942,"date":"2025-07-28T21:49:08","date_gmt":"2025-07-28T21:49:08","guid":{"rendered":"https:\/\/coccolatevi.it\/?post_type=product&#038;p=1942"},"modified":"2026-04-10T17:40:24","modified_gmt":"2026-04-10T16:40:24","slug":"lavatrice","status":"publish","type":"product","link":"https:\/\/coccolatevi.it\/pl\/prodotto\/lavatrice\/","title":{"rendered":"Detergent do pralek"},"content":{"rendered":"<p>G\u0142\u0119bokie oczyszczenie, nieodparta \u015bwie\u017co\u015b\u0107, d\u0142ugotrwa\u0142y zapach.<\/p>\n<p>Coccolatevi Detersivo Lavatrice to innowacyjny produkt, kt\u00f3ry g\u0142\u0119boko oczyszcza i perfumuje pranie: znany ze swojej skuteczno\u015bci nawet w niskich temperaturach, sprawia, \u017ce ka\u017cda odzie\u017c jest przyjemna w noszeniu, pranie po praniu.<\/p>\n<p><strong>Poniewa\u017c ci si\u0119 spodoba <\/strong><\/p>\n<p>\u2022 <strong>G\u0142\u0119bokie czyszczenie:<\/strong> usuwa brud dog\u0142\u0119bnie, nawet w niskich temperaturach.<\/p>\n<p>\u2022 <strong>Super zapach:<\/strong> intensywny, otulaj\u0105cy zapach, kt\u00f3ry utrzymuje si\u0119 na tkaninach - nawet w szafie.<\/p>\n<p>\u2022 <strong>Skuteczny na wszystkich tkaninach:<\/strong> pomaga zachowa\u0107 nowy wygl\u0105d odzie\u017cy na d\u0142u\u017cej.<\/p>\n<p>\u2022 <strong>\u015awiat zapach\u00f3w:<\/strong> dost\u0119pne w ponad sze\u015bciu ekskluzywnych zapachach, na ka\u017cdy nastr\u00f3j i preferencje zapachowe.<\/p>\n<p>Pachnie \u015bwietnie, poniewa\u017c \u015bwietnie czy\u015bci. Wybierz sw\u00f3j zapach i zamie\u0144 ka\u017cde pranie w chwil\u0119 dobrego samopoczucia.<\/p>\n<p><strong>Mix &amp; Match Rozpieszczaj siebie: <\/strong>Po\u0142\u0105cz go z p\u0142ynem do p\u0142ukania tkanin oraz perfumami do domu i prania, aby uzyska\u0107 jeszcze bardziej intensywny efekt multisensoryczny.<\/p>","protected":false},"excerpt":{"rendered":"<p>G\u0142\u0119bokie czyszczenie i otulaj\u0105cy zapach ju\u017c w temperaturze 30\u00b0C. Chroni kolory i tkaniny, idealny w po\u0142\u0105czeniu z p\u0142ynem do p\u0142ukania tkanin i perfumami.<\/p>","protected":false},"featured_media":1969,"comment_status":"open","ping_status":"closed","template":"","meta":[],"product_brand":[],"product_cat":[93],"product_tag":[],"custom-fields-categoria":[],"class_list":{"0":"post-1942","1":"product","2":"type-product","3":"status-publish","4":"has-post-thumbnail","6":"product_cat-prodotti","8":"first","9":"instock","10":"shipping-taxable","11":"purchasable","12":"product-type-variable"},"_links":{"self":[{"href":"https:\/\/coccolatevi.it\/pl\/wp-json\/wp\/v2\/product\/1942","targetHints":{"allow":["GET"]}}],"collection":[{"href":"https:\/\/coccolatevi.it\/pl\/wp-json\/wp\/v2\/product"}],"about":[{"href":"https:\/\/coccolatevi.it\/pl\/wp-json\/wp\/v2\/types\/product"}],"replies":[{"embeddable":true,"href":"https:\/\/coccolatevi.it\/pl\/wp-json\/wp\/v2\/comments?post=1942"}],"wp:featuredmedia":[{"embeddable":true,"href":"https:\/\/coccolatevi.it\/pl\/wp-json\/wp\/v2\/media\/1969"}],"wp:attachment":[{"href":"https:\/\/coccolatevi.it\/pl\/wp-json\/wp\/v2\/media?parent=1942"}],"wp:term":[{"taxonomy":"product_brand","embeddable":true,"href":"https:\/\/coccolatevi.it\/pl\/wp-json\/wp\/v2\/product_brand?post=1942"},{"taxonomy":"product_cat","embeddable":true,"href":"https:\/\/coccolatevi.it\/pl\/wp-json\/wp\/v2\/product_cat?post=1942"},{"taxonomy":"product_tag","embeddable":true,"href":"https:\/\/coccolatevi.it\/pl\/wp-json\/wp\/v2\/product_tag?post=1942"},{"taxonomy":"custom-fields-categoria","embeddable":true,"href":"https:\/\/coccolatevi.it\/pl\/wp-json\/wp\/v2\/custom-fields-categoria?post=1942"}],"curies":[{"name":"wp","href":"https:\/\/api.w.org\/{rel}","templated":true}]}}