{"id":1934,"date":"2025-07-28T21:38:18","date_gmt":"2025-07-28T21:38:18","guid":{"rendered":"https:\/\/coccolatevi.it\/?post_type=product&#038;p=1934"},"modified":"2026-04-11T06:19:21","modified_gmt":"2026-04-11T05:19:21","slug":"anticalcare","status":"publish","type":"product","link":"https:\/\/coccolatevi.it\/pl\/prodotto\/anticalcare\/","title":{"rendered":"Antilimescale"},"content":{"rendered":"<p><strong>Natychmiastowy po\u0142ysk, d\u0142ugotrwa\u0142a ochrona, d\u0142ugotrwa\u0142y zapach.<\/strong><br \/>\nDzi\u0119ki innowacyjnej, superzapachowej formule, Coccolatevi Anticalcare szybko usuwa kamie\u0144, pozosta\u0142o\u015bci myd\u0142a i uporczywy brud, pozostawiaj\u0105c powierzchnie czyste, g\u0142adkie i przyjemnie pachn\u0105ce.<\/p>\n<p><strong>Poniewa\u017c ci si\u0119 spodoba<\/strong><\/p>\n<ul>\n<li><strong>Zadziwiaj\u0105ca czysto\u015b\u0107<\/strong>Wypr\u00f3buj go na kranach, stali i ceramice, kamie\u0144 rozpuszcza si\u0119 w kilka sekund.<\/li>\n<li><strong>Dzia\u0142anie zapobiegaj\u0105ce osadzaniu si\u0119 kamienia<\/strong>Dok\u0142adnie usuwa i pomaga op\u00f3\u017ani\u0107 ponowne tworzenie si\u0119 osad\u00f3w.<\/li>\n<li><strong>Doskona\u0142e wyko\u0144czenie bez efektu halo<\/strong><\/li>\n<li><strong>Wra\u017cenia sensoryczne<\/strong>Dzi\u0119ki d\u0142ugotrwa\u0142emu zapachowi sprawia, \u017ce rutynowe sprz\u0105tanie staje si\u0119 chwil\u0105 dobrego samopoczucia.<\/li>\n<\/ul>\n<p><strong>Gdzie go u\u017cywa\u0107<\/strong><\/p>\n<p><strong>\u0141azienka i kuchnia<\/strong>krany, g\u0142\u00f3wki prysznicowe, umywalki ceramiczne i wyroby sanitarne, blaty i akcesoria ze stali nierdzewnej.<\/p>\n<p><strong>Porady dotycz\u0105ce kompatybilno\u015bci<\/strong><\/p>\n<ul>\n<li>Evita <strong>marmur, kamie\u0144 naturalny, delikatne powierzchnie malowane, nieobrobiony mosi\u0105dz<\/strong> i materia\u0142y <strong>wra\u017cliwy na kwasy<\/strong>.<\/li>\n<li>Na chromie i stali, <strong>nie zostawiaj go na d\u0142ugo<\/strong> i zawsze p\u0142uka\u0107.<\/li>\n<li>Wypr\u00f3buj najpierw w ukrytym miejscu. U\u017cywaj r\u0119kawic i wietrz otoczenie.<\/li>\n<\/ul>\n<p><strong>Rozpieszczaj si\u0119 anty-skal\u0105<\/strong>rozwi\u0105zanie, kt\u00f3re <strong>oczyszcza, chroni i perfumuje<\/strong>B\u0142yszcz\u0105ce powierzchnie na d\u0142u\u017cej, ze zmys\u0142owym dotykiem, kt\u00f3ry kochasz.<\/p>","protected":false},"excerpt":{"rendered":"<p>Czy\u015bci, zapobiega osadzaniu si\u0119 kamienia i pozostawia \u0142azienk\u0119 l\u015bni\u0105c\u0105. \u0141atwe sp\u0142ukiwanie i d\u0142ugotrwa\u0142y zapach.<\/p>","protected":false},"featured_media":1941,"comment_status":"open","ping_status":"closed","template":"","meta":[],"product_brand":[],"product_cat":[93],"product_tag":[],"custom-fields-categoria":[],"class_list":{"0":"post-1934","1":"product","2":"type-product","3":"status-publish","4":"has-post-thumbnail","6":"product_cat-prodotti","8":"first","9":"instock","10":"shipping-taxable","11":"purchasable","12":"product-type-variable","13":"has-default-attributes"},"_links":{"self":[{"href":"https:\/\/coccolatevi.it\/pl\/wp-json\/wp\/v2\/product\/1934","targetHints":{"allow":["GET"]}}],"collection":[{"href":"https:\/\/coccolatevi.it\/pl\/wp-json\/wp\/v2\/product"}],"about":[{"href":"https:\/\/coccolatevi.it\/pl\/wp-json\/wp\/v2\/types\/product"}],"replies":[{"embeddable":true,"href":"https:\/\/coccolatevi.it\/pl\/wp-json\/wp\/v2\/comments?post=1934"}],"wp:featuredmedia":[{"embeddable":true,"href":"https:\/\/coccolatevi.it\/pl\/wp-json\/wp\/v2\/media\/1941"}],"wp:attachment":[{"href":"https:\/\/coccolatevi.it\/pl\/wp-json\/wp\/v2\/media?parent=1934"}],"wp:term":[{"taxonomy":"product_brand","embeddable":true,"href":"https:\/\/coccolatevi.it\/pl\/wp-json\/wp\/v2\/product_brand?post=1934"},{"taxonomy":"product_cat","embeddable":true,"href":"https:\/\/coccolatevi.it\/pl\/wp-json\/wp\/v2\/product_cat?post=1934"},{"taxonomy":"product_tag","embeddable":true,"href":"https:\/\/coccolatevi.it\/pl\/wp-json\/wp\/v2\/product_tag?post=1934"},{"taxonomy":"custom-fields-categoria","embeddable":true,"href":"https:\/\/coccolatevi.it\/pl\/wp-json\/wp\/v2\/custom-fields-categoria?post=1934"}],"curies":[{"name":"wp","href":"https:\/\/api.w.org\/{rel}","templated":true}]}}