{"id":1912,"date":"2025-07-28T21:32:45","date_gmt":"2025-07-28T21:32:45","guid":{"rendered":"https:\/\/coccolatevi.it\/?post_type=product&#038;p=1912"},"modified":"2026-04-02T16:15:13","modified_gmt":"2026-04-02T15:15:13","slug":"deo-10-in-1","status":"publish","type":"product","link":"https:\/\/coccolatevi.it\/pl\/prodotto\/deo-10-in-1\/","title":{"rendered":"Deo 10 in 1 Sanitiser"},"content":{"rendered":"<p><strong>DEO HYGIENIZER 10 w 1<\/strong><\/p>\n<p><strong>Neutralizuje zapachy, dezynfekuje i super-zapachuje przez d\u0142ugi czas.<\/strong><br \/>\n<strong>Pamper Yourself Deo Sanitiser 10 in 1<\/strong> to innowacyjny produkt z najnowocze\u015bniejsz\u0105 technologi\u0105, kt\u00f3ra pozwala na tysi\u0105c zastosowa\u0144 jednego produktu. Skuteczny detergent do wielu powierzchni i niesamowity dezodorant do pomieszcze\u0144 i tkanin, w jednym ge\u015bcie: eliminuje nieprzyjemne zapachy (nawet te najbardziej uporczywe), pomaga w dezynfekcji i pozostawia zapach. <strong>ekskluzywny zapach<\/strong> intensywny i d\u0142ugotrwa\u0142y.<\/p>\n<p><strong>Poniewa\u017c ci si\u0119 spodoba<\/strong><\/p>\n<ul>\n<li><strong>Dezodorant do tkanin<\/strong>Idealny na zas\u0142ony, sofy, dywany i meble.<\/li>\n<li><strong>Buty i sport<\/strong>Neutralizuje nieprzyjemne zapachy z obuwia sportowego i tkanin technicznych.<\/li>\n<li><strong>Od\u015bwie\u017cacz powietrza<\/strong>Jedno rozpylenie i w domu natychmiast robi si\u0119 ch\u0142odniej.<\/li>\n<li><strong>Nienaganny samoch\u00f3d<\/strong>Rozpylony w kabinie pasa\u017cerskiej pomaga dezynfekowa\u0107 materia\u0142owe siedzenia i eliminuje nieprzyjemne zapachy, w tym dymu papierosowego.<\/li>\n<li><strong>Przyjazny dla zwierz\u0105t<\/strong>Eliminuje wszystkie zapachy pozostawione przez zwierz\u0119ta domowe.<\/li>\n<li><strong>Twarde powierzchnie<\/strong>Czy\u015bci i od\u015bwie\u017ca blaty, uchwyty, urz\u0105dzenia sanitarne i powierzchnie zmywalne.<\/li>\n<li><strong>Szafki i szuflady<\/strong>powiew perfum, kt\u00f3ry utrzymuje si\u0119 przez d\u0142ugi czas.<\/li>\n<li><strong>Szybki antyzapachowy<\/strong>technologia neutralizuj\u0105ca, kt\u00f3ra dzia\u0142a natychmiastowo.<\/li>\n<li><strong>Codzienne u\u017cytkowanie<\/strong>Idealny do poprawek mi\u0119dzy myciami.<\/li>\n<li><strong>Ekskluzywne zapachy<\/strong>sygnatura zapachowa, kt\u00f3ra pozostaje, nie b\u0119d\u0105c natr\u0119tn\u0105.<\/li>\n<\/ul>\n<p><strong>Zalecenia dotycz\u0105ce u\u017cytkowania<\/strong><\/p>\n<ul>\n<li>W przypadku delikatnych lub rozci\u0105gliwych tkanin nale\u017cy zawsze przeprowadza\u0107 pr\u00f3b\u0119 w niewidocznym miejscu.<\/li>\n<li>Unikaj sk\u00f3ry, jedwabiu, cienkiego aksamitu, ekran\u00f3w i nieobrobionego drewna.<\/li>\n<li>Powierzchnie maj\u0105ce kontakt z \u017cywno\u015bci\u0105 sp\u0142uka\u0107 po u\u017cyciu.<\/li>\n<\/ul>\n<p><strong>Pamper Yourself Deo Sanitiser 10 in 1<\/strong>, Kompletne rozwi\u0105zanie, kt\u00f3re dezynfekuje i eliminuje nieprzyjemne zapachy, jednocze\u015bnie otaczaj\u0105c przestrze\u0144 ekskluzywnymi zapachami o najbardziej intensywnym i d\u0142ugotrwa\u0142ym zapachu.<\/p>","protected":false},"excerpt":{"rendered":"<p>Odka\u017ca, perfumuje i dezodoruje tkaniny, pomieszczenia i powierzchnie. Natychmiastowa \u015bwie\u017co\u015b\u0107, wsz\u0119dzie. Z wyj\u0105tkiem szk\u0142a!<\/p>","protected":false},"featured_media":1925,"comment_status":"open","ping_status":"closed","template":"","meta":[],"product_brand":[],"product_cat":[93],"product_tag":[],"custom-fields-categoria":[],"class_list":{"0":"post-1912","1":"product","2":"type-product","3":"status-publish","4":"has-post-thumbnail","6":"product_cat-prodotti","8":"first","9":"instock","10":"shipping-taxable","11":"purchasable","12":"product-type-variable","13":"has-default-attributes"},"_links":{"self":[{"href":"https:\/\/coccolatevi.it\/pl\/wp-json\/wp\/v2\/product\/1912","targetHints":{"allow":["GET"]}}],"collection":[{"href":"https:\/\/coccolatevi.it\/pl\/wp-json\/wp\/v2\/product"}],"about":[{"href":"https:\/\/coccolatevi.it\/pl\/wp-json\/wp\/v2\/types\/product"}],"replies":[{"embeddable":true,"href":"https:\/\/coccolatevi.it\/pl\/wp-json\/wp\/v2\/comments?post=1912"}],"wp:featuredmedia":[{"embeddable":true,"href":"https:\/\/coccolatevi.it\/pl\/wp-json\/wp\/v2\/media\/1925"}],"wp:attachment":[{"href":"https:\/\/coccolatevi.it\/pl\/wp-json\/wp\/v2\/media?parent=1912"}],"wp:term":[{"taxonomy":"product_brand","embeddable":true,"href":"https:\/\/coccolatevi.it\/pl\/wp-json\/wp\/v2\/product_brand?post=1912"},{"taxonomy":"product_cat","embeddable":true,"href":"https:\/\/coccolatevi.it\/pl\/wp-json\/wp\/v2\/product_cat?post=1912"},{"taxonomy":"product_tag","embeddable":true,"href":"https:\/\/coccolatevi.it\/pl\/wp-json\/wp\/v2\/product_tag?post=1912"},{"taxonomy":"custom-fields-categoria","embeddable":true,"href":"https:\/\/coccolatevi.it\/pl\/wp-json\/wp\/v2\/custom-fields-categoria?post=1912"}],"curies":[{"name":"wp","href":"https:\/\/api.w.org\/{rel}","templated":true}]}}