{"id":1905,"date":"2025-07-28T21:23:43","date_gmt":"2025-07-28T21:23:43","guid":{"rendered":"https:\/\/coccolatevi.it\/?post_type=product&#038;p=1905"},"modified":"2026-04-13T19:03:19","modified_gmt":"2026-04-13T18:03:19","slug":"cura-lavatrice","status":"publish","type":"product","link":"https:\/\/coccolatevi.it\/pl\/prodotto\/cura-lavatrice\/","title":{"rendered":"Piel\u0119gnacja pralki"},"content":{"rendered":"<p><strong>ROZPIESZCZAJ\u0104CA PIEL\u0118GNACJA PRALKI<\/strong> usuwa brud, pozosta\u0142o\u015bci myd\u0142a,<\/p>\n<p>kamienia i nieprzyjemnych zapach\u00f3w, a tak\u017ce pomaga usuwa\u0107 zarazki i bakterie, zapewniaj\u0105c<\/p>\n<p>czysta i zdezynfekowana pralka.<\/p>\n<p>Stosowany raz w miesi\u0105cu, chroni wa\u017cne cz\u0119\u015bci pralki i optymalizuje jej skuteczno\u015b\u0107<\/p>\n<p>detergentu. Zapewnia uczucie \u015bwie\u017co\u015bci w ca\u0142ej pralce.<\/p>\n<p><strong>Poniewa\u017c ci si\u0119 spodoba: <\/strong><\/p>\n<p>\u2022 <strong>G\u0142\u0119bokie czyszczenie:<\/strong> dok\u0142adnie czy\u015bci kosz i cz\u0119\u015bci wewn\u0119trzne.<\/p>\n<p>\u2022<strong> Antiscale:<\/strong> przeciwdzia\u0142a powstawaniu osad\u00f3w i chroni wa\u017cne elementy pralki.<\/p>\n<p><strong>- Chroni i zachowuje:<\/strong> Stosowany raz w miesi\u0105cu utrzymuje urz\u0105dzenie w doskona\u0142ej kondycji na d\u0142u\u017cej. - Zapach i dezynfekcja: eliminuje nieprzyjemne zapachy i zapewnia uczucie \u015bwie\u017co\u015bci w ca\u0142ej pralce.<\/p>\n<p>\u2022<strong> Niezb\u0119dny sojusznik:<\/strong> Dzi\u0119ki Pamper yourself Washing Machine Care masz sprzymierze\u0144ca, kt\u00f3ry wyd\u0142u\u017ca \u017cywotno\u015b\u0107 urz\u0105dzenia, optymalizuje skuteczno\u015b\u0107 detergentu i sprawia, \u017ce ka\u017cde pranie jest bardziej \u015bwie\u017ce, czyste i przyjemne w noszeniu.<\/p>","protected":false},"excerpt":{"rendered":"<p>Eliminuje brud, kamie\u0144 i nieprzyjemne zapachy. Chroni pralk\u0119 i pozostawia intensywny zapach po ka\u017cdym praniu.<\/p>","protected":false},"featured_media":1910,"comment_status":"open","ping_status":"closed","template":"","meta":[],"product_brand":[],"product_cat":[93],"product_tag":[],"custom-fields-categoria":[],"class_list":{"0":"post-1905","1":"product","2":"type-product","3":"status-publish","4":"has-post-thumbnail","6":"product_cat-prodotti","8":"first","9":"instock","10":"shipping-taxable","11":"purchasable","12":"product-type-variable","13":"has-default-attributes"},"_links":{"self":[{"href":"https:\/\/coccolatevi.it\/pl\/wp-json\/wp\/v2\/product\/1905","targetHints":{"allow":["GET"]}}],"collection":[{"href":"https:\/\/coccolatevi.it\/pl\/wp-json\/wp\/v2\/product"}],"about":[{"href":"https:\/\/coccolatevi.it\/pl\/wp-json\/wp\/v2\/types\/product"}],"replies":[{"embeddable":true,"href":"https:\/\/coccolatevi.it\/pl\/wp-json\/wp\/v2\/comments?post=1905"}],"wp:featuredmedia":[{"embeddable":true,"href":"https:\/\/coccolatevi.it\/pl\/wp-json\/wp\/v2\/media\/1910"}],"wp:attachment":[{"href":"https:\/\/coccolatevi.it\/pl\/wp-json\/wp\/v2\/media?parent=1905"}],"wp:term":[{"taxonomy":"product_brand","embeddable":true,"href":"https:\/\/coccolatevi.it\/pl\/wp-json\/wp\/v2\/product_brand?post=1905"},{"taxonomy":"product_cat","embeddable":true,"href":"https:\/\/coccolatevi.it\/pl\/wp-json\/wp\/v2\/product_cat?post=1905"},{"taxonomy":"product_tag","embeddable":true,"href":"https:\/\/coccolatevi.it\/pl\/wp-json\/wp\/v2\/product_tag?post=1905"},{"taxonomy":"custom-fields-categoria","embeddable":true,"href":"https:\/\/coccolatevi.it\/pl\/wp-json\/wp\/v2\/custom-fields-categoria?post=1905"}],"curies":[{"name":"wp","href":"https:\/\/api.w.org\/{rel}","templated":true}]}}