{"id":1883,"date":"2025-07-28T21:17:12","date_gmt":"2025-07-28T21:17:12","guid":{"rendered":"https:\/\/coccolatevi.it\/?post_type=product&#038;p=1883"},"modified":"2026-04-02T18:46:28","modified_gmt":"2026-04-02T17:46:28","slug":"essenze","status":"publish","type":"product","link":"https:\/\/coccolatevi.it\/pl\/prodotto\/essenze\/","title":{"rendered":"Essence Cleaner"},"content":{"rendered":"<p><strong>Intensywny zapach, skuteczne oczyszczanie, d\u0142ugotrwa\u0142e dobre samopoczucie.<\/strong><br \/>\nLe <strong>Esencje rozpieszczaj\u0105ce<\/strong> to znacznie wi\u0119cej ni\u017c zwyk\u0142y detergent: zapewniaj\u0105 d\u0142ugotrwa\u0142y zapach w pokojach, szafkach, szufladach, zas\u0142onach, sofach, poduszkach, a nawet wn\u0119trzach samochod\u00f3w, jednocze\u015bnie dok\u0142adnie czyszcz\u0105c wszystkie twarde powierzchnie*. Prosty gest, kt\u00f3ry \u0142\u0105czy w sobie <strong>Czysto\u015b\u0107, \u015bwie\u017co\u015b\u0107 i atmosfera<\/strong>.<\/p>\n<p>&nbsp;<\/p>\n<p><strong>Poniewa\u017c je pokochasz<\/strong><\/p>\n<ul>\n<li><strong>Room Essence<\/strong>Doskona\u0142y dezodorant, kt\u00f3ry szybko eliminuje nieprzyjemne zapachy, zapewniaj\u0105c otulaj\u0105cy i trwa\u0142y zapach.<\/li>\n<li><strong>Perfumuje wszystkie tkaniny:<\/strong> Rozpyl go na zas\u0142ony, poduszki, sofy, a nawet bezpo\u015brednio na ubrania, aby uzyska\u0107 super pachn\u0105ce dzia\u0142anie antyzapachowe.<\/li>\n<li><strong>Uniwersalny \u015brodek czyszcz\u0105cy<\/strong>Dok\u0142adnie czy\u015bci twarde powierzchnie, pozostawiaj\u0105c niepowtarzalny zapach, kt\u00f3ry przekszta\u0142ca dom w przestrze\u0144 dobrego samopoczucia.<\/li>\n<li><strong>Dzia\u0142anie przeciwpy\u0142owe<\/strong>Dzi\u0119ki dzia\u0142aniu antystatycznemu usuwa kurz i spowalnia jego osadzanie.<\/li>\n<li><strong>Nowa, superzapachowa formu\u0142a<\/strong>Bardzo wysoka wydajno\u015b\u0107, wystarczy kilka oprysk\u00f3w, aby uzyska\u0107 niezwyk\u0142y efekt.<\/li>\n<\/ul>\n<p>&nbsp;<\/p>\n<p><strong>Gdzie ich u\u017cywa\u0107<\/strong><\/p>\n<ul>\n<li><strong>Strona g\u0142\u00f3wna<\/strong>na wszystkich twardych powierzchniach (*z wyj\u0105tkiem szk\u0142a) i na meblach.<\/li>\n<li><strong>\u015arodowiska<\/strong>Rozpyl go w ka\u017cdym pomieszczeniu, aby stworzy\u0107 super pachn\u0105c\u0105 oaz\u0119 wellness.<\/li>\n<li><strong>Przestrzenie osobiste<\/strong>szuflady, szafki i wn\u0119trza samochod\u00f3w.<\/li>\n<\/ul>\n<p>&nbsp;<\/p>\n<p><strong>Wynik<\/strong><\/p>\n<ul>\n<li><strong>Czysta i jasna powierzchnia<\/strong><br \/>\n<strong>Intensywny i trwa\u0142y zapach<\/strong><br \/>\n<strong>Przytulna i przyjemna atmosfera<\/strong><\/li>\n<\/ul>\n<p>&nbsp;<\/p>\n<p><strong>Rozpieszczaj si\u0119 esencjami oczyszczaj\u0105cymi<\/strong>Jeden produkt, kt\u00f3ry czy\u015bci, perfumuje i otula Twoj\u0105 przestrze\u0144 wyj\u0105tkowymi doznaniami sensorycznymi.<\/p>","protected":false},"excerpt":{"rendered":"<p>Perfumuje powietrze, od\u015bwie\u017ca tkaniny i czy\u015bci powierzchnie. Ka\u017cda kropla tworzy czyst\u0105, zadban\u0105 i pachn\u0105c\u0105 atmosfer\u0119.<\/p>","protected":false},"featured_media":1895,"comment_status":"open","ping_status":"closed","template":"","meta":[],"product_brand":[],"product_cat":[93],"product_tag":[],"custom-fields-categoria":[],"class_list":{"0":"post-1883","1":"product","2":"type-product","3":"status-publish","4":"has-post-thumbnail","6":"product_cat-prodotti","8":"first","9":"instock","10":"shipping-taxable","11":"purchasable","12":"product-type-variable","13":"has-default-attributes"},"_links":{"self":[{"href":"https:\/\/coccolatevi.it\/pl\/wp-json\/wp\/v2\/product\/1883","targetHints":{"allow":["GET"]}}],"collection":[{"href":"https:\/\/coccolatevi.it\/pl\/wp-json\/wp\/v2\/product"}],"about":[{"href":"https:\/\/coccolatevi.it\/pl\/wp-json\/wp\/v2\/types\/product"}],"replies":[{"embeddable":true,"href":"https:\/\/coccolatevi.it\/pl\/wp-json\/wp\/v2\/comments?post=1883"}],"wp:featuredmedia":[{"embeddable":true,"href":"https:\/\/coccolatevi.it\/pl\/wp-json\/wp\/v2\/media\/1895"}],"wp:attachment":[{"href":"https:\/\/coccolatevi.it\/pl\/wp-json\/wp\/v2\/media?parent=1883"}],"wp:term":[{"taxonomy":"product_brand","embeddable":true,"href":"https:\/\/coccolatevi.it\/pl\/wp-json\/wp\/v2\/product_brand?post=1883"},{"taxonomy":"product_cat","embeddable":true,"href":"https:\/\/coccolatevi.it\/pl\/wp-json\/wp\/v2\/product_cat?post=1883"},{"taxonomy":"product_tag","embeddable":true,"href":"https:\/\/coccolatevi.it\/pl\/wp-json\/wp\/v2\/product_tag?post=1883"},{"taxonomy":"custom-fields-categoria","embeddable":true,"href":"https:\/\/coccolatevi.it\/pl\/wp-json\/wp\/v2\/custom-fields-categoria?post=1883"}],"curies":[{"name":"wp","href":"https:\/\/api.w.org\/{rel}","templated":true}]}}