{"id":1872,"date":"2025-07-28T21:07:02","date_gmt":"2025-07-28T21:07:02","guid":{"rendered":"https:\/\/coccolatevi.it\/?post_type=product&#038;p=1872"},"modified":"2026-04-08T09:02:55","modified_gmt":"2026-04-08T08:02:55","slug":"sgrassatori","status":"publish","type":"product","link":"https:\/\/coccolatevi.it\/pl\/prodotto\/sgrassatori\/","title":{"rendered":"Odt\u0142uszczacz"},"content":{"rendered":"<p><strong>Skuteczny w usuwaniu t\u0142uszczu, delikatny dla powierzchni. Z technologi\u0105, kt\u00f3ra uwalnia \u015bwie\u017cy zapach przez d\u0142ugi czas.<\/strong><br \/>\nDzi\u0119ki\u2019<strong>wysokie st\u0119\u017cenie \u015brodk\u00f3w powierzchniowo czynnych<\/strong>, <strong>Odt\u0142uszczacz Cuddle<\/strong> rozpuszcza najbardziej uporczywe zabrudzenia i gwarantuje <strong>g\u0142\u0119bokie czyszczenie<\/strong> nawet na trudnych powierzchniach, takich jak okapy, meble i blaty kuchenne, pozostawiaj\u0105c <strong>d\u0142ugotrwa\u0142y zapach<\/strong>.<\/p>\n<h2><\/h2>\n<p><strong>Poniewa\u017c ci si\u0119 spodoba<\/strong><\/p>\n<ul>\n<li><strong>G\u0142\u0119bokie odt\u0142uszczanie<\/strong>Skutecznie usuwa uporczywe smary i oleje z ka\u017cdej powierzchni.<\/li>\n<li><strong>Wydajny i bezpieczny<\/strong>nadaje si\u0119 do powierzchni i <strong>tkaniny<\/strong>. Kompatybilny z <strong>farby, stal nierdzewna, tworzywa sztuczne, tekstylia i guma<\/strong>.<\/li>\n<li><strong>Wielo\u015brodowiskowo\u015b\u0107<\/strong>jeden produkt dla <strong>Dom, kuchnia, \u0142azienka, gara\u017c i elewacja domu, samoch\u00f3d i tekstylia<\/strong>.<\/li>\n<li><strong>Intensywny zapach<\/strong>dla otulaj\u0105cego uczucia dobrego samopoczucia, kt\u00f3re pozostaje po ka\u017cdym u\u017cyciu.<\/li>\n<\/ul>\n<h2><\/h2>\n<p><strong>Gdzie go u\u017cywa\u0107<\/strong><\/p>\n<ul>\n<li><strong>Powierzchnie kuchenne<\/strong>okapy, blaty robocze, drzwi i meble.<\/li>\n<li><strong>Uporczywy brud<\/strong>laminaty plastikowe, meble metalowe, <strong>anodowane aluminium<\/strong>, grzejniki, \u017caluzje.<\/li>\n<li><strong>Na zewn\u0105trz i silniki<\/strong>: plastikowe meble ogrodowe, <strong>cz\u0119\u015bci mechaniczne<\/strong> samochod\u00f3w, rower\u00f3w i motocykli.<\/li>\n<li><strong>Obr\u00f3bka wst\u0119pna materia\u0142u<\/strong>na t\u0142uste plamy przed praniem.<\/li>\n<\/ul>","protected":false},"excerpt":{"rendered":"<pre id=\"posted-message-container\" class=\"zcmsgcnt lazy-load lazy-load-lastmsg textL\" dir=\"auto\">Odt\u0142uszcza ka\u017cd\u0105 powierzchni\u0119, nawet pranie. \u015awie\u017cy zapach i intensywne dzia\u0142anie w kuchni, samochodzie, na zewn\u0105trz i w trudno dost\u0119pnych zakamarkach domu.<\/pre>","protected":false},"featured_media":1873,"comment_status":"open","ping_status":"closed","template":"","meta":[],"product_brand":[],"product_cat":[93],"product_tag":[],"custom-fields-categoria":[],"class_list":{"0":"post-1872","1":"product","2":"type-product","3":"status-publish","4":"has-post-thumbnail","6":"product_cat-prodotti","8":"first","9":"instock","10":"shipping-taxable","11":"purchasable","12":"product-type-variable"},"_links":{"self":[{"href":"https:\/\/coccolatevi.it\/pl\/wp-json\/wp\/v2\/product\/1872","targetHints":{"allow":["GET"]}}],"collection":[{"href":"https:\/\/coccolatevi.it\/pl\/wp-json\/wp\/v2\/product"}],"about":[{"href":"https:\/\/coccolatevi.it\/pl\/wp-json\/wp\/v2\/types\/product"}],"replies":[{"embeddable":true,"href":"https:\/\/coccolatevi.it\/pl\/wp-json\/wp\/v2\/comments?post=1872"}],"wp:featuredmedia":[{"embeddable":true,"href":"https:\/\/coccolatevi.it\/pl\/wp-json\/wp\/v2\/media\/1873"}],"wp:attachment":[{"href":"https:\/\/coccolatevi.it\/pl\/wp-json\/wp\/v2\/media?parent=1872"}],"wp:term":[{"taxonomy":"product_brand","embeddable":true,"href":"https:\/\/coccolatevi.it\/pl\/wp-json\/wp\/v2\/product_brand?post=1872"},{"taxonomy":"product_cat","embeddable":true,"href":"https:\/\/coccolatevi.it\/pl\/wp-json\/wp\/v2\/product_cat?post=1872"},{"taxonomy":"product_tag","embeddable":true,"href":"https:\/\/coccolatevi.it\/pl\/wp-json\/wp\/v2\/product_tag?post=1872"},{"taxonomy":"custom-fields-categoria","embeddable":true,"href":"https:\/\/coccolatevi.it\/pl\/wp-json\/wp\/v2\/custom-fields-categoria?post=1872"}],"curies":[{"name":"wp","href":"https:\/\/api.w.org\/{rel}","templated":true}]}}