{"id":1843,"date":"2025-07-28T20:55:33","date_gmt":"2025-07-28T20:55:33","guid":{"rendered":"https:\/\/coccolatevi.it\/?post_type=product&#038;p=1843"},"modified":"2026-04-04T01:46:11","modified_gmt":"2026-04-04T00:46:11","slug":"bloomalcool","status":"publish","type":"product","link":"https:\/\/coccolatevi.it\/pl\/prodotto\/bloomalcool\/","title":{"rendered":"Bloomalcool"},"content":{"rendered":"<p><span data-teams=\"true\"><strong>Skutecznie czy\u015bci i doskonale pachnie, zapewniaj\u0105c natychmiastowe uczucie dobrego samopoczucia.<\/strong><\/span><br \/>\n<strong>Rozpieszczaj si\u0119 Bloomalcool\u00a0<\/strong>to innowacyjny produkt, kt\u00f3ry zrewolucjonizuje spos\u00f3b czyszczenia. Jego skuteczna formu\u0142a z super-zapachowym alkoholem 60\u00b0 u\u017cywanym w perfumerii jest idealna do czyszczenia wszystkich powierzchni.<\/p>\n<p>&nbsp;<\/p>\n<p><strong>Poniewa\u017c ci si\u0119 spodoba<\/strong><\/p>\n<ul>\n<li><strong>Skuteczny i wszechstronny<\/strong>Pomaga skutecznie usuwa\u0107 brud, odciski palc\u00f3w, zarazki i bakterie na wszystkich powierzchniach.<\/li>\n<li><strong>Bez halo<\/strong>Szybko odparowuj\u0105ca formu\u0142a, idealna r\u00f3wnie\u017c do szk\u0142a i luster.<\/li>\n<li><strong>Otulaj\u0105cy zapach<\/strong>przyjemne i trwa\u0142e zapachy, kt\u00f3re pozostawiaj\u0105 dom \u015bwie\u017cy i super pachn\u0105cy na d\u0142u\u017cej.<\/li>\n<li><strong>Pro\u201c touch\u201d<\/strong>Doskona\u0142e wyko\u0144czenie w zaledwie kilku krokach.<\/li>\n<\/ul>\n<p>&nbsp;<\/p>\n<p><strong>Gdzie go u\u017cywa\u0107<\/strong><\/p>\n<p><strong>Szk\u0142o, lustra, stal, p\u0142ytki, blaty, uchwyty, prze\u0142\u0105czniki, lakierowane meble i powierzchnie \u0142azienkowe.<\/strong><br \/>\nIdealny, gdy zale\u017cy Ci na higienie, blasku i zapachu, kt\u00f3ry Ci\u0119 otula.<\/p>","protected":false},"excerpt":{"rendered":"<p>Detergent alkoholowy w temperaturze 60\u00b0: czy\u015bci, dezynfekuje i perfumuje. Szybkie dzia\u0142anie, intensywny zapach, natychmiastowe wysychanie.<\/p>","protected":false},"featured_media":1857,"comment_status":"open","ping_status":"closed","template":"","meta":[],"product_brand":[],"product_cat":[93],"product_tag":[],"custom-fields-categoria":[],"class_list":{"0":"post-1843","1":"product","2":"type-product","3":"status-publish","4":"has-post-thumbnail","6":"product_cat-prodotti","8":"first","9":"instock","10":"shipping-taxable","11":"purchasable","12":"product-type-variable","13":"has-default-attributes"},"_links":{"self":[{"href":"https:\/\/coccolatevi.it\/pl\/wp-json\/wp\/v2\/product\/1843","targetHints":{"allow":["GET"]}}],"collection":[{"href":"https:\/\/coccolatevi.it\/pl\/wp-json\/wp\/v2\/product"}],"about":[{"href":"https:\/\/coccolatevi.it\/pl\/wp-json\/wp\/v2\/types\/product"}],"replies":[{"embeddable":true,"href":"https:\/\/coccolatevi.it\/pl\/wp-json\/wp\/v2\/comments?post=1843"}],"wp:featuredmedia":[{"embeddable":true,"href":"https:\/\/coccolatevi.it\/pl\/wp-json\/wp\/v2\/media\/1857"}],"wp:attachment":[{"href":"https:\/\/coccolatevi.it\/pl\/wp-json\/wp\/v2\/media?parent=1843"}],"wp:term":[{"taxonomy":"product_brand","embeddable":true,"href":"https:\/\/coccolatevi.it\/pl\/wp-json\/wp\/v2\/product_brand?post=1843"},{"taxonomy":"product_cat","embeddable":true,"href":"https:\/\/coccolatevi.it\/pl\/wp-json\/wp\/v2\/product_cat?post=1843"},{"taxonomy":"product_tag","embeddable":true,"href":"https:\/\/coccolatevi.it\/pl\/wp-json\/wp\/v2\/product_tag?post=1843"},{"taxonomy":"custom-fields-categoria","embeddable":true,"href":"https:\/\/coccolatevi.it\/pl\/wp-json\/wp\/v2\/custom-fields-categoria?post=1843"}],"curies":[{"name":"wp","href":"https:\/\/api.w.org\/{rel}","templated":true}]}}