{"id":8417,"date":"2026-04-23T15:47:56","date_gmt":"2026-04-23T14:47:56","guid":{"rendered":"https:\/\/coccolatevi.it\/?post_type=product&#038;p=8417"},"modified":"2026-04-24T08:36:30","modified_gmt":"2026-04-24T07:36:30","slug":"profumorbido","status":"publish","type":"product","link":"https:\/\/coccolatevi.it\/fr\/prodotto\/profumorbido\/","title":{"rendered":"Perfumorbid"},"content":{"rendered":"<p>Prenez soin de vous PROFUMORBIDO est bien plus qu'un simple parfumeur : c'est une nouvelle exp\u00e9rience de blanchisserie, o\u00f9 le parfum est le protagoniste absolu.<\/p>\n<p>Sa formule hautement concentr\u00e9e lib\u00e8re un parfum intense, \u00e9l\u00e9gant et persistant, capable d'accompagner vos v\u00eatements pendant longtemps, m\u00eame apr\u00e8s plusieurs jours.<\/p>\n<p>Et ce n'est pas tout : gr\u00e2ce \u00e0 l'action adoucissante de la technologie INTENSE CARE, chaque fibre est choy\u00e9e en profondeur, pour un r\u00e9sultat qui allie parfum extraordinaire et douceur irr\u00e9sistible.<\/p>\n<p>&nbsp;<\/p>\n<p><strong>Pourquoi le choisir ?<\/strong><\/p>\n<p><strong>Parfum renforc\u00e9<br \/>\n<\/strong>Une concentration sup\u00e9rieure pour un parfum intense et durable<\/p>\n<p><strong>Effet de piste<br \/>\n<\/strong>L'odeur reste sur les tissus et est per\u00e7ue au fil du temps.<\/p>\n<p><strong>Douceur profonde<br \/>\n<\/strong>Action adoucissante avec la technologie INTENSE CARE<\/p>\n<p><strong>2 produits en 1<br \/>\n<\/strong>Parfum et adoucissant \u00e0 la fois<\/p>\n<p><strong>Exp\u00e9rience sensorielle compl\u00e8te<br \/>\n<\/strong>La lessive devient un moment de plaisir<\/p>\n<p>&nbsp;<\/p>\n<p><strong>Parce que vous l'aimerez<\/strong><\/p>\n<ul>\n<li>Un parfum qui se d\u00e9marque : il ne passe pas inaper\u00e7u<\/li>\n<li>Effet \u201cwow\u201d instantan\u00e9 : ouvrez l'armoire et vous le sentirez imm\u00e9diatement.<\/li>\n<li>Il dure vraiment : il ne dispara\u00eet pas au bout de quelques heures.<\/li>\n<li>Des v\u00eatements plus doux sans ajout de mati\u00e8re<\/li>\n<li>Fragrances choy\u00e9es : intenses, \u00e9l\u00e9gantes, reconnaissables<\/li>\n<\/ul>","protected":false},"excerpt":{"rendered":"<p>Un parfum et une douceur exacerb\u00e9s dans un seul produit : la lessive comme vous ne l'avez jamais ressentie auparavant.<\/p>","protected":false},"featured_media":8432,"comment_status":"closed","ping_status":"closed","template":"","meta":[],"product_brand":[],"product_cat":[93],"product_tag":[],"custom-fields-categoria":[],"class_list":{"0":"post-8417","1":"product","2":"type-product","3":"status-publish","4":"has-post-thumbnail","6":"product_cat-prodotti","8":"first","9":"instock","10":"shipping-taxable","11":"purchasable","12":"product-type-variable","13":"has-default-attributes"},"_links":{"self":[{"href":"https:\/\/coccolatevi.it\/fr\/wp-json\/wp\/v2\/product\/8417","targetHints":{"allow":["GET"]}}],"collection":[{"href":"https:\/\/coccolatevi.it\/fr\/wp-json\/wp\/v2\/product"}],"about":[{"href":"https:\/\/coccolatevi.it\/fr\/wp-json\/wp\/v2\/types\/product"}],"replies":[{"embeddable":true,"href":"https:\/\/coccolatevi.it\/fr\/wp-json\/wp\/v2\/comments?post=8417"}],"wp:featuredmedia":[{"embeddable":true,"href":"https:\/\/coccolatevi.it\/fr\/wp-json\/wp\/v2\/media\/8432"}],"wp:attachment":[{"href":"https:\/\/coccolatevi.it\/fr\/wp-json\/wp\/v2\/media?parent=8417"}],"wp:term":[{"taxonomy":"product_brand","embeddable":true,"href":"https:\/\/coccolatevi.it\/fr\/wp-json\/wp\/v2\/product_brand?post=8417"},{"taxonomy":"product_cat","embeddable":true,"href":"https:\/\/coccolatevi.it\/fr\/wp-json\/wp\/v2\/product_cat?post=8417"},{"taxonomy":"product_tag","embeddable":true,"href":"https:\/\/coccolatevi.it\/fr\/wp-json\/wp\/v2\/product_tag?post=8417"},{"taxonomy":"custom-fields-categoria","embeddable":true,"href":"https:\/\/coccolatevi.it\/fr\/wp-json\/wp\/v2\/custom-fields-categoria?post=8417"}],"curies":[{"name":"wp","href":"https:\/\/api.w.org\/{rel}","templated":true}]}}