{"id":7069,"date":"2026-03-23T17:13:13","date_gmt":"2026-03-23T16:13:13","guid":{"rendered":"https:\/\/coccolatevi.it\/?post_type=product&#038;p=7069"},"modified":"2026-05-06T15:06:54","modified_gmt":"2026-05-06T14:06:54","slug":"lavafast","status":"publish","type":"product","link":"https:\/\/coccolatevi.it\/fr\/prodotto\/lavafast\/","title":{"rendered":"Lavafast"},"content":{"rendered":"<p>Coccolatevi <strong>LAVAFAST<\/strong> transforme le lavage en un geste simple et rapide : le sachet innovant pour une lessive impeccable qui allie haute performance, praticit\u00e9 et un parfum enveloppant qui dure. 1 produit, 5 fonctions diff\u00e9rentes :<\/p>\n<p>&nbsp;<\/p>\n<ul>\n<li>Lessive haute performance<\/li>\n<li>Assouplissant pour v\u00eatements souples<\/li>\n<li>Parfum longue dur\u00e9e<\/li>\n<li>Protection des lave-linge avec des agents anticalcaires et assainissants<\/li>\n<li>Protecteur de couleur pour pr\u00e9server les tissus pendant le lavage<\/li>\n<\/ul>\n<p>&nbsp;<\/p>\n<p>1 sachet unidose en tissu aux couleurs vives contenant des produits pr\u00e9-m\u00e9lang\u00e9s et pr\u00e9-dos\u00e9s pour une lessive parfaite et sans d\u00e9chets.<\/p>\n<p>&nbsp;<\/p>\n<p>Efficace m\u00eame \u00e0 basse temp\u00e9rature, il simplifie chaque lavage avec un nettoyage en profondeur, z\u00e9ro d\u00e9chet et une commodit\u00e9 maximale, vous laissant plus de temps pour vous et moins pour les t\u00e2ches m\u00e9nag\u00e8res.<\/p>\n<p>&nbsp;<\/p>\n<p><strong>Pourquoi le choisir ?<\/strong><\/p>\n<ul>\n<li>Durabilit\u00e9 r\u00e9elle : mat\u00e9riaux respectueux de l'environnement, emballages sans plastique<\/li>\n<li>Commodit\u00e9 maximale : un seul geste, pas de mesure, pas de r\u00e9sidu<\/li>\n<li>Technologie textile fonctionnelle : le sachet agit comme un capteur de couleurs<\/li>\n<li>Convient \u00e0 tous les tissus et \u00e0 tous les cycles de lavage<\/li>\n<li>R\u00e9duction des d\u00e9chets : un dosage unique pr\u00e9cis, une performance constante<\/li>\n<\/ul>\n<p>&nbsp;<\/p>\n<p><strong>Parce que vous l'aimerez<\/strong><\/p>\n<p>&nbsp;<\/p>\n<p><strong>Plus de temps pour vous<\/strong>La rapidit\u00e9 est synonyme de plus de temps libre pour vous et de moins de temps consacr\u00e9 aux t\u00e2ches m\u00e9nag\u00e8res.<\/p>\n<p><strong>Z\u00e9ro erreur, efficacit\u00e9 maximale<\/strong>Vous n'avez pas besoin de mesurer ou de verser - un seul sachet et le tour est jou\u00e9.<\/p>\n<p><strong>Nettoyage en profondeur, m\u00eame \u00e0 basse temp\u00e9rature<\/strong>Efficace d\u00e8s 30\u00b0, il p\u00e9n\u00e8tre dans les fibres et aide \u00e0 \u00e9liminer les taches et les odeurs les plus difficiles.<\/p>\n<p><strong>Capture les couleurs dispers\u00e9es<\/strong>Il permet de conserver des couleurs vives et des blancs \u00e9clatants, lavage apr\u00e8s lavage.<\/p>\n<p><strong>Le parfum Cuddle qui fait la diff\u00e9rence<\/strong>un parfum extraordinaire et persistant qui dorlote vos v\u00eatements.<\/p>\n<p><strong>Douceur irr\u00e9sistible<\/strong>les tissus deviennent doux, agr\u00e9ables au toucher, comme une caresse sur la peau.<\/p>\n<p><strong>Finis les r\u00e9sidus et les mauvaises odeurs<\/strong>prot\u00e8ge le lave-linge et aide \u00e0 pr\u00e9venir le calcaire, pour des r\u00e9sultats impeccables \u00e0 chaque fois.<\/p>\n<p>&nbsp;<\/p>\n<p><strong>SACHET UNIDOSE<\/strong><\/p>\n<p><strong>Moins de d\u00e9chets, plus d'efficacit\u00e9<\/strong>Chaque sachet contient la quantit\u00e9 parfaite, ce qui \u00e9vite les exc\u00e8s et garantit des r\u00e9sultats constants.<\/p>\n<p><strong>Z\u00e9ro plastique<\/strong>des emballages et des sachets sans plastique, pour un choix plus conscient et durable.<\/p>\n<p><strong>Plus d'espace, moins d'encombrement<\/strong>un produit au lieu de cinq.<\/p>\n<p>&nbsp;<\/p>\n<p><strong>Une nouvelle routine simple<\/strong><\/p>\n<p>Avec LAVAFAST, la lessive devient rapide, intuitive et toujours parfaite. Moins de temps \u00e0 laver, plus de temps \u00e0 consacrer \u00e0 ce que vous aimez.<\/p>","protected":false},"excerpt":{"rendered":"<p>5 actions en un seul sachet : lave, prot\u00e8ge les couleurs, parfume, adoucit et prend soin de la machine \u00e0 laver. Plus de temps pour vous, un linge toujours parfait.<\/p>","protected":false},"featured_media":7178,"comment_status":"closed","ping_status":"closed","template":"","meta":[],"product_brand":[],"product_cat":[93],"product_tag":[],"custom-fields-categoria":[],"class_list":{"0":"post-7069","1":"product","2":"type-product","3":"status-publish","4":"has-post-thumbnail","6":"product_cat-prodotti","8":"first","9":"instock","10":"shipping-taxable","11":"purchasable","12":"product-type-variable","13":"has-default-attributes"},"_links":{"self":[{"href":"https:\/\/coccolatevi.it\/fr\/wp-json\/wp\/v2\/product\/7069","targetHints":{"allow":["GET"]}}],"collection":[{"href":"https:\/\/coccolatevi.it\/fr\/wp-json\/wp\/v2\/product"}],"about":[{"href":"https:\/\/coccolatevi.it\/fr\/wp-json\/wp\/v2\/types\/product"}],"replies":[{"embeddable":true,"href":"https:\/\/coccolatevi.it\/fr\/wp-json\/wp\/v2\/comments?post=7069"}],"wp:featuredmedia":[{"embeddable":true,"href":"https:\/\/coccolatevi.it\/fr\/wp-json\/wp\/v2\/media\/7178"}],"wp:attachment":[{"href":"https:\/\/coccolatevi.it\/fr\/wp-json\/wp\/v2\/media?parent=7069"}],"wp:term":[{"taxonomy":"product_brand","embeddable":true,"href":"https:\/\/coccolatevi.it\/fr\/wp-json\/wp\/v2\/product_brand?post=7069"},{"taxonomy":"product_cat","embeddable":true,"href":"https:\/\/coccolatevi.it\/fr\/wp-json\/wp\/v2\/product_cat?post=7069"},{"taxonomy":"product_tag","embeddable":true,"href":"https:\/\/coccolatevi.it\/fr\/wp-json\/wp\/v2\/product_tag?post=7069"},{"taxonomy":"custom-fields-categoria","embeddable":true,"href":"https:\/\/coccolatevi.it\/fr\/wp-json\/wp\/v2\/custom-fields-categoria?post=7069"}],"curies":[{"name":"wp","href":"https:\/\/api.w.org\/{rel}","templated":true}]}}