{"id":303,"date":"2025-07-04T10:44:21","date_gmt":"2025-07-04T10:44:21","guid":{"rendered":"https:\/\/coccolatevi.it\/?post_type=product&#038;p=303"},"modified":"2026-04-09T17:31:48","modified_gmt":"2026-04-09T16:31:48","slug":"ammorbidente","status":"publish","type":"product","link":"https:\/\/coccolatevi.it\/fr\/prodotto\/ammorbidente\/","title":{"rendered":"Assouplisseur de tissus"},"content":{"rendered":"<p>Enveloppez votre linge d'une caresse durable.<\/p>\n<p><strong>Le chouchoutage transforme chaque lavage en un moment de bien-\u00eatre :<\/strong> douceur et un parfum enveloppant qui restent au fil du temps, lavage apr\u00e8s lavage.<\/p>\n<p><strong>Parce que vous l'aimerez<\/strong><br \/>\n<strong>Parfum intense et durable :<\/strong> un nuage de fra\u00eecheur et de parfum qui reste plus longtemps sur les v\u00eatements, les draps et les serviettes.<br \/>\n<strong>Un parfum pour chaque humeur :<\/strong> Les notes compl\u00e8tes vont des notes florales et talqu\u00e9es aux notes ambr\u00e9es et bois\u00e9es, ce qui vous permet de choisir celle qui vous repr\u00e9sente le mieux.<br \/>\n<strong>Douceur c\u00e2line :<\/strong> sont plus doux, plus faciles \u00e0 repasser et agr\u00e9ables au toucher.<\/p>\n<p><strong>VERSION CONCENTR\u00c9E<\/strong><br \/>\n<strong>Choix durable :<\/strong> formule concentr\u00e9e, qui garantit moins de d\u00e9chets, moins de plastique, plus de respect pour l'environnement et plus de commodit\u00e9 pour vous.<\/p>\n<p>&nbsp;<\/p>\n<p><strong>Plusieurs parfums, un pour chaque humeur :<\/strong> choisissez le parfum qui refl\u00e8te le mieux votre humeur ou votre journ\u00e9e. Nous avons d\u00e9velopp\u00e9 une gamme de parfums con\u00e7us pour chaque humeur - floral, talqu\u00e9 et propre, agrumes et p\u00e9tillant, ambr\u00e9 et bois\u00e9.<\/p>\n<p><strong>Mix &amp; match Faites-vous plaisir : <\/strong>Combinez-le avec le d\u00e9tergent et le parfumeur pour la maison et le linge pour obtenir un parfum intense et persistant.<\/p>","protected":false},"excerpt":{"rendered":"<p>Extra-douceur, brillance unique et fra\u00eecheur qui dure des semaines. De nombreux parfums pour chaque humeur, id\u00e9al avec la lessive pour lave-linge et le parfum Cuddle.<\/p>","protected":false},"featured_media":304,"comment_status":"open","ping_status":"closed","template":"","meta":[],"product_brand":[],"product_cat":[93],"product_tag":[],"custom-fields-categoria":[],"class_list":{"0":"post-303","1":"product","2":"type-product","3":"status-publish","4":"has-post-thumbnail","6":"product_cat-prodotti","8":"first","9":"instock","10":"shipping-taxable","11":"purchasable","12":"product-type-variable","13":"has-default-attributes"},"_links":{"self":[{"href":"https:\/\/coccolatevi.it\/fr\/wp-json\/wp\/v2\/product\/303","targetHints":{"allow":["GET"]}}],"collection":[{"href":"https:\/\/coccolatevi.it\/fr\/wp-json\/wp\/v2\/product"}],"about":[{"href":"https:\/\/coccolatevi.it\/fr\/wp-json\/wp\/v2\/types\/product"}],"replies":[{"embeddable":true,"href":"https:\/\/coccolatevi.it\/fr\/wp-json\/wp\/v2\/comments?post=303"}],"wp:featuredmedia":[{"embeddable":true,"href":"https:\/\/coccolatevi.it\/fr\/wp-json\/wp\/v2\/media\/304"}],"wp:attachment":[{"href":"https:\/\/coccolatevi.it\/fr\/wp-json\/wp\/v2\/media?parent=303"}],"wp:term":[{"taxonomy":"product_brand","embeddable":true,"href":"https:\/\/coccolatevi.it\/fr\/wp-json\/wp\/v2\/product_brand?post=303"},{"taxonomy":"product_cat","embeddable":true,"href":"https:\/\/coccolatevi.it\/fr\/wp-json\/wp\/v2\/product_cat?post=303"},{"taxonomy":"product_tag","embeddable":true,"href":"https:\/\/coccolatevi.it\/fr\/wp-json\/wp\/v2\/product_tag?post=303"},{"taxonomy":"custom-fields-categoria","embeddable":true,"href":"https:\/\/coccolatevi.it\/fr\/wp-json\/wp\/v2\/custom-fields-categoria?post=303"}],"curies":[{"name":"wp","href":"https:\/\/api.w.org\/{rel}","templated":true}]}}