{"id":2062,"date":"2025-07-28T22:13:25","date_gmt":"2025-07-28T22:13:25","guid":{"rendered":"https:\/\/coccolatevi.it\/?post_type=product&#038;p=2062"},"modified":"2026-04-04T07:31:24","modified_gmt":"2026-04-04T06:31:24","slug":"detergenti","status":"publish","type":"product","link":"https:\/\/coccolatevi.it\/fr\/prodotto\/detergenti\/","title":{"rendered":"Nettoyant pour vitres"},"content":{"rendered":"<p><strong>Brillance parfaite, s\u00e9chage rapide, pas de halo.<\/strong><br \/>\n<strong>Chouchoutez-vous Nettoyant pour vitres<\/strong> a une <strong>formule innovante \u00e0 tr\u00e8s faible impact environnemental<\/strong>Id\u00e9al pour le verre et toutes les surfaces dures lavables, il laisse un brillant impeccable, \u00e9liminant toutes les traces en quelques instants.<\/p>\n<p><strong>Parce que vous l'aimerez<\/strong><\/p>\n<ul>\n<li><strong>Action super parfum\u00e9e<\/strong>lib\u00e8re un parfum intense et durable<\/li>\n<li><strong>Technologie z\u00e9ro halo<\/strong>Effet brillant, sans halo<\/li>\n<li><strong>S\u00e8che rapidement<\/strong>pour une utilisation plus intelligente et moins de temps pass\u00e9<\/li>\n<li><strong>Multi-surface<\/strong>parfait sur le verre, les miroirs, le cristal, l'acier inoxydable, les carreaux et les surfaces laqu\u00e9es.<\/li>\n<li><strong>Un choix plus durable<\/strong>avec un tr\u00e8s faible impact sur l'environnement et une performance efficace en quelques pulv\u00e9risations.<\/li>\n<\/ul>","protected":false},"excerpt":{"rendered":"<p>Brillance instantan\u00e9e et parfum longue dur\u00e9e, sans halo. Id\u00e9al pour le verre et les surfaces dures, m\u00eame \u00e0 la lumi\u00e8re du soleil.<\/p>","protected":false},"featured_media":2070,"comment_status":"open","ping_status":"closed","template":"","meta":[],"product_brand":[],"product_cat":[93],"product_tag":[],"custom-fields-categoria":[],"class_list":{"0":"post-2062","1":"product","2":"type-product","3":"status-publish","4":"has-post-thumbnail","6":"product_cat-prodotti","8":"first","9":"instock","10":"shipping-taxable","11":"purchasable","12":"product-type-variable","13":"has-default-attributes"},"_links":{"self":[{"href":"https:\/\/coccolatevi.it\/fr\/wp-json\/wp\/v2\/product\/2062","targetHints":{"allow":["GET"]}}],"collection":[{"href":"https:\/\/coccolatevi.it\/fr\/wp-json\/wp\/v2\/product"}],"about":[{"href":"https:\/\/coccolatevi.it\/fr\/wp-json\/wp\/v2\/types\/product"}],"replies":[{"embeddable":true,"href":"https:\/\/coccolatevi.it\/fr\/wp-json\/wp\/v2\/comments?post=2062"}],"wp:featuredmedia":[{"embeddable":true,"href":"https:\/\/coccolatevi.it\/fr\/wp-json\/wp\/v2\/media\/2070"}],"wp:attachment":[{"href":"https:\/\/coccolatevi.it\/fr\/wp-json\/wp\/v2\/media?parent=2062"}],"wp:term":[{"taxonomy":"product_brand","embeddable":true,"href":"https:\/\/coccolatevi.it\/fr\/wp-json\/wp\/v2\/product_brand?post=2062"},{"taxonomy":"product_cat","embeddable":true,"href":"https:\/\/coccolatevi.it\/fr\/wp-json\/wp\/v2\/product_cat?post=2062"},{"taxonomy":"product_tag","embeddable":true,"href":"https:\/\/coccolatevi.it\/fr\/wp-json\/wp\/v2\/product_tag?post=2062"},{"taxonomy":"custom-fields-categoria","embeddable":true,"href":"https:\/\/coccolatevi.it\/fr\/wp-json\/wp\/v2\/custom-fields-categoria?post=2062"}],"curies":[{"name":"wp","href":"https:\/\/api.w.org\/{rel}","templated":true}]}}