{"id":1993,"date":"2025-07-28T22:10:13","date_gmt":"2025-07-28T22:10:13","guid":{"rendered":"https:\/\/coccolatevi.it\/?post_type=product&#038;p=1993"},"modified":"2026-04-04T01:46:11","modified_gmt":"2026-04-04T00:46:11","slug":"profumatori","status":"publish","type":"product","link":"https:\/\/coccolatevi.it\/fr\/prodotto\/profumatori\/","title":{"rendered":"Parfumeur pour la maison et la blanchisserie"},"content":{"rendered":"<p>Un produit, mille fa\u00e7ons de se chouchouter. Pamper Yourself Home and Laundry Perfumer est le geste simple qui apporte bien-\u00eatre, parfum intense et durable et fra\u00eecheur \u00e0 tout ce que vous aimez : linge, surfaces et pi\u00e8ces.<\/p>\n<p><strong>Parce que vous l'aimerez<\/strong><\/p>\n<p><strong>Parfum intense sur le linge :<\/strong> dans la machine \u00e0 laver ou \u00e0 la main, enveloppe les v\u00eatements d'un parfum irr\u00e9sistible et durable.<\/p>\n<p><strong>Surfaces brillantes et parfum\u00e9es :<\/strong> Dilu\u00e9 dans l'eau, il nettoie les sols, le verre et les surfaces dures en les laissant brillants et parfum\u00e9s.<\/p>\n<p><strong>Des atmosph\u00e8res uniques dans la maison :<\/strong> Quelques gouttes dans un diffuseur ou utilis\u00e9es avec des b\u00e2tonnets et c'est imm\u00e9diatement une ambiance douillette et enveloppante.<\/p>\n<p><strong>Choix durable :<\/strong> est super concentr\u00e9, quelques gouttes suffisent pour un r\u00e9sultat extraordinaire. Un flacon, mille usages : moins de plastique, moins de d\u00e9chets, plus de respect pour l'environnement... et pour votre porte-monnaie.<\/p>\n<p><strong>Mix &amp; Match Faites-vous plaisir :<\/strong> Combinez-le avec l'assouplissant et le d\u00e9tergent pour un effet multisensoriel encore plus intense.<\/p>","protected":false},"excerpt":{"rendered":"<p>Il parfume le linge, nettoie les surfaces et enveloppe l'environnement. Polyvalent et super persistant.<\/p>","protected":false},"featured_media":2045,"comment_status":"open","ping_status":"closed","template":"","meta":[],"product_brand":[],"product_cat":[93],"product_tag":[],"custom-fields-categoria":[],"class_list":{"0":"post-1993","1":"product","2":"type-product","3":"status-publish","4":"has-post-thumbnail","6":"product_cat-prodotti","8":"first","9":"instock","10":"shipping-taxable","11":"purchasable","12":"product-type-variable"},"_links":{"self":[{"href":"https:\/\/coccolatevi.it\/fr\/wp-json\/wp\/v2\/product\/1993","targetHints":{"allow":["GET"]}}],"collection":[{"href":"https:\/\/coccolatevi.it\/fr\/wp-json\/wp\/v2\/product"}],"about":[{"href":"https:\/\/coccolatevi.it\/fr\/wp-json\/wp\/v2\/types\/product"}],"replies":[{"embeddable":true,"href":"https:\/\/coccolatevi.it\/fr\/wp-json\/wp\/v2\/comments?post=1993"}],"wp:featuredmedia":[{"embeddable":true,"href":"https:\/\/coccolatevi.it\/fr\/wp-json\/wp\/v2\/media\/2045"}],"wp:attachment":[{"href":"https:\/\/coccolatevi.it\/fr\/wp-json\/wp\/v2\/media?parent=1993"}],"wp:term":[{"taxonomy":"product_brand","embeddable":true,"href":"https:\/\/coccolatevi.it\/fr\/wp-json\/wp\/v2\/product_brand?post=1993"},{"taxonomy":"product_cat","embeddable":true,"href":"https:\/\/coccolatevi.it\/fr\/wp-json\/wp\/v2\/product_cat?post=1993"},{"taxonomy":"product_tag","embeddable":true,"href":"https:\/\/coccolatevi.it\/fr\/wp-json\/wp\/v2\/product_tag?post=1993"},{"taxonomy":"custom-fields-categoria","embeddable":true,"href":"https:\/\/coccolatevi.it\/fr\/wp-json\/wp\/v2\/custom-fields-categoria?post=1993"}],"curies":[{"name":"wp","href":"https:\/\/api.w.org\/{rel}","templated":true}]}}