{"id":1942,"date":"2025-07-28T21:49:08","date_gmt":"2025-07-28T21:49:08","guid":{"rendered":"https:\/\/coccolatevi.it\/?post_type=product&#038;p=1942"},"modified":"2026-04-10T17:40:24","modified_gmt":"2026-04-10T16:40:24","slug":"lavatrice","status":"publish","type":"product","link":"https:\/\/coccolatevi.it\/fr\/prodotto\/lavatrice\/","title":{"rendered":"D\u00e9tergent pour lave-linge"},"content":{"rendered":"<p>Nettoyage en profondeur, fra\u00eecheur irr\u00e9sistible, parfum longue dur\u00e9e.<\/p>\n<p>Coccolatevi Detersivo Lavatrice est un produit innovant qui nettoie et parfume le linge en profondeur : reconnu pour son efficacit\u00e9 m\u00eame \u00e0 froid, il rend chaque v\u00eatement agr\u00e9able \u00e0 porter, lavage apr\u00e8s lavage.<\/p>\n<p><strong>Parce que vous l'aimerez <\/strong><\/p>\n<p>\u2022 <strong>Nettoyage en profondeur :<\/strong> \u00e9limine la salet\u00e9 en profondeur, m\u00eame \u00e0 basse temp\u00e9rature.<\/p>\n<p>\u2022 <strong>Super parfum\u00e9 :<\/strong> Un parfum intense et enveloppant qui persiste sur les tissus, m\u00eame dans l'armoire.<\/p>\n<p>\u2022 <strong>Efficace sur tous les tissus :<\/strong> permet de conserver plus longtemps l'aspect neuf des v\u00eatements.<\/p>\n<p>\u2022 <strong>Un monde de parfums :<\/strong> disponible dans plus de six parfums exclusifs, pour chaque humeur et pr\u00e9f\u00e9rence olfactive.<\/p>\n<p>Il sent bon parce qu'il nettoie bien. Choisissez votre fragrance et transformez chaque lessive en un moment de bien-\u00eatre.<\/p>\n<p><strong>Mix &amp; Match Faites-vous plaisir : <\/strong>Combinez-le avec l'Assouplissant et le Parfum d'int\u00e9rieur et de lessive pour un effet multisensoriel encore plus intense.<\/p>","protected":false},"excerpt":{"rendered":"<p>Nettoyage en profondeur et parfum enveloppant d\u00e8s 30 \u00b0C. Prot\u00e8ge les couleurs et les tissus, id\u00e9al avec l'assouplissant et le parfumeur Chouchoutez-vous.<\/p>","protected":false},"featured_media":1969,"comment_status":"open","ping_status":"closed","template":"","meta":[],"product_brand":[],"product_cat":[93],"product_tag":[],"custom-fields-categoria":[],"class_list":{"0":"post-1942","1":"product","2":"type-product","3":"status-publish","4":"has-post-thumbnail","6":"product_cat-prodotti","8":"first","9":"instock","10":"shipping-taxable","11":"purchasable","12":"product-type-variable"},"_links":{"self":[{"href":"https:\/\/coccolatevi.it\/fr\/wp-json\/wp\/v2\/product\/1942","targetHints":{"allow":["GET"]}}],"collection":[{"href":"https:\/\/coccolatevi.it\/fr\/wp-json\/wp\/v2\/product"}],"about":[{"href":"https:\/\/coccolatevi.it\/fr\/wp-json\/wp\/v2\/types\/product"}],"replies":[{"embeddable":true,"href":"https:\/\/coccolatevi.it\/fr\/wp-json\/wp\/v2\/comments?post=1942"}],"wp:featuredmedia":[{"embeddable":true,"href":"https:\/\/coccolatevi.it\/fr\/wp-json\/wp\/v2\/media\/1969"}],"wp:attachment":[{"href":"https:\/\/coccolatevi.it\/fr\/wp-json\/wp\/v2\/media?parent=1942"}],"wp:term":[{"taxonomy":"product_brand","embeddable":true,"href":"https:\/\/coccolatevi.it\/fr\/wp-json\/wp\/v2\/product_brand?post=1942"},{"taxonomy":"product_cat","embeddable":true,"href":"https:\/\/coccolatevi.it\/fr\/wp-json\/wp\/v2\/product_cat?post=1942"},{"taxonomy":"product_tag","embeddable":true,"href":"https:\/\/coccolatevi.it\/fr\/wp-json\/wp\/v2\/product_tag?post=1942"},{"taxonomy":"custom-fields-categoria","embeddable":true,"href":"https:\/\/coccolatevi.it\/fr\/wp-json\/wp\/v2\/custom-fields-categoria?post=1942"}],"curies":[{"name":"wp","href":"https:\/\/api.w.org\/{rel}","templated":true}]}}