{"id":1934,"date":"2025-07-28T21:38:18","date_gmt":"2025-07-28T21:38:18","guid":{"rendered":"https:\/\/coccolatevi.it\/?post_type=product&#038;p=1934"},"modified":"2026-04-10T17:40:24","modified_gmt":"2026-04-10T16:40:24","slug":"anticalcare","status":"publish","type":"product","link":"https:\/\/coccolatevi.it\/fr\/prodotto\/anticalcare\/","title":{"rendered":"Antilimescale"},"content":{"rendered":"<p><strong>Brillance instantan\u00e9e, protection longue dur\u00e9e, parfum longue dur\u00e9e.<\/strong><br \/>\nGr\u00e2ce \u00e0 sa formule innovante et super parfum\u00e9e, Coccolatevi Anticalcare \u00e9limine rapidement le calcaire, les r\u00e9sidus de savon et les salissures tenaces, laissant les surfaces propres, lisses et agr\u00e9ablement parfum\u00e9es.<\/p>\n<p><strong>Parce que vous l'aimerez<\/strong><\/p>\n<ul>\n<li><strong>Une propret\u00e9 \u00e9tonnante<\/strong>Le calcaire se dissout en quelques secondes : essayez-le sur les robinets, l'acier et la c\u00e9ramique.<\/li>\n<li><strong>Action anti-calcaire<\/strong>Il \u00e9limine en profondeur et aide \u00e0 retarder la reformation des d\u00e9p\u00f4ts.<\/li>\n<li><strong>Finition brillante et sans halo<\/strong><\/li>\n<li><strong>Exp\u00e9rience sensorielle<\/strong>Avec son parfum longue dur\u00e9e, il fait de la routine de nettoyage un moment de bien-\u00eatre.<\/li>\n<\/ul>\n<p><strong>O\u00f9 l'utiliser<\/strong><\/p>\n<p><strong>Salle de bains et cuisine<\/strong>robinets, douches \u00e0 main, lavabos et sanitaires en c\u00e9ramique, plans et accessoires en acier inoxydable.<\/p>\n<p><strong>Conseils de compatibilit\u00e9<\/strong><\/p>\n<ul>\n<li>Evita <strong>marbre, pierre naturelle, surfaces peintes d\u00e9licates, laiton non trait\u00e9<\/strong> et mat\u00e9riaux <strong>sensible \u00e0 l'acide<\/strong>.<\/li>\n<li>Sur chrome et acier, <strong>ne pas le laisser trop longtemps<\/strong> et rincez toujours.<\/li>\n<li>Essayez d'abord dans un endroit cach\u00e9. Utilisez des gants et ventilez l'environnement.<\/li>\n<\/ul>\n<p><strong>Prenez soin de vous Anti-\u00e9chelle<\/strong>la solution qui <strong>nettoie, prot\u00e8ge et parfume<\/strong>lustrer les surfaces plus longtemps, avec le toucher sensoriel que vous aimez.<\/p>","protected":false},"excerpt":{"rendered":"<p>Nettoie, pr\u00e9vient le calcaire et fait briller la salle de bains. Rin\u00e7age facile et parfum persistant.<\/p>","protected":false},"featured_media":1941,"comment_status":"open","ping_status":"closed","template":"","meta":[],"product_brand":[],"product_cat":[93],"product_tag":[],"custom-fields-categoria":[],"class_list":{"0":"post-1934","1":"product","2":"type-product","3":"status-publish","4":"has-post-thumbnail","6":"product_cat-prodotti","8":"first","9":"instock","10":"shipping-taxable","11":"purchasable","12":"product-type-variable","13":"has-default-attributes"},"_links":{"self":[{"href":"https:\/\/coccolatevi.it\/fr\/wp-json\/wp\/v2\/product\/1934","targetHints":{"allow":["GET"]}}],"collection":[{"href":"https:\/\/coccolatevi.it\/fr\/wp-json\/wp\/v2\/product"}],"about":[{"href":"https:\/\/coccolatevi.it\/fr\/wp-json\/wp\/v2\/types\/product"}],"replies":[{"embeddable":true,"href":"https:\/\/coccolatevi.it\/fr\/wp-json\/wp\/v2\/comments?post=1934"}],"wp:featuredmedia":[{"embeddable":true,"href":"https:\/\/coccolatevi.it\/fr\/wp-json\/wp\/v2\/media\/1941"}],"wp:attachment":[{"href":"https:\/\/coccolatevi.it\/fr\/wp-json\/wp\/v2\/media?parent=1934"}],"wp:term":[{"taxonomy":"product_brand","embeddable":true,"href":"https:\/\/coccolatevi.it\/fr\/wp-json\/wp\/v2\/product_brand?post=1934"},{"taxonomy":"product_cat","embeddable":true,"href":"https:\/\/coccolatevi.it\/fr\/wp-json\/wp\/v2\/product_cat?post=1934"},{"taxonomy":"product_tag","embeddable":true,"href":"https:\/\/coccolatevi.it\/fr\/wp-json\/wp\/v2\/product_tag?post=1934"},{"taxonomy":"custom-fields-categoria","embeddable":true,"href":"https:\/\/coccolatevi.it\/fr\/wp-json\/wp\/v2\/custom-fields-categoria?post=1934"}],"curies":[{"name":"wp","href":"https:\/\/api.w.org\/{rel}","templated":true}]}}