{"id":1912,"date":"2025-07-28T21:32:45","date_gmt":"2025-07-28T21:32:45","guid":{"rendered":"https:\/\/coccolatevi.it\/?post_type=product&#038;p=1912"},"modified":"2026-04-02T16:15:13","modified_gmt":"2026-04-02T15:15:13","slug":"deo-10-in-1","status":"publish","type":"product","link":"https:\/\/coccolatevi.it\/fr\/prodotto\/deo-10-in-1\/","title":{"rendered":"Deo 10 in 1 Sanitiser"},"content":{"rendered":"<p><strong>DEO HYGIENIZER 10 en 1<\/strong><\/p>\n<p><strong>Il neutralise les odeurs, assainit et parfume durablement.<\/strong><br \/>\n<strong>Pamper Yourself Deo Sanitiser 10 en 1<\/strong> est un produit innovant dot\u00e9 d'une technologie de pointe qui permet d'utiliser un produit pour mille usages. D\u00e9tergent efficace multi-surfaces et d\u00e9sodorisant incroyable pour les pi\u00e8ces et les tissus, en un seul geste : il \u00e9limine les mauvaises odeurs (m\u00eame les plus tenaces), aide \u00e0 assainir et laisse un parfum de fra\u00eecheur et de fra\u00eecheur. <strong>parfum exclusif<\/strong> intense et durable.<\/p>\n<p><strong>Parce que vous l'aimerez<\/strong><\/p>\n<ul>\n<li><strong>D\u00e9sodorisant pour tissus<\/strong>parfait sur les rideaux, les canap\u00e9s, les tapis et les meubles.<\/li>\n<li><strong>Chaussures et sports<\/strong>neutralise les odeurs des chaussures de sport et des tissus techniques.<\/li>\n<li><strong>D\u00e9sodorisant<\/strong>Une seule pulv\u00e9risation et la maison est imm\u00e9diatement plus fra\u00eeche.<\/li>\n<li><strong>Voiture impeccable<\/strong>Pulv\u00e9ris\u00e9 dans l'habitacle, il permet d'assainir les si\u00e8ges en tissu et d'\u00e9liminer les odeurs, y compris celles de la fum\u00e9e.<\/li>\n<li><strong>Acceptation des animaux domestiques<\/strong>\u00e9limine toutes les odeurs laiss\u00e9es par les animaux domestiques.<\/li>\n<li><strong>Surfaces dures<\/strong>nettoie et rafra\u00eechit les surfaces, les poign\u00e9es, les articles sanitaires et les surfaces lavables.<\/li>\n<li><strong>Armoires et tiroirs<\/strong>une bouff\u00e9e de parfum qui dure longtemps.<\/li>\n<li><strong>Anti-odeur rapide<\/strong>une technologie de neutralisation qui agit instantan\u00e9ment.<\/li>\n<li><strong>Utilisation quotidienne<\/strong>id\u00e9al pour les retouches entre les lavages.<\/li>\n<li><strong>Parfums exclusifs<\/strong>signature olfactive qui demeure, sans \u00eatre intrusive.<\/li>\n<\/ul>\n<p><strong>Recommandations d'utilisation<\/strong><\/p>\n<ul>\n<li>Essayez toujours \u00e0 l'abri des regards sur les tissus d\u00e9licats ou extensibles.<\/li>\n<li>\u00c9vitez le cuir, la soie, le velours fin, les \u00e9crans et le bois non trait\u00e9.<\/li>\n<li>Sur les surfaces en contact avec les aliments, rincer apr\u00e8s utilisation.<\/li>\n<\/ul>\n<p><strong>Pamper Yourself Deo Sanitiser 10 en 1<\/strong>, la solution compl\u00e8te qui assainit et \u00e9limine les odeurs tout en enveloppant votre espace de parfums exclusifs avec la senteur la plus intense et la plus durable.<\/p>","protected":false},"excerpt":{"rendered":"<p>Assainit, parfume et d\u00e9sodorise les tissus, les pi\u00e8ces et les surfaces. Fra\u00eecheur instantan\u00e9e, partout. Sauf sur le verre !<\/p>","protected":false},"featured_media":1925,"comment_status":"open","ping_status":"closed","template":"","meta":[],"product_brand":[],"product_cat":[93],"product_tag":[],"custom-fields-categoria":[],"class_list":{"0":"post-1912","1":"product","2":"type-product","3":"status-publish","4":"has-post-thumbnail","6":"product_cat-prodotti","8":"first","9":"instock","10":"shipping-taxable","11":"purchasable","12":"product-type-variable","13":"has-default-attributes"},"_links":{"self":[{"href":"https:\/\/coccolatevi.it\/fr\/wp-json\/wp\/v2\/product\/1912","targetHints":{"allow":["GET"]}}],"collection":[{"href":"https:\/\/coccolatevi.it\/fr\/wp-json\/wp\/v2\/product"}],"about":[{"href":"https:\/\/coccolatevi.it\/fr\/wp-json\/wp\/v2\/types\/product"}],"replies":[{"embeddable":true,"href":"https:\/\/coccolatevi.it\/fr\/wp-json\/wp\/v2\/comments?post=1912"}],"wp:featuredmedia":[{"embeddable":true,"href":"https:\/\/coccolatevi.it\/fr\/wp-json\/wp\/v2\/media\/1925"}],"wp:attachment":[{"href":"https:\/\/coccolatevi.it\/fr\/wp-json\/wp\/v2\/media?parent=1912"}],"wp:term":[{"taxonomy":"product_brand","embeddable":true,"href":"https:\/\/coccolatevi.it\/fr\/wp-json\/wp\/v2\/product_brand?post=1912"},{"taxonomy":"product_cat","embeddable":true,"href":"https:\/\/coccolatevi.it\/fr\/wp-json\/wp\/v2\/product_cat?post=1912"},{"taxonomy":"product_tag","embeddable":true,"href":"https:\/\/coccolatevi.it\/fr\/wp-json\/wp\/v2\/product_tag?post=1912"},{"taxonomy":"custom-fields-categoria","embeddable":true,"href":"https:\/\/coccolatevi.it\/fr\/wp-json\/wp\/v2\/custom-fields-categoria?post=1912"}],"curies":[{"name":"wp","href":"https:\/\/api.w.org\/{rel}","templated":true}]}}