{"id":1905,"date":"2025-07-28T21:23:43","date_gmt":"2025-07-28T21:23:43","guid":{"rendered":"https:\/\/coccolatevi.it\/?post_type=product&#038;p=1905"},"modified":"2026-04-15T16:56:21","modified_gmt":"2026-04-15T15:56:21","slug":"cura-lavatrice","status":"publish","type":"product","link":"https:\/\/coccolatevi.it\/fr\/prodotto\/cura-lavatrice\/","title":{"rendered":"Entretien du lave-linge"},"content":{"rendered":"<p><strong>ENTRETIEN DE LA MACHINE \u00c0 LAVER<\/strong> \u00e9limine la salet\u00e9 et les r\u00e9sidus de savon,<\/p>\n<p>Le calcaire et les odeurs d\u00e9sagr\u00e9ables sont \u00e9limin\u00e9s, de m\u00eame que les germes et les bact\u00e9ries, ce qui garantit un environnement sain.<\/p>\n<p>une machine \u00e0 laver propre et d\u00e9sinfect\u00e9e.<\/p>\n<p>Utilis\u00e9 une fois par mois, il prot\u00e8ge les pi\u00e8ces vitales du lave-linge et optimise son efficacit\u00e9.<\/p>\n<p>de d\u00e9tergent. Garantit une sensation de fra\u00eecheur suppl\u00e9mentaire tout au long de la machine \u00e0 laver.<\/p>\n<p><strong>Parce que vous allez l'adorer : <\/strong><\/p>\n<p>\u2022 <strong>Nettoyage en profondeur :<\/strong> nettoie en profondeur le panier et les parties internes.<\/p>\n<p>\u2022<strong> Anti-calcaire :<\/strong> lutte contre les d\u00e9p\u00f4ts et prot\u00e8ge les composants vitaux du lave-linge.<\/p>\n<p><strong>- Prot\u00e8ge et pr\u00e9serve :<\/strong> utilis\u00e9 une fois par mois, il maintient l'appareil en parfait \u00e9tat plus longtemps. - Parfume et assainit : \u00e9limine les mauvaises odeurs et procure une sensation de fra\u00eecheur suppl\u00e9mentaire dans tout le lave-linge.<\/p>\n<p>\u2022<strong> L'alli\u00e9 indispensable :<\/strong> Avec Pamper yourself Washing Machine Care, vous disposez d'un alli\u00e9 qui prolonge la dur\u00e9e de vie de votre appareil, optimise l'efficacit\u00e9 de la lessive et rend chaque lavage plus frais, plus propre et plus agr\u00e9able \u00e0 porter.<\/p>","protected":false},"excerpt":{"rendered":"<p>\u00c9limine la salet\u00e9, le calcaire et les odeurs. Prot\u00e8ge le lave-linge et laisse un parfum intense lavage apr\u00e8s lavage.<\/p>","protected":false},"featured_media":1910,"comment_status":"open","ping_status":"closed","template":"","meta":[],"product_brand":[],"product_cat":[93],"product_tag":[],"custom-fields-categoria":[],"class_list":{"0":"post-1905","1":"product","2":"type-product","3":"status-publish","4":"has-post-thumbnail","6":"product_cat-prodotti","8":"first","9":"instock","10":"shipping-taxable","11":"purchasable","12":"product-type-variable","13":"has-default-attributes"},"_links":{"self":[{"href":"https:\/\/coccolatevi.it\/fr\/wp-json\/wp\/v2\/product\/1905","targetHints":{"allow":["GET"]}}],"collection":[{"href":"https:\/\/coccolatevi.it\/fr\/wp-json\/wp\/v2\/product"}],"about":[{"href":"https:\/\/coccolatevi.it\/fr\/wp-json\/wp\/v2\/types\/product"}],"replies":[{"embeddable":true,"href":"https:\/\/coccolatevi.it\/fr\/wp-json\/wp\/v2\/comments?post=1905"}],"wp:featuredmedia":[{"embeddable":true,"href":"https:\/\/coccolatevi.it\/fr\/wp-json\/wp\/v2\/media\/1910"}],"wp:attachment":[{"href":"https:\/\/coccolatevi.it\/fr\/wp-json\/wp\/v2\/media?parent=1905"}],"wp:term":[{"taxonomy":"product_brand","embeddable":true,"href":"https:\/\/coccolatevi.it\/fr\/wp-json\/wp\/v2\/product_brand?post=1905"},{"taxonomy":"product_cat","embeddable":true,"href":"https:\/\/coccolatevi.it\/fr\/wp-json\/wp\/v2\/product_cat?post=1905"},{"taxonomy":"product_tag","embeddable":true,"href":"https:\/\/coccolatevi.it\/fr\/wp-json\/wp\/v2\/product_tag?post=1905"},{"taxonomy":"custom-fields-categoria","embeddable":true,"href":"https:\/\/coccolatevi.it\/fr\/wp-json\/wp\/v2\/custom-fields-categoria?post=1905"}],"curies":[{"name":"wp","href":"https:\/\/api.w.org\/{rel}","templated":true}]}}