{"id":1883,"date":"2025-07-28T21:17:12","date_gmt":"2025-07-28T21:17:12","guid":{"rendered":"https:\/\/coccolatevi.it\/?post_type=product&#038;p=1883"},"modified":"2026-04-02T18:46:28","modified_gmt":"2026-04-02T17:46:28","slug":"essenze","status":"publish","type":"product","link":"https:\/\/coccolatevi.it\/fr\/prodotto\/essenze\/","title":{"rendered":"Nettoyeur d'essences"},"content":{"rendered":"<p><strong>Un parfum intense, un nettoyage efficace, un bien-\u00eatre qui dure.<\/strong><br \/>\nLe <strong>Essences de g\u00e2terie<\/strong> sont bien plus qu'un simple d\u00e9tergent : ils parfument durablement les pi\u00e8ces, les armoires, les tiroirs, les rideaux, les canap\u00e9s, les coussins et m\u00eame l'int\u00e9rieur des voitures, tout en nettoyant en profondeur toutes les surfaces dures*. Un geste simple qui allie <strong>la propret\u00e9, la fra\u00eecheur et l'atmosph\u00e8re<\/strong>.<\/p>\n<p>&nbsp;<\/p>\n<p><strong>Parce que vous les aimerez<\/strong><\/p>\n<ul>\n<li><strong>Essence de chambre<\/strong>un excellent d\u00e9odorant qui \u00e9limine rapidement les odeurs d\u00e9sagr\u00e9ables et procure un parfum enveloppant et persistant.<\/li>\n<li><strong>Il parfume tous les tissus :<\/strong> vaporiser sur les rideaux, les coussins, les canap\u00e9s ou m\u00eame directement sur les v\u00eatements pour une action anti-odeur super odorante<\/li>\n<li><strong>Nettoyant polyvalent<\/strong>Il nettoie en profondeur les surfaces dures et laisse un parfum incomparable qui transforme la maison en un espace de bien-\u00eatre.<\/li>\n<li><strong>Action anti-poussi\u00e8re<\/strong>gr\u00e2ce \u00e0 son effet antistatique, il \u00e9limine la poussi\u00e8re et ralentit son d\u00e9p\u00f4t.<\/li>\n<li><strong>Nouvelle formule super parfum\u00e9e<\/strong>rendement tr\u00e8s \u00e9lev\u00e9, quelques pulv\u00e9risations suffisent pour obtenir un r\u00e9sultat extraordinaire.<\/li>\n<\/ul>\n<p>&nbsp;<\/p>\n<p><strong>O\u00f9 les utiliser<\/strong><\/p>\n<ul>\n<li><strong>Accueil<\/strong>sur toutes les surfaces dures (*\u00e0 l'exception du verre) et sur les meubles.<\/li>\n<li><strong>Environnements<\/strong>Vaporisez-le dans chaque pi\u00e8ce pour cr\u00e9er une oasis de bien-\u00eatre super parfum\u00e9e.<\/li>\n<li><strong>Espaces personnels<\/strong>tiroirs, armoires et int\u00e9rieurs de voitures.<\/li>\n<\/ul>\n<p>&nbsp;<\/p>\n<p><strong>R\u00e9sultat<\/strong><\/p>\n<ul>\n<li><strong>Surface propre et brillante<\/strong><br \/>\n<strong>Parfum intense et persistant<\/strong><br \/>\n<strong>Ambiance chaleureuse et agr\u00e9able<\/strong><\/li>\n<\/ul>\n<p>&nbsp;<\/p>\n<p><strong>Chouchoutez-vous Essences nettoyantes<\/strong>un seul produit qui nettoie, parfume et enveloppe votre espace d'une exp\u00e9rience sensorielle unique.<\/p>","protected":false},"excerpt":{"rendered":"<p>Il parfume l'air, rafra\u00eechit les tissus et nettoie les surfaces. Chaque goutte cr\u00e9e une atmosph\u00e8re propre, soign\u00e9e et parfum\u00e9e.<\/p>","protected":false},"featured_media":1895,"comment_status":"open","ping_status":"closed","template":"","meta":[],"product_brand":[],"product_cat":[93],"product_tag":[],"custom-fields-categoria":[],"class_list":{"0":"post-1883","1":"product","2":"type-product","3":"status-publish","4":"has-post-thumbnail","6":"product_cat-prodotti","8":"first","9":"instock","10":"shipping-taxable","11":"purchasable","12":"product-type-variable","13":"has-default-attributes"},"_links":{"self":[{"href":"https:\/\/coccolatevi.it\/fr\/wp-json\/wp\/v2\/product\/1883","targetHints":{"allow":["GET"]}}],"collection":[{"href":"https:\/\/coccolatevi.it\/fr\/wp-json\/wp\/v2\/product"}],"about":[{"href":"https:\/\/coccolatevi.it\/fr\/wp-json\/wp\/v2\/types\/product"}],"replies":[{"embeddable":true,"href":"https:\/\/coccolatevi.it\/fr\/wp-json\/wp\/v2\/comments?post=1883"}],"wp:featuredmedia":[{"embeddable":true,"href":"https:\/\/coccolatevi.it\/fr\/wp-json\/wp\/v2\/media\/1895"}],"wp:attachment":[{"href":"https:\/\/coccolatevi.it\/fr\/wp-json\/wp\/v2\/media?parent=1883"}],"wp:term":[{"taxonomy":"product_brand","embeddable":true,"href":"https:\/\/coccolatevi.it\/fr\/wp-json\/wp\/v2\/product_brand?post=1883"},{"taxonomy":"product_cat","embeddable":true,"href":"https:\/\/coccolatevi.it\/fr\/wp-json\/wp\/v2\/product_cat?post=1883"},{"taxonomy":"product_tag","embeddable":true,"href":"https:\/\/coccolatevi.it\/fr\/wp-json\/wp\/v2\/product_tag?post=1883"},{"taxonomy":"custom-fields-categoria","embeddable":true,"href":"https:\/\/coccolatevi.it\/fr\/wp-json\/wp\/v2\/custom-fields-categoria?post=1883"}],"curies":[{"name":"wp","href":"https:\/\/api.w.org\/{rel}","templated":true}]}}