{"id":1872,"date":"2025-07-28T21:07:02","date_gmt":"2025-07-28T21:07:02","guid":{"rendered":"https:\/\/coccolatevi.it\/?post_type=product&#038;p=1872"},"modified":"2026-04-08T09:02:55","modified_gmt":"2026-04-08T08:02:55","slug":"sgrassatori","status":"publish","type":"product","link":"https:\/\/coccolatevi.it\/fr\/prodotto\/sgrassatori\/","title":{"rendered":"D\u00e9graissant"},"content":{"rendered":"<p><strong>Puissant sur les graisses, doux sur les surfaces. Avec une technologie qui lib\u00e8re un parfum frais pendant longtemps.<\/strong><br \/>\nGr\u00e2ce \u00e0 la\u2019<strong>concentration \u00e9lev\u00e9e d'agents de surface<\/strong>, <strong>D\u00e9graissant pour c\u00e2lins<\/strong> dissout les salet\u00e9s les plus tenaces et garantit un nettoyage en profondeur. <strong>nettoyage en profondeur<\/strong> m\u00eame sur les surfaces difficiles telles que les hottes de cuisine, les meubles et les plans de travail. <strong>parfum longue dur\u00e9e<\/strong>.<\/p>\n<h2><\/h2>\n<p><strong>Parce que vous l'aimerez<\/strong><\/p>\n<ul>\n<li><strong>D\u00e9graissage en profondeur<\/strong>\u00e9limine efficacement les graisses et les huiles tenaces sur toutes les surfaces.<\/li>\n<li><strong>Puissant et s\u00fbr<\/strong>Les produits de la cat\u00e9gorie \"produits d'entretien\" sont les suivants : ils conviennent aux surfaces et aux produits d'entretien. <strong>tissus<\/strong>. Compatible avec <strong>peinture, acier inoxydable, plastique, textiles et caoutchouc<\/strong>.<\/li>\n<li><strong>Multi-environnement<\/strong>un produit pour <strong>Maison, cuisine, salle de bain, garage et ext\u00e9rieur de la maison, voiture et textiles<\/strong>.<\/li>\n<li><strong>Parfum intense<\/strong>pour une sensation de bien-\u00eatre enveloppante qui persiste apr\u00e8s chaque utilisation.<\/li>\n<\/ul>\n<h2><\/h2>\n<p><strong>O\u00f9 l'utiliser<\/strong><\/p>\n<ul>\n<li><strong>Surfaces de cuisine<\/strong>les hottes, les plans de travail, les portes et les meubles.<\/li>\n<li><strong>Salet\u00e9 tenace<\/strong>les stratifi\u00e9s en plastique, les meubles en m\u00e9tal, <strong>aluminium anodis\u00e9<\/strong>, radiateurs, volets.<\/li>\n<li><strong>Ext\u00e9rieur et moteurs<\/strong>: meubles de jardin en plastique, <strong>pi\u00e8ces m\u00e9caniques<\/strong> de voitures, de v\u00e9los et de motos.<\/li>\n<li><strong>Pr\u00e9traitement des tissus<\/strong>sur les taches de graisse avant le lavage.<\/li>\n<\/ul>","protected":false},"excerpt":{"rendered":"<pre id=\"posted-message-container\" class=\"zcmsgcnt lazy-load lazy-load-lastmsg textL\" dir=\"auto\">Pouvoir d\u00e9graissant sur toutes les surfaces, m\u00eame la lessive. Parfum frais et action intense pour la cuisine, la voiture, l'ext\u00e9rieur et les recoins difficiles de la maison.<\/pre>","protected":false},"featured_media":1873,"comment_status":"open","ping_status":"closed","template":"","meta":[],"product_brand":[],"product_cat":[93],"product_tag":[],"custom-fields-categoria":[],"class_list":{"0":"post-1872","1":"product","2":"type-product","3":"status-publish","4":"has-post-thumbnail","6":"product_cat-prodotti","8":"first","9":"instock","10":"shipping-taxable","11":"purchasable","12":"product-type-variable"},"_links":{"self":[{"href":"https:\/\/coccolatevi.it\/fr\/wp-json\/wp\/v2\/product\/1872","targetHints":{"allow":["GET"]}}],"collection":[{"href":"https:\/\/coccolatevi.it\/fr\/wp-json\/wp\/v2\/product"}],"about":[{"href":"https:\/\/coccolatevi.it\/fr\/wp-json\/wp\/v2\/types\/product"}],"replies":[{"embeddable":true,"href":"https:\/\/coccolatevi.it\/fr\/wp-json\/wp\/v2\/comments?post=1872"}],"wp:featuredmedia":[{"embeddable":true,"href":"https:\/\/coccolatevi.it\/fr\/wp-json\/wp\/v2\/media\/1873"}],"wp:attachment":[{"href":"https:\/\/coccolatevi.it\/fr\/wp-json\/wp\/v2\/media?parent=1872"}],"wp:term":[{"taxonomy":"product_brand","embeddable":true,"href":"https:\/\/coccolatevi.it\/fr\/wp-json\/wp\/v2\/product_brand?post=1872"},{"taxonomy":"product_cat","embeddable":true,"href":"https:\/\/coccolatevi.it\/fr\/wp-json\/wp\/v2\/product_cat?post=1872"},{"taxonomy":"product_tag","embeddable":true,"href":"https:\/\/coccolatevi.it\/fr\/wp-json\/wp\/v2\/product_tag?post=1872"},{"taxonomy":"custom-fields-categoria","embeddable":true,"href":"https:\/\/coccolatevi.it\/fr\/wp-json\/wp\/v2\/custom-fields-categoria?post=1872"}],"curies":[{"name":"wp","href":"https:\/\/api.w.org\/{rel}","templated":true}]}}