{"id":1843,"date":"2025-07-28T20:55:33","date_gmt":"2025-07-28T20:55:33","guid":{"rendered":"https:\/\/coccolatevi.it\/?post_type=product&#038;p=1843"},"modified":"2026-04-04T07:47:19","modified_gmt":"2026-04-04T06:47:19","slug":"bloomalcool","status":"publish","type":"product","link":"https:\/\/coccolatevi.it\/fr\/prodotto\/bloomalcool\/","title":{"rendered":"Bloomalcool"},"content":{"rendered":"<p><span data-teams=\"true\"><strong>Efficacement propre et superbement parfum\u00e9 pour une sensation imm\u00e9diate de bien-\u00eatre.<\/strong><\/span><br \/>\n<strong>Faites-vous plaisir Bloomalcool\u00a0<\/strong>est un produit innovant qui va r\u00e9volutionner votre fa\u00e7on de nettoyer. Sa formule efficace \u00e0 base d'alcool 60\u00b0 super parfum\u00e9 utilis\u00e9 en parfumerie est id\u00e9ale pour nettoyer toutes les surfaces.<\/p>\n<p>&nbsp;<\/p>\n<p><strong>Parce que vous l'aimerez<\/strong><\/p>\n<ul>\n<li><strong>Efficace et polyvalent<\/strong>: permet d'\u00e9liminer efficacement la salet\u00e9, les empreintes digitales, les germes et les bact\u00e9ries sur toutes les surfaces.<\/li>\n<li><strong>Sans halo<\/strong>Formule \u00e0 \u00e9vaporation rapide, id\u00e9ale \u00e9galement sur le verre et les miroirs.<\/li>\n<li><strong>Parfum enveloppant<\/strong>des parfums agr\u00e9ables et persistants qui laissent votre maison fra\u00eeche et super odorante plus longtemps.<\/li>\n<li><strong>Touche \u201cpro\u201d<\/strong>La finition est brillante en quelques \u00e9tapes seulement.<\/li>\n<\/ul>\n<p>&nbsp;<\/p>\n<p><strong>O\u00f9 l'utiliser<\/strong><\/p>\n<p><strong>Verre, miroirs, acier, carreaux, plans de travail, poign\u00e9es, interrupteurs, meubles laqu\u00e9s et surfaces de salles de bains.<\/strong><br \/>\nParfait quand vous voulez une hygi\u00e8ne per\u00e7ue, de la brillance et un parfum qui vous embrasse.<\/p>","protected":false},"excerpt":{"rendered":"<p>D\u00e9tergent alcoolique \u00e0 60\u00b0 : nettoie, assainit et parfume. Action rapide, parfum intense, s\u00e9chage imm\u00e9diat.<\/p>","protected":false},"featured_media":1857,"comment_status":"open","ping_status":"closed","template":"","meta":[],"product_brand":[],"product_cat":[93],"product_tag":[],"custom-fields-categoria":[],"class_list":{"0":"post-1843","1":"product","2":"type-product","3":"status-publish","4":"has-post-thumbnail","6":"product_cat-prodotti","8":"first","9":"instock","10":"shipping-taxable","11":"purchasable","12":"product-type-variable","13":"has-default-attributes"},"_links":{"self":[{"href":"https:\/\/coccolatevi.it\/fr\/wp-json\/wp\/v2\/product\/1843","targetHints":{"allow":["GET"]}}],"collection":[{"href":"https:\/\/coccolatevi.it\/fr\/wp-json\/wp\/v2\/product"}],"about":[{"href":"https:\/\/coccolatevi.it\/fr\/wp-json\/wp\/v2\/types\/product"}],"replies":[{"embeddable":true,"href":"https:\/\/coccolatevi.it\/fr\/wp-json\/wp\/v2\/comments?post=1843"}],"wp:featuredmedia":[{"embeddable":true,"href":"https:\/\/coccolatevi.it\/fr\/wp-json\/wp\/v2\/media\/1857"}],"wp:attachment":[{"href":"https:\/\/coccolatevi.it\/fr\/wp-json\/wp\/v2\/media?parent=1843"}],"wp:term":[{"taxonomy":"product_brand","embeddable":true,"href":"https:\/\/coccolatevi.it\/fr\/wp-json\/wp\/v2\/product_brand?post=1843"},{"taxonomy":"product_cat","embeddable":true,"href":"https:\/\/coccolatevi.it\/fr\/wp-json\/wp\/v2\/product_cat?post=1843"},{"taxonomy":"product_tag","embeddable":true,"href":"https:\/\/coccolatevi.it\/fr\/wp-json\/wp\/v2\/product_tag?post=1843"},{"taxonomy":"custom-fields-categoria","embeddable":true,"href":"https:\/\/coccolatevi.it\/fr\/wp-json\/wp\/v2\/custom-fields-categoria?post=1843"}],"curies":[{"name":"wp","href":"https:\/\/api.w.org\/{rel}","templated":true}]}}