{"id":3593,"date":"2025-11-16T23:51:41","date_gmt":"2025-11-16T23:51:41","guid":{"rendered":"https:\/\/coccolatevi.it\/?page_id=3593"},"modified":"2026-05-06T16:01:48","modified_gmt":"2026-05-06T15:01:48","slug":"condizioni-di-vendita","status":"publish","type":"page","link":"https:\/\/coccolatevi.it\/fr\/condizioni-di-vendita\/","title":{"rendered":"Conditions de vente"},"content":{"rendered":"<div data-elementor-type=\"wp-page\" data-elementor-id=\"3593\" class=\"elementor elementor-3593\" data-elementor-post-type=\"page\">\n\t\t\t\t<div class=\"elementor-element elementor-element-89c9bc2 e-flex e-con-boxed e-con e-parent\" data-id=\"89c9bc2\" data-element_type=\"container\" data-e-type=\"container\">\n\t\t\t\t\t<div class=\"e-con-inner\">\n\t\t\t\t<div class=\"elementor-element elementor-element-e772317 elementor-widget elementor-widget-text-editor\" data-id=\"e772317\" data-element_type=\"widget\" data-e-type=\"widget\" data-widget_type=\"text-editor.default\">\n\t\t\t\t\t\t\t\t\t<p class=\"s3\"><span class=\"s2\">Conditions g\u00e9n\u00e9rales de vente<\/span><\/p>\n<p class=\"s3\"><span class=\"s4\">Pr\u00e9ambule - Acceptation des conditions<\/span><\/p>\n<p class=\"s7\"><span class=\"s5\">La passation d'une commande par le client implique l'acceptation pleine et enti\u00e8re des pr\u00e9sentes conditions g\u00e9n\u00e9rales de vente, ainsi que de la politique de confidentialit\u00e9 publi\u00e9e sur le site. <\/span><a href=\"https:\/\/coccolatevi.it\/fr\/\"><span class=\"s6\">www.coccolatevi.it<\/span><\/a><span class=\"s5\"> (\u201cSite\u201d).<\/span><span class=\"s5\"><br><\/span><span class=\"s5\">Ces conditions r\u00e9gissent exclusivement les achats effectu\u00e9s sur le Site et ne s'appliquent pas aux autres canaux de vente du Vendeur.<\/span><\/p>\n<div>\n<div class=\"s8\">&nbsp;<\/div>\n<\/div>\n<p class=\"s3\"><span class=\"s4\">1. Objet<\/span><\/p>\n<p class=\"s7\"><span class=\"s5\">Les pr\u00e9sentes conditions g\u00e9n\u00e9rales de vente r\u00e9gissent la vente des produits propos\u00e9s sur le site et la conclusion des contrats d'achat entre le client et l'entreprise. <\/span><span class=\"s9\">AFA S<\/span><span class=\"s9\">.R.L.S. <\/span><span class=\"s5\">(\u201cVendeur\u201d).<\/span><span class=\"s5\"><br><\/span><span class=\"s5\">La marque <\/span><span class=\"s9\">GARDER<\/span><span class=\"s5\"> fournit la plateforme de commerce \u00e9lectronique comme une vitrine en ligne, mais <\/span><span class=\"s9\">n'est pas un \u00e9l\u00e9ment contractuel de la vente<\/span><span class=\"s5\"> et n'est pas responsable du traitement des commandes, des paiements, de l'exp\u00e9dition ou du service apr\u00e8s-vente.<\/span><\/p>\n<div>\n<div class=\"s8\">&nbsp;<\/div>\n<\/div>\n<p class=\"s3\"><span class=\"s4\">2. Identit\u00e9 du vendeur<\/span><\/p>\n<p class=\"s7\"><span class=\"s5\">Les produits pr\u00e9sents sur le Site sont vendus et factur\u00e9s par :<\/span><span class=\"s5\"><br><\/span><span class=\"s9\">AFA S<\/span><span class=\"s9\">.R.L.S.<\/span><span class=\"s5\"><br><\/span><span class=\"s5\">Si\u00e8ge social : Via Matteotti, 6 - 25010 Montirone (BS)<\/span><span class=\"s5\"><br><\/span><span class=\"s5\">CODE TVA \/ TAXE : IT04326660984<\/span><span class=\"s5\"><br><\/span><span class=\"s5\">Courriel : coccolatevi@afaitalia.it<\/span><span class=\"s5\"><br><\/span><span class=\"s5\">PEC : afaonline@legalmail.it<\/span><\/p>\n<div>\n<div class=\"s8\">&nbsp;<\/div>\n<\/div>\n<p class=\"s3\"><span class=\"s4\">3. Produits et disponibilit\u00e9<\/span><\/p>\n<p class=\"s7\"><span class=\"s5\">Les informations et les images de produits publi\u00e9es sur le site le sont uniquement \u00e0 titre d'illustration et peuvent \u00eatre modifi\u00e9es sans pr\u00e9avis.<\/span><span class=\"s5\"><br><\/span><span class=\"s5\">La disponibilit\u00e9 des produits est indiqu\u00e9e sur le site, mais ne peut \u00eatre garantie en temps r\u00e9el.<\/span><span class=\"s5\"><br><\/span><span class=\"s5\">Dans l'\u00e9ventualit\u00e9 d'une indisponibilit\u00e9 apr\u00e8s passation de la commande, le client en sera inform\u00e9 dans les meilleurs d\u00e9lais et pourra choisir entre le remboursement, l'\u00e9change ou l'avoir.<\/span><\/p>\n<div>\n<div class=\"s8\">&nbsp;<\/div>\n<\/div>\n<p class=\"s3\"><span class=\"s4\">4. Prix et paiements<\/span><\/p>\n<p class=\"s7\"><span class=\"s5\">Tous les prix sont exprim\u00e9s en euros et incluent la TVA, sauf indication contraire.<\/span><span class=\"s5\"><br><\/span><span class=\"s5\">Les frais d'exp\u00e9dition sont indiqu\u00e9s s\u00e9par\u00e9ment dans le r\u00e9capitulatif de la commande avant la confirmation de l'achat.<\/span><span class=\"s5\"><br><\/span><span class=\"s5\">Les paiements peuvent \u00eatre effectu\u00e9s via les m\u00e9thodes indiqu\u00e9es sur le Site, g\u00e9r\u00e9es de mani\u00e8re s\u00e9curis\u00e9e par la plateforme <\/span><span class=\"s9\">Rayure<\/span><span class=\"s5\">.<\/span><span class=\"s5\"><br><\/span><span class=\"s5\">Le paiement n'est consid\u00e9r\u00e9 comme effectu\u00e9 qu'au moment de l'autorisation par l'institution de paiement.<\/span><span class=\"s5\"><br><\/span><span class=\"s5\">Les donn\u00e9es de paiement sont trait\u00e9es uniquement par Stripe au moyen d'une connexion s\u00e9curis\u00e9e ; le vendeur ne stocke pas les donn\u00e9es des cartes et n'y a pas acc\u00e8s.<\/span><\/p>\n<div>\n<div class=\"s8\">&nbsp;<\/div>\n<\/div>\n<p class=\"s3\"><span class=\"s4\">5. La facturation<\/span><\/p>\n<p class=\"s7\"><span class=\"s5\">La facture sera \u00e9mise par <\/span><span class=\"s9\">AFA S.R.L.S.<\/span><span class=\"s5\"> \u00e0 la demande du client.<\/span><span class=\"s5\"><br><\/span><span class=\"s5\">La demande de facture doit \u00eatre faite en m\u00eame temps que la commande ou dans le mois civil concern\u00e9.<\/span><span class=\"s5\"><br><\/span><span class=\"s5\">Pass\u00e9 ce d\u00e9lai, il ne sera plus possible d'\u00e9mettre une facture, conform\u00e9ment \u00e0 l'article 22 du d\u00e9cret pr\u00e9sidentiel 633\/1972 et \u00e0 la r\u00e9glementation en vigueur sur le commerce \u00e9lectronique indirect.<\/span><span class=\"s5\"><br><\/span><span class=\"s5\">Pour demander une facture, le client doit fournir des donn\u00e9es fiscales correctes (nom de la soci\u00e9t\u00e9, code TVA ou fiscal et adresse compl\u00e8te) au moment de l'achat ou par communication \u00e0 coccolatevi@afaitalia.it.<\/span><\/p>\n<div>\n<div class=\"s8\">&nbsp;<\/div>\n<\/div>\n<p class=\"s3\"><span class=\"s4\">6. Envois, zones desservies et co\u00fbts de livraison<\/span><\/p>\n<p class=\"s7\"><span class=\"s5\">Le vendeur livre en Italie, \u00e0 l'exclusion des municipalit\u00e9s de Livigno et de Campione d'Italia.<\/span><span class=\"s5\"><br><\/span><span class=\"s5\">Les frais d'exp\u00e9dition sont clairement indiqu\u00e9s au cours du processus de commande et peuvent varier en fonction de la destination.<\/span><\/p>\n<p class=\"s7\"><span class=\"s9\">Taux et calendrier indicatifs :<\/span><\/p>\n<div class=\"s11\"><span class=\"s10\">\u2022 <\/span><span class=\"s5\">Italie continentale : \u20ac 7.50 TVA incluse (livraison dans les 24\/48 heures)<\/span><\/div>\n<div class=\"s11\"><span class=\"s10\">\u2022 <\/span><span class=\"s5\">\u00celes : 8,50 \u20ac TTC (livraison dans les 48\/72 heures)<\/span><\/div>\n<p class=\"s7\"><span class=\"s5\">Livraison gratuite \u00e0 partir de 29 \u20ac TTC.<\/span><span class=\"s5\"><br><\/span><span class=\"s5\">Les commandes sont trait\u00e9es dans un d\u00e9lai de <\/span><span class=\"s9\">2 jours ouvrables<\/span><span class=\"s5\"> \u00e0 partir de la confirmation du paiement, sauf avis contraire.<\/span><\/p>\n<div>\n<div class=\"s8\">&nbsp;<\/div>\n<\/div>\n<p class=\"s3\"><span class=\"s4\">7. Conclusion du contrat<\/span><\/p>\n<p class=\"s7\"><span class=\"s5\">Le contrat de vente est conclu lorsque le client envoie sa commande et re\u00e7oit la confirmation du vendeur.<\/span><span class=\"s5\"><br><\/span><span class=\"s5\">La confirmation contient un r\u00e9sum\u00e9 de la commande, le prix, les donn\u00e9es du client et un lien vers les pr\u00e9sentes conditions de vente.<\/span><span class=\"s5\"><br><\/span><span class=\"s5\">Le vendeur se r\u00e9serve le droit de refuser les commandes incompl\u00e8tes, non conformes ou assorties d'une garantie de paiement.<\/span><\/p>\n<div>\n<div class=\"s8\">&nbsp;<\/div>\n<\/div>\n<p class=\"s3\"><span class=\"s4\">8. Droit de retrait<\/span><\/p>\n<p class=\"s7\"><span class=\"s5\">Un client agissant en tant que consommateur a le droit de r\u00e9silier le contrat dans les d\u00e9lais suivants <\/span><span class=\"s9\">14 jours<\/span><span class=\"s5\"> \u00e0 compter de la r\u00e9ception des produits, sans p\u00e9nalit\u00e9 et sans obligation de motivation.<\/span><span class=\"s5\"><br><\/span><span class=\"s5\">La notification de retrait doit \u00eatre envoy\u00e9e par courrier \u00e9lectronique \u00e0 coccolatevi@afaitalia.it.<\/span><\/p>\n<p class=\"s7\"><span class=\"s9\">Retour du produit :<\/span><span class=\"s5\"><br><\/span><span class=\"s5\">Le produit doit \u00eatre renvoy\u00e9 \u00e0<\/span><span class=\"s5\"><br><\/span><span class=\"s9\">AFA S.R.L.S. <\/span><span class=\"s9\">c\/o TRITON S.R.L. <\/span><span class=\"s9\">- Via <\/span><span class=\"s9\">Carlo Forlanini, 71\/A 20024 Garbagnate Milanese (MI)<\/span><span class=\"s5\"><br><\/span><span class=\"s5\">Les frais de retour sont \u00e0 la charge du client, sauf indication contraire.<\/span><span class=\"s5\"><br><\/span><span class=\"s5\">Les produits doivent \u00eatre retourn\u00e9s intacts, non utilis\u00e9s, avec leur emballage et leurs accessoires.<\/span><\/p>\n<p class=\"s7\"><span class=\"s5\">Le remboursement sera effectu\u00e9 dans les 14 jours suivant la r\u00e9ception des marchandises retourn\u00e9es, en utilisant le m\u00eame moyen de paiement.<\/span><\/p>\n<p class=\"s7\"><span class=\"s5\">Le droit de r\u00e9tractation <\/span><span class=\"s9\">ne s'applique pas<\/span><span class=\"s5\"> a :<\/span><\/p>\n<div class=\"s11\"><span class=\"s10\">\u2022 <\/span><span class=\"s5\">des produits personnalis\u00e9s ;<\/span><\/div>\n<div class=\"s11\"><span class=\"s10\">\u2022 <\/span><span class=\"s5\">les produits scell\u00e9s qui ne peuvent \u00eatre renvoy\u00e9s pour des raisons d'hygi\u00e8ne s'ils sont ouverts apr\u00e8s la livraison.<\/span><\/div>\n<div>\n<div class=\"s8\">&nbsp;<\/div>\n<\/div>\n<p class=\"s3\"><span class=\"s4\">9. Garantie l\u00e9gale de conformit\u00e9<\/span><\/p>\n<p class=\"s7\"><span class=\"s5\">Les produits sont couverts par la <\/span><span class=\"s9\">garantie l\u00e9gale de conformit\u00e9<\/span><span class=\"s5\"> conform\u00e9ment aux articles 128-135 du code de la consommation.<\/span><span class=\"s5\"><br><\/span><span class=\"s5\">Les d\u00e9fauts doivent \u00eatre signal\u00e9s dans les deux mois suivant leur d\u00e9couverte.<\/span><span class=\"s5\"><br><\/span><span class=\"s5\">Pour toute assistance ou remplacement, veuillez contacter : coccolatevi@afaitalia.it.<\/span><\/p>\n<div>\n<div class=\"s8\">&nbsp;<\/div>\n<\/div>\n<p class=\"s3\"><span class=\"s4\">10. Limites de responsabilit\u00e9<\/span><\/p>\n<p class=\"s7\"><span class=\"s5\">Le vendeur n'est pas responsable des retards ou de la non-livraison dus \u00e0 des cas de force majeure, \u00e0 l'inefficacit\u00e9 des transporteurs ou \u00e0 des \u00e9v\u00e9nements ind\u00e9pendants de sa volont\u00e9.<\/span><span class=\"s5\"><br><\/span><span class=\"s5\">Le vendeur ne peut en aucun cas \u00eatre tenu responsable des dommages indirects ou cons\u00e9cutifs r\u00e9sultant de l'utilisation du site ou de l'achat de produits.<\/span><\/p>\n<div>\n<div class=\"s8\">&nbsp;<\/div>\n<\/div>\n<p class=\"s3\"><span class=\"s4\">11. Service apr\u00e8s-vente<\/span><\/p>\n<p class=\"s7\"><span class=\"s5\">Pour des informations sur les commandes, les exp\u00e9ditions, les retours ou les garanties :<\/span><span class=\"s5\"><br><\/span><span class=\"s5\">Service client\u00e8le <\/span><span class=\"s9\">AFA <\/span><span class=\"s9\">S.R.L.S.<\/span><span class=\"s5\"><br><\/span><span class=\"s5\">Courriel : coccolatevi@afaitalia.it<\/span><\/p>\n<div>\n<div class=\"s8\">&nbsp;<\/div>\n<\/div>\n<p class=\"s3\"><span class=\"s4\">12. Droit applicable et juridiction<\/span><\/p>\n<p class=\"s7\"><span class=\"s5\">Les pr\u00e9sentes conditions sont r\u00e9gies par le droit italien.<\/span><span class=\"s5\"><br><\/span><span class=\"s5\">Pour les litiges de consommation, l'autorit\u00e9 comp\u00e9tente <\/span><span class=\"s9\">le lieu de r\u00e9sidence ou le domicile du consommateur<\/span><span class=\"s5\">.<\/span><span class=\"s5\"><br><\/span><span class=\"s5\">Pour les clients professionnels, les services comp\u00e9tents <\/span><span class=\"s9\">Forum de Brescia<\/span><span class=\"s5\">.<\/span><\/p>\n<div>\n<div class=\"s8\">&nbsp;<\/div>\n<\/div>\n<p class=\"s3\"><span class=\"s4\">13. Plate-forme europ\u00e9enne ODR<\/span><\/p>\n<p class=\"s7\"><span class=\"s5\">Conform\u00e9ment au r\u00e8glement (UE) n\u00b0 524\/2013, le client peut acc\u00e9der \u00e0 la plateforme europ\u00e9enne de r\u00e8glement en ligne des litiges (ODR) via le lien suivant :<\/span><span class=\"s5\"><br><\/span><span class=\"s12\"><img decoding=\"async\" draggable=\"false\" role=\"img\" class=\"emoji\" alt=\"\ud83d\udc49\" src=\"https:\/\/s.w.org\/images\/core\/emoji\/17.0.2\/svg\/1f449.svg\"><\/span><span class=\"s5\"> https:\/\/ec.europa.eu\/consumers\/odr\/<\/span><\/p>\n<div>\n<div class=\"s8\">&nbsp;<\/div>\n<\/div>\n<p class=\"s3\">14. Traitement des donn\u00e9es \u00e0 caract\u00e8re personnel<\/p>\n<p class=\"s3\">Les donn\u00e9es personnelles fournies par le client sont trait\u00e9es conform\u00e9ment aux dispositions du r\u00e8glement (UE) 2016\/679 (GDPR) et du d\u00e9cret l\u00e9gislatif n\u00b0 196\/2003 (Code de la vie priv\u00e9e), tel que modifi\u00e9.<br>Le client peut obtenir des informations compl\u00e8tes sur le traitement de ses donn\u00e9es personnelles sur la page \u201cEcommerce Information\u201d du site au lien suivant : https:\/\/coccolatevi.it\/informativa-ecommerce\/.<\/p>\n<div>\n<div class=\"s8\">&nbsp;<\/div>\n<\/div>\n<p class=\"s3\"><span class=\"s4\">15. Clauses finales<\/span><\/p>\n<p class=\"s7\"><span class=\"s5\">La nullit\u00e9 ou l'inefficacit\u00e9 d'une clause n'entra\u00eene pas la nullit\u00e9 des autres.<\/span><span class=\"s5\"><br><\/span><span class=\"s5\">Le Vendeur se r\u00e9serve le droit de modifier les pr\u00e9sentes Conditions en publiant une nouvelle version sur le Site. Les modifications ne s'appliquent qu'aux commandes pass\u00e9es apr\u00e8s la publication.<\/span><\/p>\n<div>\n<div class=\"s8\">&nbsp;<\/div>\n<\/div>\n<p class=\"s3\"><span class=\"s13\">Conditions g\u00e9n\u00e9rales de vente - R\u00e9sum\u00e9<\/span><\/p>\n<p class=\"s7\"><span class=\"s5\">Achats effectu\u00e9s le <\/span><a href=\"https:\/\/coccolatevi.it\/fr\/\"><span class=\"s6\">www.coccolatevi.it<\/span><\/a><span class=\"s5\"> sont r\u00e9gies par les pr\u00e9sentes conditions g\u00e9n\u00e9rales de vente, que le client accepte lorsqu'il passe une commande.<\/span><span class=\"s5\"><br><\/span><span class=\"s5\">Les produits sont vendus par <\/span><span class=\"s9\">AFA <\/span><span class=\"s9\">S.R.L.S.<\/span><span class=\"s5\">, dont le si\u00e8ge social est situ\u00e9 Via Matteotti 6, 25010 Montirone (BS), num\u00e9ro de TVA IT04326660984, e-mail coccolatevi@afaitalia.it.<\/span><\/p>\n<p class=\"s7\"><span class=\"s9\">Prix et paiements<\/span><span class=\"s5\"><br><\/span><span class=\"s5\">Tous les prix sont en euros, TVA incluse. Les paiements sont effectu\u00e9s via la plateforme s\u00e9curis\u00e9e <\/span><span class=\"s9\">Rayure<\/span><span class=\"s5\">. Les frais d'exp\u00e9dition sont indiqu\u00e9s avant la confirmation de la commande.<\/span><\/p>\n<p class=\"s7\"><span class=\"s9\">Exp\u00e9dition et livraison<\/span><span class=\"s5\"><br><\/span><span class=\"s5\">Livraison en Italie (sauf Livigno et Campione d'Italia) dans les 24\/72 heures ouvrables. Livraison gratuite \u00e0 partir de 29 \u20ac TTC.<\/span><\/p>\n<p class=\"s7\"><span class=\"s9\">Retrait et retour<\/span><span class=\"s5\"><br><\/span><span class=\"s5\">Le consommateur peut se r\u00e9tracter dans un d\u00e9lai de <\/span><span class=\"s9\">14 jours<\/span><span class=\"s5\"> \u00e0 partir de la r\u00e9ception du produit en envoyant une notification \u00e0 coccolatevi@afaitalia.it.<\/span><span class=\"s5\"><br><\/span><span class=\"s5\">Le produit doit \u00eatre retourn\u00e9 intact \u00e0 l'adresse suivante :<\/span><span class=\"s5\"><br><\/span><span class=\"s14\">AFA S.R.L.S. <\/span><span class=\"s14\">c\/o TRITON S.R.L. <\/span><span class=\"s14\">- Via<\/span><span class=\"s14\">les<\/span> <span class=\"s14\">Carlo Forlanini, 71\/A 20024 Garbagnate Milanese (MI)<\/span><span class=\"s5\">.<\/span><span class=\"s5\"><br><\/span><span class=\"s5\">Les frais de retour sont \u00e0 la charge du client. Le remboursement sera effectu\u00e9 dans un d\u00e9lai de 14 jours.<\/span><\/p>\n<p class=\"s7\"><span class=\"s9\">Garantie<\/span><span class=\"s5\"><br><\/span><span class=\"s5\">Les produits sont couverts par <\/span><span class=\"s9\">garantie l\u00e9gale de conformit\u00e9<\/span><span class=\"s5\"> (Articles 128-135 du code de la consommation).<\/span><\/p>\n<p class=\"s7\"><span class=\"s9\">Lieu de juridiction<\/span><span class=\"s5\"><br><\/span><span class=\"s5\">Les ventes sont r\u00e9gies par le droit italien. Pour les litiges avec les consommateurs, le tribunal de leur domicile est comp\u00e9tent ; pour les clients professionnels, le tribunal de Brescia.<\/span><\/p>\n<p class=\"s7\"><span class=\"s9\">ODR<\/span><span class=\"s5\"><br><\/span><span class=\"s5\">Plate-forme europ\u00e9enne pour la r\u00e9solution des litiges en ligne : https:\/\/ec.europa.eu\/consumers\/odr\/<\/span><\/p>\n<p class=\"s7\"><span class=\"s9\">Vie priv\u00e9e<\/span><span class=\"s5\"><br><\/span><span class=\"s5\">Les donn\u00e9es \u00e0 caract\u00e8re personnel sont trait\u00e9es conform\u00e9ment \u00e0 la <\/span><span class=\"s9\">R\u00e8glement (UE) 2016\/679 (GDPR)<\/span><span class=\"s5\">. Toutes les informations sont disponibles sur le site.<\/span><\/p>\n<p class=\"s7\"><span class=\"s5\">La version compl\u00e8te est disponible \u00e0 l'adresse suivante<\/span> <span class=\"s5\">www.coccolatevi.it\/condizioni-di-vendita<\/span><\/p>\t\t\t\t\t\t\t\t<\/div>\n\t\t\t\t\t<\/div>\n\t\t\t\t<\/div>\n\t\t\t\t<\/div>","protected":false},"excerpt":{"rendered":"<p>Condizioni Generali di Vendita Premessa \u2013 Accettazione delle condizioni L\u2019invio dell\u2019ordine da parte del cliente implica la piena accettazione delle presenti Condizioni Generali di Vendita, nonch\u00e9 dell\u2019Informativa Privacy pubblicata sul sito www.coccolatevi.it (\u201cSito\u201d).Le presenti condizioni disciplinano esclusivamente gli acquisti effettuati sul Sito e non si applicano a eventuali altri canali di vendita del Venditore. &nbsp; [&hellip;]<\/p>\n","protected":false},"author":1,"featured_media":0,"parent":0,"menu_order":0,"comment_status":"closed","ping_status":"closed","template":"","meta":{"footnotes":""},"class_list":["post-3593","page","type-page","status-publish","hentry"],"_links":{"self":[{"href":"https:\/\/coccolatevi.it\/fr\/wp-json\/wp\/v2\/pages\/3593","targetHints":{"allow":["GET"]}}],"collection":[{"href":"https:\/\/coccolatevi.it\/fr\/wp-json\/wp\/v2\/pages"}],"about":[{"href":"https:\/\/coccolatevi.it\/fr\/wp-json\/wp\/v2\/types\/page"}],"author":[{"embeddable":true,"href":"https:\/\/coccolatevi.it\/fr\/wp-json\/wp\/v2\/users\/1"}],"replies":[{"embeddable":true,"href":"https:\/\/coccolatevi.it\/fr\/wp-json\/wp\/v2\/comments?post=3593"}],"version-history":[{"count":10,"href":"https:\/\/coccolatevi.it\/fr\/wp-json\/wp\/v2\/pages\/3593\/revisions"}],"predecessor-version":[{"id":9063,"href":"https:\/\/coccolatevi.it\/fr\/wp-json\/wp\/v2\/pages\/3593\/revisions\/9063"}],"wp:attachment":[{"href":"https:\/\/coccolatevi.it\/fr\/wp-json\/wp\/v2\/media?parent=3593"}],"curies":[{"name":"wp","href":"https:\/\/api.w.org\/{rel}","templated":true}]}}