{"id":7069,"date":"2026-03-23T17:13:13","date_gmt":"2026-03-23T16:13:13","guid":{"rendered":"https:\/\/coccolatevi.it\/?post_type=product&#038;p=7069"},"modified":"2026-05-06T15:06:54","modified_gmt":"2026-05-06T14:06:54","slug":"lavafast","status":"publish","type":"product","link":"https:\/\/coccolatevi.it\/es\/prodotto\/lavafast\/","title":{"rendered":"Lavafast"},"content":{"rendered":"<p>Coccolatevi <strong>LAVAFAST<\/strong> convierte el lavado en un gesto r\u00e1pido y sencillo: la innovadora bolsita para una colada impecable que combina alto rendimiento, practicidad y una fragancia envolvente que perdura. 1 producto, 5 funciones diferentes:<\/p>\n<p>&nbsp;<\/p>\n<ul>\n<li>Detergente de alto rendimiento<\/li>\n<li>Suavizante para prendas suaves<\/li>\n<li>Fragancia duradera<\/li>\n<li>Protecci\u00f3n de la lavadora con agentes antical y desinfectantes<\/li>\n<li>Protector del color para proteger los tejidos durante el lavado<\/li>\n<\/ul>\n<p>&nbsp;<\/p>\n<p>1 sobre monodosis de color llamativo con productos premezclados y predosificados en su interior para una colada perfecta y sin residuos.<\/p>\n<p>&nbsp;<\/p>\n<p>Eficaz incluso a bajas temperaturas, simplifica cada lavado con limpieza profunda, cero residuos y m\u00e1xima comodidad, dejando m\u00e1s tiempo para usted y menos para las tareas dom\u00e9sticas.<\/p>\n<p>&nbsp;<\/p>\n<p><strong>Por qu\u00e9 elegirlo:<\/strong><\/p>\n<ul>\n<li>Aut\u00e9ntica sostenibilidad: materiales respetuosos con el medio ambiente, envases sin pl\u00e1stico<\/li>\n<li>M\u00e1xima comodidad: un solo paso, sin medir, sin residuos<\/li>\n<li>Tecnolog\u00eda textil funcional: la bolsita act\u00faa como captador de color<\/li>\n<li>Apto para todos los tejidos y ciclos de lavado<\/li>\n<li>Reducci\u00f3n de residuos: monodosis precisas, rendimiento constante<\/li>\n<\/ul>\n<p>&nbsp;<\/p>\n<p><strong>Porque te encantar\u00e1<\/strong><\/p>\n<p>&nbsp;<\/p>\n<p><strong>M\u00e1s tiempo para ti<\/strong>R\u00e1pido significa m\u00e1s tiempo libre para ti y menos tiempo dedicado a las tareas dom\u00e9sticas.<\/p>\n<p><strong>Cero errores, m\u00e1xima eficacia<\/strong>No hay que medir ni verter, basta con una bolsita y listo.<\/p>\n<p><strong>Limpieza profunda, incluso a bajas temperaturas<\/strong>eficaz ya a 30\u00b0, penetra en las fibras y ayuda a eliminar incluso las manchas y los olores m\u00e1s dif\u00edciles.<\/p>\n<p><strong>Captura los colores dispersos<\/strong>Ayuda a mantener vivos los colores y brillantes los blancos, lavado tras lavado.<\/p>\n<p><strong>La fragancia Cuddle que marca la diferencia<\/strong>una fragancia extraordinaria y persistente que mima sus prendas.<\/p>\n<p><strong>Suavidad irresistible<\/strong>Los tejidos se vuelven suaves, agradables al tacto, como una caricia sobre la piel.<\/p>\n<p><strong>Adi\u00f3s a los residuos y malos olores<\/strong>protege la lavadora y ayuda a prevenir la cal, para obtener siempre resultados impecables.<\/p>\n<p>&nbsp;<\/p>\n<p><strong>SOBRE MONODOSIS<\/strong><\/p>\n<p><strong>Menos residuos, m\u00e1s eficacia<\/strong>Cada sobre contiene la cantidad perfecta, evitando los excesos y garantizando resultados constantes.<\/p>\n<p><strong>Cero pl\u00e1stico<\/strong>envases y bolsitas sin pl\u00e1stico, para una elecci\u00f3n m\u00e1s consciente y sostenible.<\/p>\n<p><strong>M\u00e1s espacio, menos desorden<\/strong>un producto en lugar de cinco.<\/p>\n<p>&nbsp;<\/p>\n<p><strong>Una nueva rutina sin complicaciones<\/strong><\/p>\n<p>Con LAVAFAST, la colada se vuelve r\u00e1pida, intuitiva y siempre perfecta. Menos tiempo para lavar, m\u00e1s tiempo para dedicar a lo que te gusta.<\/p>","protected":false},"excerpt":{"rendered":"<p>5 acciones en un solo sobre: lava, protege los colores, perfuma, suaviza y cuida la lavadora. M\u00e1s tiempo para usted, una colada siempre perfecta.<\/p>","protected":false},"featured_media":7178,"comment_status":"closed","ping_status":"closed","template":"","meta":[],"product_brand":[],"product_cat":[93],"product_tag":[],"custom-fields-categoria":[],"class_list":{"0":"post-7069","1":"product","2":"type-product","3":"status-publish","4":"has-post-thumbnail","6":"product_cat-prodotti","8":"first","9":"instock","10":"shipping-taxable","11":"purchasable","12":"product-type-variable","13":"has-default-attributes"},"_links":{"self":[{"href":"https:\/\/coccolatevi.it\/es\/wp-json\/wp\/v2\/product\/7069","targetHints":{"allow":["GET"]}}],"collection":[{"href":"https:\/\/coccolatevi.it\/es\/wp-json\/wp\/v2\/product"}],"about":[{"href":"https:\/\/coccolatevi.it\/es\/wp-json\/wp\/v2\/types\/product"}],"replies":[{"embeddable":true,"href":"https:\/\/coccolatevi.it\/es\/wp-json\/wp\/v2\/comments?post=7069"}],"wp:featuredmedia":[{"embeddable":true,"href":"https:\/\/coccolatevi.it\/es\/wp-json\/wp\/v2\/media\/7178"}],"wp:attachment":[{"href":"https:\/\/coccolatevi.it\/es\/wp-json\/wp\/v2\/media?parent=7069"}],"wp:term":[{"taxonomy":"product_brand","embeddable":true,"href":"https:\/\/coccolatevi.it\/es\/wp-json\/wp\/v2\/product_brand?post=7069"},{"taxonomy":"product_cat","embeddable":true,"href":"https:\/\/coccolatevi.it\/es\/wp-json\/wp\/v2\/product_cat?post=7069"},{"taxonomy":"product_tag","embeddable":true,"href":"https:\/\/coccolatevi.it\/es\/wp-json\/wp\/v2\/product_tag?post=7069"},{"taxonomy":"custom-fields-categoria","embeddable":true,"href":"https:\/\/coccolatevi.it\/es\/wp-json\/wp\/v2\/custom-fields-categoria?post=7069"}],"curies":[{"name":"wp","href":"https:\/\/api.w.org\/{rel}","templated":true}]}}