{"id":303,"date":"2025-07-04T10:44:21","date_gmt":"2025-07-04T10:44:21","guid":{"rendered":"https:\/\/coccolatevi.it\/?post_type=product&#038;p=303"},"modified":"2026-04-09T17:31:48","modified_gmt":"2026-04-09T16:31:48","slug":"ammorbidente","status":"publish","type":"product","link":"https:\/\/coccolatevi.it\/es\/prodotto\/ammorbidente\/","title":{"rendered":"Suavizante"},"content":{"rendered":"<p>Envuelve tu colada en una caricia duradera.<\/p>\n<p><strong>Mimarse convierte cada lavado en un momento de bienestar:<\/strong> suavidad y un aroma envolvente que permanecen con el tiempo, lavado tras lavado.<\/p>\n<p><strong>Porque te encantar\u00e1<\/strong><br \/>\n<strong>Fragancia intensa y duradera:<\/strong> una nube de frescor y fragancia que permanece en prendas, s\u00e1banas y toallas durante m\u00e1s tiempo.<br \/>\n<strong>Una fragancia para cada estado de \u00e1nimo:<\/strong> van desde las notas florales y talcosas hasta las ambarinas y amaderadas, para que puedas elegir la que mejor te represente.<br \/>\n<strong>Suavidad mimosa:<\/strong> Los tejidos son m\u00e1s suaves, f\u00e1ciles de planchar y agradables al tacto.<\/p>\n<p><strong>VERSI\u00d3N CONCENTRADA<\/strong><br \/>\n<strong>Elecci\u00f3n sostenible:<\/strong> f\u00f3rmula concentrada, que garantiza menos residuos, menos pl\u00e1stico, m\u00e1s respeto por el medio ambiente y comodidad para usted.<\/p>\n<p>&nbsp;<\/p>\n<p><strong>Muchas fragancias, una para cada estado de \u00e1nimo:<\/strong> elija la fragancia que mejor refleje su estado de \u00e1nimo o su d\u00eda. Hemos desarrollado una gama de fragancias dise\u00f1adas para cada estado de \u00e1nimo: floral, talco y limpia, c\u00edtrica y chispeante, \u00e1mbar y amaderada.<\/p>\n<p><strong>Mezcla y combina M\u00edmate: <\/strong>Comb\u00ednelo con el Detergente y Perfumador para el Hogar y la Ropa para obtener una fragancia intensa y persistente.<\/p>","protected":false},"excerpt":{"rendered":"<p>Suavidad extra, brillo \u00fanico y frescor que dura semanas. Muchas fragancias para cada estado de \u00e1nimo, ideal con detergente para lavadora y fragancia Cuddle.<\/p>","protected":false},"featured_media":304,"comment_status":"open","ping_status":"closed","template":"","meta":[],"product_brand":[],"product_cat":[93],"product_tag":[],"custom-fields-categoria":[],"class_list":{"0":"post-303","1":"product","2":"type-product","3":"status-publish","4":"has-post-thumbnail","6":"product_cat-prodotti","8":"first","9":"instock","10":"shipping-taxable","11":"purchasable","12":"product-type-variable","13":"has-default-attributes"},"_links":{"self":[{"href":"https:\/\/coccolatevi.it\/es\/wp-json\/wp\/v2\/product\/303","targetHints":{"allow":["GET"]}}],"collection":[{"href":"https:\/\/coccolatevi.it\/es\/wp-json\/wp\/v2\/product"}],"about":[{"href":"https:\/\/coccolatevi.it\/es\/wp-json\/wp\/v2\/types\/product"}],"replies":[{"embeddable":true,"href":"https:\/\/coccolatevi.it\/es\/wp-json\/wp\/v2\/comments?post=303"}],"wp:featuredmedia":[{"embeddable":true,"href":"https:\/\/coccolatevi.it\/es\/wp-json\/wp\/v2\/media\/304"}],"wp:attachment":[{"href":"https:\/\/coccolatevi.it\/es\/wp-json\/wp\/v2\/media?parent=303"}],"wp:term":[{"taxonomy":"product_brand","embeddable":true,"href":"https:\/\/coccolatevi.it\/es\/wp-json\/wp\/v2\/product_brand?post=303"},{"taxonomy":"product_cat","embeddable":true,"href":"https:\/\/coccolatevi.it\/es\/wp-json\/wp\/v2\/product_cat?post=303"},{"taxonomy":"product_tag","embeddable":true,"href":"https:\/\/coccolatevi.it\/es\/wp-json\/wp\/v2\/product_tag?post=303"},{"taxonomy":"custom-fields-categoria","embeddable":true,"href":"https:\/\/coccolatevi.it\/es\/wp-json\/wp\/v2\/custom-fields-categoria?post=303"}],"curies":[{"name":"wp","href":"https:\/\/api.w.org\/{rel}","templated":true}]}}