{"id":1993,"date":"2025-07-28T22:10:13","date_gmt":"2025-07-28T22:10:13","guid":{"rendered":"https:\/\/coccolatevi.it\/?post_type=product&#038;p=1993"},"modified":"2026-04-04T01:46:11","modified_gmt":"2026-04-04T00:46:11","slug":"profumatori","status":"publish","type":"product","link":"https:\/\/coccolatevi.it\/es\/prodotto\/profumatori\/","title":{"rendered":"Perfumista de hogar y lavander\u00eda"},"content":{"rendered":"<p>Un producto, mil maneras de mimarse. Pamper Yourself Home and Laundry Perfumer es el gesto sencillo que aporta bienestar, una fragancia intensa y duradera y frescor a todo lo que te gusta: la colada, las superficies y las habitaciones.<\/p>\n<p><strong>Porque te encantar\u00e1<\/strong><\/p>\n<p><strong>Aroma intenso en la ropa:<\/strong> en la lavadora o a mano, envuelve las prendas en una fragancia irresistible y duradera.<\/p>\n<p><strong>Superficies brillantes y fragantes:<\/strong> Diluido en agua, limpia suelos, cristales y superficies duras dej\u00e1ndolos brillantes y perfumados.<\/p>\n<p><strong>Ambientes \u00fanicos en el hogar:<\/strong> unas gotas en un difusor o usadas con varillas y enseguida se crea un ambiente acogedor y envolvente.<\/p>\n<p><strong>Elecci\u00f3n sostenible:<\/strong> es superconcentrado, bastan unas gotas para obtener un resultado extraordinario. Un frasco, mil usos: menos pl\u00e1stico, menos residuos, m\u00e1s respeto por el medio ambiente... y por su cartera.<\/p>\n<p><strong>Mezcla y combina M\u00edmate:<\/strong> comb\u00ednelo con suavizante y detergente para un efecto multisensorial a\u00fan m\u00e1s intenso.<\/p>","protected":false},"excerpt":{"rendered":"<p>Perfuma la ropa, limpia las superficies y envuelve el ambiente. Multiusos y s\u00faper persistente.<\/p>","protected":false},"featured_media":2045,"comment_status":"open","ping_status":"closed","template":"","meta":[],"product_brand":[],"product_cat":[93],"product_tag":[],"custom-fields-categoria":[],"class_list":{"0":"post-1993","1":"product","2":"type-product","3":"status-publish","4":"has-post-thumbnail","6":"product_cat-prodotti","8":"first","9":"instock","10":"shipping-taxable","11":"purchasable","12":"product-type-variable"},"_links":{"self":[{"href":"https:\/\/coccolatevi.it\/es\/wp-json\/wp\/v2\/product\/1993","targetHints":{"allow":["GET"]}}],"collection":[{"href":"https:\/\/coccolatevi.it\/es\/wp-json\/wp\/v2\/product"}],"about":[{"href":"https:\/\/coccolatevi.it\/es\/wp-json\/wp\/v2\/types\/product"}],"replies":[{"embeddable":true,"href":"https:\/\/coccolatevi.it\/es\/wp-json\/wp\/v2\/comments?post=1993"}],"wp:featuredmedia":[{"embeddable":true,"href":"https:\/\/coccolatevi.it\/es\/wp-json\/wp\/v2\/media\/2045"}],"wp:attachment":[{"href":"https:\/\/coccolatevi.it\/es\/wp-json\/wp\/v2\/media?parent=1993"}],"wp:term":[{"taxonomy":"product_brand","embeddable":true,"href":"https:\/\/coccolatevi.it\/es\/wp-json\/wp\/v2\/product_brand?post=1993"},{"taxonomy":"product_cat","embeddable":true,"href":"https:\/\/coccolatevi.it\/es\/wp-json\/wp\/v2\/product_cat?post=1993"},{"taxonomy":"product_tag","embeddable":true,"href":"https:\/\/coccolatevi.it\/es\/wp-json\/wp\/v2\/product_tag?post=1993"},{"taxonomy":"custom-fields-categoria","embeddable":true,"href":"https:\/\/coccolatevi.it\/es\/wp-json\/wp\/v2\/custom-fields-categoria?post=1993"}],"curies":[{"name":"wp","href":"https:\/\/api.w.org\/{rel}","templated":true}]}}