{"id":1942,"date":"2025-07-28T21:49:08","date_gmt":"2025-07-28T21:49:08","guid":{"rendered":"https:\/\/coccolatevi.it\/?post_type=product&#038;p=1942"},"modified":"2026-04-10T17:40:24","modified_gmt":"2026-04-10T16:40:24","slug":"lavatrice","status":"publish","type":"product","link":"https:\/\/coccolatevi.it\/es\/prodotto\/lavatrice\/","title":{"rendered":"Detergente para lavadoras"},"content":{"rendered":"<p>Limpieza profunda, frescor irresistible, fragancia duradera.<\/p>\n<p>Coccolatevi Detersivo Lavatrice es un producto innovador que limpia y perfuma la ropa en profundidad: reconocido por su eficacia incluso en fr\u00edo, hace que cada prenda sea agradable de llevar, lavado tras lavado.<\/p>\n<p><strong>Porque te encantar\u00e1 <\/strong><\/p>\n<p>\u2022 <strong>Limpieza profunda:<\/strong> elimina la suciedad en profundidad, incluso a bajas temperaturas.<\/p>\n<p>\u2022 <strong>Super perfumado:<\/strong> aroma intenso y envolvente que perdura en los tejidos, incluso en el armario.<\/p>\n<p>\u2022 <strong>Eficaz en todos los tejidos:<\/strong> ayuda a mantener las prendas como nuevas durante m\u00e1s tiempo.<\/p>\n<p>\u2022 <strong>Un mundo de fragancias:<\/strong> disponible en m\u00e1s de seis fragancias exclusivas, para cada estado de \u00e1nimo y preferencia olfativa.<\/p>\n<p>Huele genial porque limpia genial. Elija su fragancia y convierta cada colada en un momento de bienestar.<\/p>\n<p><strong>Mezcla y combina M\u00edmate: <\/strong>Comb\u00ednalo con el Suavizante y el Perfumador Hogar y Lavander\u00eda para conseguir un efecto multisensorial a\u00fan m\u00e1s intenso.<\/p>","protected":false},"excerpt":{"rendered":"<p>Limpieza profunda y fragancia envolvente ya a 30 \u00b0C. Protege colores y tejidos, ideal con suavizante y perfumador M\u00edmese.<\/p>","protected":false},"featured_media":1969,"comment_status":"open","ping_status":"closed","template":"","meta":[],"product_brand":[],"product_cat":[93],"product_tag":[],"custom-fields-categoria":[],"class_list":{"0":"post-1942","1":"product","2":"type-product","3":"status-publish","4":"has-post-thumbnail","6":"product_cat-prodotti","8":"first","9":"instock","10":"shipping-taxable","11":"purchasable","12":"product-type-variable"},"_links":{"self":[{"href":"https:\/\/coccolatevi.it\/es\/wp-json\/wp\/v2\/product\/1942","targetHints":{"allow":["GET"]}}],"collection":[{"href":"https:\/\/coccolatevi.it\/es\/wp-json\/wp\/v2\/product"}],"about":[{"href":"https:\/\/coccolatevi.it\/es\/wp-json\/wp\/v2\/types\/product"}],"replies":[{"embeddable":true,"href":"https:\/\/coccolatevi.it\/es\/wp-json\/wp\/v2\/comments?post=1942"}],"wp:featuredmedia":[{"embeddable":true,"href":"https:\/\/coccolatevi.it\/es\/wp-json\/wp\/v2\/media\/1969"}],"wp:attachment":[{"href":"https:\/\/coccolatevi.it\/es\/wp-json\/wp\/v2\/media?parent=1942"}],"wp:term":[{"taxonomy":"product_brand","embeddable":true,"href":"https:\/\/coccolatevi.it\/es\/wp-json\/wp\/v2\/product_brand?post=1942"},{"taxonomy":"product_cat","embeddable":true,"href":"https:\/\/coccolatevi.it\/es\/wp-json\/wp\/v2\/product_cat?post=1942"},{"taxonomy":"product_tag","embeddable":true,"href":"https:\/\/coccolatevi.it\/es\/wp-json\/wp\/v2\/product_tag?post=1942"},{"taxonomy":"custom-fields-categoria","embeddable":true,"href":"https:\/\/coccolatevi.it\/es\/wp-json\/wp\/v2\/custom-fields-categoria?post=1942"}],"curies":[{"name":"wp","href":"https:\/\/api.w.org\/{rel}","templated":true}]}}