{"id":1934,"date":"2025-07-28T21:38:18","date_gmt":"2025-07-28T21:38:18","guid":{"rendered":"https:\/\/coccolatevi.it\/?post_type=product&#038;p=1934"},"modified":"2026-04-10T17:40:24","modified_gmt":"2026-04-10T16:40:24","slug":"anticalcare","status":"publish","type":"product","link":"https:\/\/coccolatevi.it\/es\/prodotto\/anticalcare\/","title":{"rendered":"Antilimescale"},"content":{"rendered":"<p><strong>Brillo instant\u00e1neo, protecci\u00f3n duradera, fragancia duradera.<\/strong><br \/>\nGracias a su innovadora f\u00f3rmula s\u00faper perfumada, Coccolatevi Anticalcare elimina r\u00e1pidamente la cal, los restos de jab\u00f3n y la suciedad m\u00e1s incrustada, dejando las superficies limpias, suaves y agradablemente perfumadas.<\/p>\n<p><strong>Porque te encantar\u00e1<\/strong><\/p>\n<ul>\n<li><strong>Limpieza asombrosa<\/strong>Pru\u00e9belo en grifos, acero y cer\u00e1mica, la cal se disuelve en segundos.<\/li>\n<li><strong>Acci\u00f3n antiincrustante<\/strong>Elimina a fondo y ayuda a retrasar la reformaci\u00f3n de los dep\u00f3sitos.<\/li>\n<li><strong>Acabado brillante y sin halos<\/strong><\/li>\n<li><strong>Experiencia sensorial<\/strong>Con su fragancia duradera, convierte la rutina de limpieza en un momento de bienestar.<\/li>\n<\/ul>\n<p><strong>D\u00f3nde utilizarlo<\/strong><\/p>\n<p><strong>Ba\u00f1o y cocina<\/strong>grifer\u00eda, teleduchas, lavabos y sanitarios de cer\u00e1mica, encimeras de acero inoxidable y accesorios.<\/p>\n<p><strong>Consejos de compatibilidad<\/strong><\/p>\n<ul>\n<li>Evita <strong>m\u00e1rmol, piedra natural, superficies pintadas delicadas, lat\u00f3n sin tratar<\/strong> y materiales <strong>sensible a los \u00e1cidos<\/strong>.<\/li>\n<li>En cromo y acero, <strong>no lo deje mucho tiempo<\/strong> y aclarar siempre.<\/li>\n<li>Pruebe primero en una zona oculta. Utiliza guantes y ventila el ambiente.<\/li>\n<\/ul>\n<p><strong>M\u00edmese Antical<\/strong>la soluci\u00f3n que <strong>limpia, protege y perfuma<\/strong>superficies brillantes durante m\u00e1s tiempo, con el tacto sensorial que tanto te gusta.<\/p>","protected":false},"excerpt":{"rendered":"<p>Limpia, previene la cal y deja el ba\u00f1o reluciente. F\u00e1cil aclarado y fragancia persistente.<\/p>","protected":false},"featured_media":1941,"comment_status":"open","ping_status":"closed","template":"","meta":[],"product_brand":[],"product_cat":[93],"product_tag":[],"custom-fields-categoria":[],"class_list":{"0":"post-1934","1":"product","2":"type-product","3":"status-publish","4":"has-post-thumbnail","6":"product_cat-prodotti","8":"first","9":"instock","10":"shipping-taxable","11":"purchasable","12":"product-type-variable","13":"has-default-attributes"},"_links":{"self":[{"href":"https:\/\/coccolatevi.it\/es\/wp-json\/wp\/v2\/product\/1934","targetHints":{"allow":["GET"]}}],"collection":[{"href":"https:\/\/coccolatevi.it\/es\/wp-json\/wp\/v2\/product"}],"about":[{"href":"https:\/\/coccolatevi.it\/es\/wp-json\/wp\/v2\/types\/product"}],"replies":[{"embeddable":true,"href":"https:\/\/coccolatevi.it\/es\/wp-json\/wp\/v2\/comments?post=1934"}],"wp:featuredmedia":[{"embeddable":true,"href":"https:\/\/coccolatevi.it\/es\/wp-json\/wp\/v2\/media\/1941"}],"wp:attachment":[{"href":"https:\/\/coccolatevi.it\/es\/wp-json\/wp\/v2\/media?parent=1934"}],"wp:term":[{"taxonomy":"product_brand","embeddable":true,"href":"https:\/\/coccolatevi.it\/es\/wp-json\/wp\/v2\/product_brand?post=1934"},{"taxonomy":"product_cat","embeddable":true,"href":"https:\/\/coccolatevi.it\/es\/wp-json\/wp\/v2\/product_cat?post=1934"},{"taxonomy":"product_tag","embeddable":true,"href":"https:\/\/coccolatevi.it\/es\/wp-json\/wp\/v2\/product_tag?post=1934"},{"taxonomy":"custom-fields-categoria","embeddable":true,"href":"https:\/\/coccolatevi.it\/es\/wp-json\/wp\/v2\/custom-fields-categoria?post=1934"}],"curies":[{"name":"wp","href":"https:\/\/api.w.org\/{rel}","templated":true}]}}