{"id":1912,"date":"2025-07-28T21:32:45","date_gmt":"2025-07-28T21:32:45","guid":{"rendered":"https:\/\/coccolatevi.it\/?post_type=product&#038;p=1912"},"modified":"2026-04-02T16:15:13","modified_gmt":"2026-04-02T15:15:13","slug":"deo-10-in-1","status":"publish","type":"product","link":"https:\/\/coccolatevi.it\/es\/prodotto\/deo-10-in-1\/","title":{"rendered":"Desinfectante Deo 10 en 1"},"content":{"rendered":"<p><strong>DEO HIGIENIZANTE 10 en 1<\/strong><\/p>\n<p><strong>Neutraliza los olores, higieniza y superesencia durante mucho tiempo.<\/strong><br \/>\n<strong>M\u00edmate Desodorante Desinfectante 10 en 1<\/strong> es un producto innovador con tecnolog\u00eda punta que permite mil usos con un solo producto. Eficaz detergente multisuperficies e incre\u00edble desodorante para estancias y tejidos, en un solo gesto: elimina los malos olores (incluso los m\u00e1s persistentes), ayuda a higienizar y deja un <strong>fragancia exclusiva<\/strong> intenso y duradero.<\/p>\n<p><strong>Porque te encantar\u00e1<\/strong><\/p>\n<ul>\n<li><strong>Desodorante de tejidos<\/strong>perfecto en cortinas, sof\u00e1s, alfombras y muebles.<\/li>\n<li><strong>Calzado y deportes<\/strong>neutraliza los olores del calzado deportivo y los tejidos t\u00e9cnicos.<\/li>\n<li><strong>Ambientador<\/strong>Una pulverizaci\u00f3n y la casa se refresca inmediatamente.<\/li>\n<li><strong>Coche impecable<\/strong>Pulverizado en el habit\u00e1culo, ayuda a higienizar los asientos de tela y elimina los olores, incluido el humo.<\/li>\n<li><strong>Admite mascotas<\/strong>elimina todos los olores que dejan las mascotas.<\/li>\n<li><strong>Superficies duras<\/strong>limpia y refresca encimeras, tiradores, sanitarios y superficies lavables.<\/li>\n<li><strong>Armarios y cajones<\/strong>un soplo de perfume que dura mucho tiempo.<\/li>\n<li><strong>Antiolor r\u00e1pido<\/strong>tecnolog\u00eda neutralizante que act\u00faa al instante.<\/li>\n<li><strong>Uso diario<\/strong>ideal para retoques entre lavados.<\/li>\n<li><strong>Fragancias exclusivas<\/strong>firma olfativa que permanece, sin ser intrusiva.<\/li>\n<\/ul>\n<p><strong>Recomendaciones de uso<\/strong><\/p>\n<ul>\n<li>Pruebe siempre en una zona oculta sobre tejidos delicados o el\u00e1sticos.<\/li>\n<li>Evite el cuero, la seda, el terciopelo fino, las pantallas y la madera sin tratar.<\/li>\n<li>En superficies en contacto con alimentos, aclarar despu\u00e9s de usar.<\/li>\n<\/ul>\n<p><strong>M\u00edmate Desodorante Desinfectante 10 en 1<\/strong>, la soluci\u00f3n completa que higieniza y elimina olores a la vez que envuelve su espacio en fragancias exclusivas con el aroma m\u00e1s intenso y duradero.<\/p>","protected":false},"excerpt":{"rendered":"<p>Higieniza, perfuma y desodoriza tejidos, estancias y superficies. Frescor instant\u00e1neo en todas partes. Excepto en el cristal.<\/p>","protected":false},"featured_media":1925,"comment_status":"open","ping_status":"closed","template":"","meta":[],"product_brand":[],"product_cat":[93],"product_tag":[],"custom-fields-categoria":[],"class_list":{"0":"post-1912","1":"product","2":"type-product","3":"status-publish","4":"has-post-thumbnail","6":"product_cat-prodotti","8":"first","9":"instock","10":"shipping-taxable","11":"purchasable","12":"product-type-variable","13":"has-default-attributes"},"_links":{"self":[{"href":"https:\/\/coccolatevi.it\/es\/wp-json\/wp\/v2\/product\/1912","targetHints":{"allow":["GET"]}}],"collection":[{"href":"https:\/\/coccolatevi.it\/es\/wp-json\/wp\/v2\/product"}],"about":[{"href":"https:\/\/coccolatevi.it\/es\/wp-json\/wp\/v2\/types\/product"}],"replies":[{"embeddable":true,"href":"https:\/\/coccolatevi.it\/es\/wp-json\/wp\/v2\/comments?post=1912"}],"wp:featuredmedia":[{"embeddable":true,"href":"https:\/\/coccolatevi.it\/es\/wp-json\/wp\/v2\/media\/1925"}],"wp:attachment":[{"href":"https:\/\/coccolatevi.it\/es\/wp-json\/wp\/v2\/media?parent=1912"}],"wp:term":[{"taxonomy":"product_brand","embeddable":true,"href":"https:\/\/coccolatevi.it\/es\/wp-json\/wp\/v2\/product_brand?post=1912"},{"taxonomy":"product_cat","embeddable":true,"href":"https:\/\/coccolatevi.it\/es\/wp-json\/wp\/v2\/product_cat?post=1912"},{"taxonomy":"product_tag","embeddable":true,"href":"https:\/\/coccolatevi.it\/es\/wp-json\/wp\/v2\/product_tag?post=1912"},{"taxonomy":"custom-fields-categoria","embeddable":true,"href":"https:\/\/coccolatevi.it\/es\/wp-json\/wp\/v2\/custom-fields-categoria?post=1912"}],"curies":[{"name":"wp","href":"https:\/\/api.w.org\/{rel}","templated":true}]}}