{"id":1905,"date":"2025-07-28T21:23:43","date_gmt":"2025-07-28T21:23:43","guid":{"rendered":"https:\/\/coccolatevi.it\/?post_type=product&#038;p=1905"},"modified":"2026-04-15T16:56:21","modified_gmt":"2026-04-15T15:56:21","slug":"cura-lavatrice","status":"publish","type":"product","link":"https:\/\/coccolatevi.it\/es\/prodotto\/cura-lavatrice\/","title":{"rendered":"Cuidado de la lavadora"},"content":{"rendered":"<p><strong>MIMAR EL CUIDADO DE LA LAVADORA<\/strong> elimina la suciedad y los restos de jab\u00f3n,<\/p>\n<p>la cal y los malos olores y tambi\u00e9n ayuda a eliminar g\u00e9rmenes y bacterias, garantizando una<\/p>\n<p>lavadora limpia y desinfectada.<\/p>\n<p>Utilizado una vez al mes, protege las piezas vitales de la lavadora y optimiza su eficacia<\/p>\n<p>de detergente. Garantiza una sensaci\u00f3n de frescor extra en toda la lavadora.<\/p>\n<p><strong>Porque te encantar\u00e1: <\/strong><\/p>\n<p>\u2022 <strong>Limpieza profunda:<\/strong> limpia a fondo la cesta y las piezas internas.<\/p>\n<p>\u2022<strong> Antical:<\/strong> contrarresta los dep\u00f3sitos y protege los componentes vitales de la lavadora.<\/p>\n<p><strong>- Protege y conserva:<\/strong> Utilizado una vez al mes, mantiene el aparato en perfecto estado durante m\u00e1s tiempo. - Aromatiza e higieniza: elimina los malos olores y libera una sensaci\u00f3n de frescor extra en toda la lavadora.<\/p>\n<p>\u2022<strong> El aliado indispensable:<\/strong> Con el Cuidado M\u00edmate Lavadora tienes un aliado que alarga la vida de tu electrodom\u00e9stico, optimiza la eficacia del detergente y hace que cada lavado sea m\u00e1s fresco, limpio y agradable.<\/p>","protected":false},"excerpt":{"rendered":"<p>Elimina la suciedad, la cal y los olores. Protege la lavadora y deja una intensa fragancia lavado tras lavado.<\/p>","protected":false},"featured_media":1910,"comment_status":"open","ping_status":"closed","template":"","meta":[],"product_brand":[],"product_cat":[93],"product_tag":[],"custom-fields-categoria":[],"class_list":{"0":"post-1905","1":"product","2":"type-product","3":"status-publish","4":"has-post-thumbnail","6":"product_cat-prodotti","8":"first","9":"instock","10":"shipping-taxable","11":"purchasable","12":"product-type-variable","13":"has-default-attributes"},"_links":{"self":[{"href":"https:\/\/coccolatevi.it\/es\/wp-json\/wp\/v2\/product\/1905","targetHints":{"allow":["GET"]}}],"collection":[{"href":"https:\/\/coccolatevi.it\/es\/wp-json\/wp\/v2\/product"}],"about":[{"href":"https:\/\/coccolatevi.it\/es\/wp-json\/wp\/v2\/types\/product"}],"replies":[{"embeddable":true,"href":"https:\/\/coccolatevi.it\/es\/wp-json\/wp\/v2\/comments?post=1905"}],"wp:featuredmedia":[{"embeddable":true,"href":"https:\/\/coccolatevi.it\/es\/wp-json\/wp\/v2\/media\/1910"}],"wp:attachment":[{"href":"https:\/\/coccolatevi.it\/es\/wp-json\/wp\/v2\/media?parent=1905"}],"wp:term":[{"taxonomy":"product_brand","embeddable":true,"href":"https:\/\/coccolatevi.it\/es\/wp-json\/wp\/v2\/product_brand?post=1905"},{"taxonomy":"product_cat","embeddable":true,"href":"https:\/\/coccolatevi.it\/es\/wp-json\/wp\/v2\/product_cat?post=1905"},{"taxonomy":"product_tag","embeddable":true,"href":"https:\/\/coccolatevi.it\/es\/wp-json\/wp\/v2\/product_tag?post=1905"},{"taxonomy":"custom-fields-categoria","embeddable":true,"href":"https:\/\/coccolatevi.it\/es\/wp-json\/wp\/v2\/custom-fields-categoria?post=1905"}],"curies":[{"name":"wp","href":"https:\/\/api.w.org\/{rel}","templated":true}]}}