{"id":1883,"date":"2025-07-28T21:17:12","date_gmt":"2025-07-28T21:17:12","guid":{"rendered":"https:\/\/coccolatevi.it\/?post_type=product&#038;p=1883"},"modified":"2026-04-02T18:46:28","modified_gmt":"2026-04-02T17:46:28","slug":"essenze","status":"publish","type":"product","link":"https:\/\/coccolatevi.it\/es\/prodotto\/essenze\/","title":{"rendered":"Limpiador de esencias"},"content":{"rendered":"<p><strong>Fragancia intensa, limpieza eficaz, bienestar duradero.<\/strong><br \/>\nLe <strong>Esencias para mimar<\/strong> son mucho m\u00e1s que un simple detergente: proporcionan una fragancia duradera para habitaciones, armarios, cajones, cortinas, sof\u00e1s, cojines e incluso interiores de autom\u00f3viles, al tiempo que limpian a fondo todas las superficies duras*. Un gesto sencillo que combina <strong>limpieza, frescura y ambiente<\/strong>.<\/p>\n<p>&nbsp;<\/p>\n<p><strong>Porque te encantar\u00e1n<\/strong><\/p>\n<ul>\n<li><strong>Esencia de habitaci\u00f3n<\/strong>un excelente desodorante que elimina r\u00e1pidamente los malos olores, proporcionando una fragancia envolvente y persistente.<\/li>\n<li><strong>Perfuma todos los tejidos:<\/strong> pulver\u00edcelo sobre cortinas, cojines, sof\u00e1s o incluso directamente sobre la ropa para conseguir una acci\u00f3n antiolor s\u00faper perfumada<\/li>\n<li><strong>Limpiador multiusos<\/strong>Limpia a fondo las superficies duras, dejando un aroma inconfundible que transforma el hogar en un espacio de bienestar.<\/li>\n<li><strong>Acci\u00f3n antipolvo<\/strong>gracias a su efecto antiest\u00e1tico, elimina el polvo y ralentiza su deposici\u00f3n.<\/li>\n<li><strong>Nueva f\u00f3rmula s\u00faper perfumada<\/strong>Muy alto rendimiento, s\u00f3lo se necesitan unas pocas pulverizaciones para obtener un resultado extraordinario.<\/li>\n<\/ul>\n<p>&nbsp;<\/p>\n<p><strong>D\u00f3nde utilizarlos<\/strong><\/p>\n<ul>\n<li><strong>Inicio<\/strong>en todas las superficies duras (*excepto cristal) y en los muebles.<\/li>\n<li><strong>Entornos<\/strong>Roc\u00edalo en cada habitaci\u00f3n para crear un oasis de bienestar s\u00faper perfumado.<\/li>\n<li><strong>Espacios personales<\/strong>cajones, armarios e interiores de autom\u00f3viles.<\/li>\n<\/ul>\n<p>&nbsp;<\/p>\n<p><strong>Resultado<\/strong><\/p>\n<ul>\n<li><strong>Superficie limpia y brillante<\/strong><br \/>\n<strong>Fragancia intensa y persistente<\/strong><br \/>\n<strong>Ambiente acogedor y agradable<\/strong><\/li>\n<\/ul>\n<p>&nbsp;<\/p>\n<p><strong>M\u00edmate Esencias limpiadoras<\/strong>un producto que limpia, perfuma y envuelve su espacio en una experiencia sensorial \u00fanica.<\/p>","protected":false},"excerpt":{"rendered":"<p>Perfuma el aire, refresca los tejidos y limpia las superficies. Cada gota crea un ambiente limpio, cuidado y perfumado.<\/p>","protected":false},"featured_media":1895,"comment_status":"open","ping_status":"closed","template":"","meta":[],"product_brand":[],"product_cat":[93],"product_tag":[],"custom-fields-categoria":[],"class_list":{"0":"post-1883","1":"product","2":"type-product","3":"status-publish","4":"has-post-thumbnail","6":"product_cat-prodotti","8":"first","9":"instock","10":"shipping-taxable","11":"purchasable","12":"product-type-variable","13":"has-default-attributes"},"_links":{"self":[{"href":"https:\/\/coccolatevi.it\/es\/wp-json\/wp\/v2\/product\/1883","targetHints":{"allow":["GET"]}}],"collection":[{"href":"https:\/\/coccolatevi.it\/es\/wp-json\/wp\/v2\/product"}],"about":[{"href":"https:\/\/coccolatevi.it\/es\/wp-json\/wp\/v2\/types\/product"}],"replies":[{"embeddable":true,"href":"https:\/\/coccolatevi.it\/es\/wp-json\/wp\/v2\/comments?post=1883"}],"wp:featuredmedia":[{"embeddable":true,"href":"https:\/\/coccolatevi.it\/es\/wp-json\/wp\/v2\/media\/1895"}],"wp:attachment":[{"href":"https:\/\/coccolatevi.it\/es\/wp-json\/wp\/v2\/media?parent=1883"}],"wp:term":[{"taxonomy":"product_brand","embeddable":true,"href":"https:\/\/coccolatevi.it\/es\/wp-json\/wp\/v2\/product_brand?post=1883"},{"taxonomy":"product_cat","embeddable":true,"href":"https:\/\/coccolatevi.it\/es\/wp-json\/wp\/v2\/product_cat?post=1883"},{"taxonomy":"product_tag","embeddable":true,"href":"https:\/\/coccolatevi.it\/es\/wp-json\/wp\/v2\/product_tag?post=1883"},{"taxonomy":"custom-fields-categoria","embeddable":true,"href":"https:\/\/coccolatevi.it\/es\/wp-json\/wp\/v2\/custom-fields-categoria?post=1883"}],"curies":[{"name":"wp","href":"https:\/\/api.w.org\/{rel}","templated":true}]}}