{"id":1872,"date":"2025-07-28T21:07:02","date_gmt":"2025-07-28T21:07:02","guid":{"rendered":"https:\/\/coccolatevi.it\/?post_type=product&#038;p=1872"},"modified":"2026-04-08T09:02:55","modified_gmt":"2026-04-08T08:02:55","slug":"sgrassatori","status":"publish","type":"product","link":"https:\/\/coccolatevi.it\/es\/prodotto\/sgrassatori\/","title":{"rendered":"Desengrasante"},"content":{"rendered":"<p><strong>Potente con la grasa, suave con las superficies. Con tecnolog\u00eda que libera un aroma fresco durante mucho tiempo.<\/strong><br \/>\nGracias a la\u2019<strong>alta concentraci\u00f3n de tensioactivos<\/strong>, <strong>Desengrasante Cuddle<\/strong> disuelve la suciedad m\u00e1s incrustada y garantiza una <strong>limpieza profunda<\/strong> incluso en superficies dif\u00edciles, como campanas, muebles y encimeras, dejando un <strong>fragancia duradera<\/strong>.<\/p>\n<h2><\/h2>\n<p><strong>Porque te encantar\u00e1<\/strong><\/p>\n<ul>\n<li><strong>Desengrase profundo<\/strong>Elimina eficazmente la grasa y el aceite m\u00e1s resistentes de cualquier superficie.<\/li>\n<li><strong>Potente y seguro<\/strong>: apto para superficies y <strong>tejidos<\/strong>. Compatible con <strong>pintura, acero inoxidable, pl\u00e1stico, textiles y caucho<\/strong>.<\/li>\n<li><strong>Multiambiente<\/strong>un producto para <strong>Hogar, Cocina, Ba\u00f1o, Garaje y Exterior de la Casa, Coche y Textil<\/strong>.<\/li>\n<li><strong>Fragancia intensa<\/strong>para una envolvente sensaci\u00f3n de bienestar que permanece despu\u00e9s de cada uso.<\/li>\n<\/ul>\n<h2><\/h2>\n<p><strong>D\u00f3nde utilizarlo<\/strong><\/p>\n<ul>\n<li><strong>Superficies de cocina<\/strong>campanas, encimeras, puertas y muebles.<\/li>\n<li><strong>Suciedad persistente<\/strong>laminados pl\u00e1sticos, muebles met\u00e1licos, <strong>aluminio anodizado<\/strong>, radiadores, persianas.<\/li>\n<li><strong>Exteriores y motores<\/strong>: muebles de jard\u00edn de pl\u00e1stico, <strong>piezas mec\u00e1nicas<\/strong> de coches, bicicletas y motos.<\/li>\n<li><strong>Pretratamiento del tejido<\/strong>sobre las manchas de grasa antes de lavar.<\/li>\n<\/ul>","protected":false},"excerpt":{"rendered":"<pre id=\"posted-message-container\" class=\"zcmsgcnt lazy-load lazy-load-lastmsg textL\" dir=\"auto\">Poder desengrasante en todas las superficies, incluso en la colada. Aroma fresco y acci\u00f3n intensa para la cocina, el coche, el exterior y los rincones dif\u00edciles de la casa.<\/pre>","protected":false},"featured_media":1873,"comment_status":"open","ping_status":"closed","template":"","meta":[],"product_brand":[],"product_cat":[93],"product_tag":[],"custom-fields-categoria":[],"class_list":{"0":"post-1872","1":"product","2":"type-product","3":"status-publish","4":"has-post-thumbnail","6":"product_cat-prodotti","8":"first","9":"instock","10":"shipping-taxable","11":"purchasable","12":"product-type-variable"},"_links":{"self":[{"href":"https:\/\/coccolatevi.it\/es\/wp-json\/wp\/v2\/product\/1872","targetHints":{"allow":["GET"]}}],"collection":[{"href":"https:\/\/coccolatevi.it\/es\/wp-json\/wp\/v2\/product"}],"about":[{"href":"https:\/\/coccolatevi.it\/es\/wp-json\/wp\/v2\/types\/product"}],"replies":[{"embeddable":true,"href":"https:\/\/coccolatevi.it\/es\/wp-json\/wp\/v2\/comments?post=1872"}],"wp:featuredmedia":[{"embeddable":true,"href":"https:\/\/coccolatevi.it\/es\/wp-json\/wp\/v2\/media\/1873"}],"wp:attachment":[{"href":"https:\/\/coccolatevi.it\/es\/wp-json\/wp\/v2\/media?parent=1872"}],"wp:term":[{"taxonomy":"product_brand","embeddable":true,"href":"https:\/\/coccolatevi.it\/es\/wp-json\/wp\/v2\/product_brand?post=1872"},{"taxonomy":"product_cat","embeddable":true,"href":"https:\/\/coccolatevi.it\/es\/wp-json\/wp\/v2\/product_cat?post=1872"},{"taxonomy":"product_tag","embeddable":true,"href":"https:\/\/coccolatevi.it\/es\/wp-json\/wp\/v2\/product_tag?post=1872"},{"taxonomy":"custom-fields-categoria","embeddable":true,"href":"https:\/\/coccolatevi.it\/es\/wp-json\/wp\/v2\/custom-fields-categoria?post=1872"}],"curies":[{"name":"wp","href":"https:\/\/api.w.org\/{rel}","templated":true}]}}