{"id":1843,"date":"2025-07-28T20:55:33","date_gmt":"2025-07-28T20:55:33","guid":{"rendered":"https:\/\/coccolatevi.it\/?post_type=product&#038;p=1843"},"modified":"2026-04-04T07:47:19","modified_gmt":"2026-04-04T06:47:19","slug":"bloomalcool","status":"publish","type":"product","link":"https:\/\/coccolatevi.it\/es\/prodotto\/bloomalcool\/","title":{"rendered":"Bloomalcool"},"content":{"rendered":"<p><span data-teams=\"true\"><strong>Eficazmente limpio y magn\u00edficamente perfumado para una inmediata sensaci\u00f3n de bienestar.<\/strong><\/span><br \/>\n<strong>M\u00edmate Bloomalcool\u00a0<\/strong>es un producto innovador que revolucionar\u00e1 su forma de limpiar. Su eficaz f\u00f3rmula con alcohol de 60\u00b0 s\u00faper perfumado utilizado en perfumer\u00eda es ideal para limpiar todas las superficies.<\/p>\n<p>&nbsp;<\/p>\n<p><strong>Porque te encantar\u00e1<\/strong><\/p>\n<ul>\n<li><strong>Eficaz y vers\u00e1til<\/strong>: ayuda a eliminar eficazmente la suciedad, las huellas dactilares, los g\u00e9rmenes y las bacterias de todas las superficies.<\/li>\n<li><strong>Sin halo<\/strong>F\u00f3rmula de evaporaci\u00f3n r\u00e1pida, ideal tambi\u00e9n sobre cristales y espejos.<\/li>\n<li><strong>Fragancia envolvente<\/strong>fragancias agradables y persistentes que dejan su hogar fresco y superoliente durante m\u00e1s tiempo.<\/li>\n<li><strong>Toque \u201cPro\u201d<\/strong>acabado brillante en pocos pasos.<\/li>\n<\/ul>\n<p>&nbsp;<\/p>\n<p><strong>D\u00f3nde utilizarlo<\/strong><\/p>\n<p><strong>Cristales, espejos, acero, azulejos, encimeras, tiradores, interruptores, muebles lacados y superficies de ba\u00f1o.<\/strong><br \/>\nPerfecta siempre que quieras higiene percibida, brillo y un aroma que te abrace.<\/p>","protected":false},"excerpt":{"rendered":"<p>Detergente alcoh\u00f3lico a 60\u00b0: limpia, higieniza y perfuma. Acci\u00f3n r\u00e1pida, fragancia intensa, secado inmediato.<\/p>","protected":false},"featured_media":1857,"comment_status":"open","ping_status":"closed","template":"","meta":[],"product_brand":[],"product_cat":[93],"product_tag":[],"custom-fields-categoria":[],"class_list":{"0":"post-1843","1":"product","2":"type-product","3":"status-publish","4":"has-post-thumbnail","6":"product_cat-prodotti","8":"first","9":"instock","10":"shipping-taxable","11":"purchasable","12":"product-type-variable","13":"has-default-attributes"},"_links":{"self":[{"href":"https:\/\/coccolatevi.it\/es\/wp-json\/wp\/v2\/product\/1843","targetHints":{"allow":["GET"]}}],"collection":[{"href":"https:\/\/coccolatevi.it\/es\/wp-json\/wp\/v2\/product"}],"about":[{"href":"https:\/\/coccolatevi.it\/es\/wp-json\/wp\/v2\/types\/product"}],"replies":[{"embeddable":true,"href":"https:\/\/coccolatevi.it\/es\/wp-json\/wp\/v2\/comments?post=1843"}],"wp:featuredmedia":[{"embeddable":true,"href":"https:\/\/coccolatevi.it\/es\/wp-json\/wp\/v2\/media\/1857"}],"wp:attachment":[{"href":"https:\/\/coccolatevi.it\/es\/wp-json\/wp\/v2\/media?parent=1843"}],"wp:term":[{"taxonomy":"product_brand","embeddable":true,"href":"https:\/\/coccolatevi.it\/es\/wp-json\/wp\/v2\/product_brand?post=1843"},{"taxonomy":"product_cat","embeddable":true,"href":"https:\/\/coccolatevi.it\/es\/wp-json\/wp\/v2\/product_cat?post=1843"},{"taxonomy":"product_tag","embeddable":true,"href":"https:\/\/coccolatevi.it\/es\/wp-json\/wp\/v2\/product_tag?post=1843"},{"taxonomy":"custom-fields-categoria","embeddable":true,"href":"https:\/\/coccolatevi.it\/es\/wp-json\/wp\/v2\/custom-fields-categoria?post=1843"}],"curies":[{"name":"wp","href":"https:\/\/api.w.org\/{rel}","templated":true}]}}