{"id":7069,"date":"2026-03-23T17:13:13","date_gmt":"2026-03-23T16:13:13","guid":{"rendered":"https:\/\/coccolatevi.it\/?post_type=product&#038;p=7069"},"modified":"2026-05-06T15:06:54","modified_gmt":"2026-05-06T14:06:54","slug":"lavafast","status":"publish","type":"product","link":"https:\/\/coccolatevi.it\/de\/prodotto\/lavafast\/","title":{"rendered":"Lavafast"},"content":{"rendered":"<p>Coccolatevi <strong>LAVAFAST<\/strong> macht das Waschen zu einer schnellen und einfachen Geste: der innovative Beutel f\u00fcr tadellose W\u00e4sche, der hohe Leistung, Zweckm\u00e4\u00dfigkeit und einen umh\u00fcllenden, lang anhaltenden Duft vereint. 1 Produkt, 5 verschiedene Funktionen:<\/p>\n<p>&nbsp;<\/p>\n<ul>\n<li>Hochleistungswaschmittel<\/li>\n<li>Weichsp\u00fcler f\u00fcr weiche Kleidungsst\u00fccke<\/li>\n<li>Lang anhaltender Duft<\/li>\n<li>Schutz der Waschmaschine mit Anti-Kalk- und Desinfektionsmitteln<\/li>\n<li>Farbschutzmittel zum Schutz der Stoffe beim Waschen<\/li>\n<\/ul>\n<p>&nbsp;<\/p>\n<p>1 farblich abgestimmter Stoffbeutel mit vorgemischten und vordosierten Produkten im Inneren f\u00fcr perfekte, abfallfreie W\u00e4sche.<\/p>\n<p>&nbsp;<\/p>\n<p>Sie ist auch bei niedrigen Temperaturen wirksam und vereinfacht jede W\u00e4sche durch Tiefenreinigung, Null-Abfall und maximalen Komfort. So bleibt mehr Zeit f\u00fcr Sie und weniger f\u00fcr die Hausarbeit.<\/p>\n<p>&nbsp;<\/p>\n<p><strong>Warum w\u00e4hlen Sie es?<\/strong><\/p>\n<ul>\n<li>Echte Nachhaltigkeit: umweltfreundliche Materialien, plastikfreie Verpackungen<\/li>\n<li>Maximaler Komfort: ein einfacher Schritt, kein Abmessen, keine R\u00fcckst\u00e4nde<\/li>\n<li>Funktionelle Textiltechnologie: Der Beutel fungiert als Farbf\u00e4nger<\/li>\n<li>Geeignet f\u00fcr alle Stoffe und Waschg\u00e4nge<\/li>\n<li>Weniger Abfall: pr\u00e4zise Einzeldosis, gleichbleibende Leistung<\/li>\n<\/ul>\n<p>&nbsp;<\/p>\n<p><strong>Weil Sie es lieben werden<\/strong><\/p>\n<p>&nbsp;<\/p>\n<p><strong>Mehr Zeit f\u00fcr Sie<\/strong>Schnell bedeutet mehr Freizeit f\u00fcr Sie und weniger Zeit f\u00fcr die Hausarbeit.<\/p>\n<p><strong>Null Fehler, maximale Wirksamkeit<\/strong>Sie m\u00fcssen nichts abmessen oder einf\u00fcllen - nur ein Beutel, und Sie sind fertig.<\/p>\n<p><strong>Tiefenreinigung, auch bei niedrigen Temperaturen<\/strong>Bereits bei 30\u00b0 wirksam, dringt es in die Fasern ein und hilft, selbst die schwierigsten Flecken und Ger\u00fcche zu entfernen.<\/p>\n<p><strong>F\u00e4ngt verstreute Farben ein<\/strong>Es tr\u00e4gt dazu bei, dass die Farben lebendig und das Wei\u00df strahlend bleiben, W\u00e4sche f\u00fcr W\u00e4sche.<\/p>\n<p><strong>Der Kuschelduft, der den Unterschied macht<\/strong>ein au\u00dfergew\u00f6hnlicher und anhaltender Duft, der Ihre Kleidung verw\u00f6hnt.<\/p>\n<p><strong>Unwiderstehliche Weichheit<\/strong>Die Stoffe werden weich, f\u00fchlen sich angenehm an, wie eine Liebkosung auf der Haut.<\/p>\n<p><strong>R\u00fcckst\u00e4nde und schlechte Ger\u00fcche ade<\/strong>sch\u00fctzt die Waschmaschine und beugt Kalkablagerungen vor, so dass jedes Mal ein einwandfreies Waschergebnis erzielt wird.<\/p>\n<p>&nbsp;<\/p>\n<p><strong>EINZELDOSIS-BEUTEL<\/strong><\/p>\n<p><strong>Weniger Abfall, mehr Effizienz<\/strong>Jeder Beutel enth\u00e4lt die perfekte Menge, so dass ein \u00dcberschuss vermieden wird und gleichbleibende Ergebnisse garantiert sind.<\/p>\n<p><strong>Null Plastik<\/strong>plastikfreie Verpackungen und T\u00fctchen f\u00fcr eine bewusstere und nachhaltigere Wahl.<\/p>\n<p><strong>Mehr Platz, weniger Unordnung<\/strong>ein Produkt anstelle von f\u00fcnf.<\/p>\n<p>&nbsp;<\/p>\n<p><strong>Eine neue, unkomplizierte Routine<\/strong><\/p>\n<p>Mit LAVAFAST wird W\u00e4sche schnell, intuitiv und immer perfekt. Weniger Zeit zum Waschen, mehr Zeit f\u00fcr das, was Sie lieben.<\/p>","protected":false},"excerpt":{"rendered":"<p>5 Aktionen in einem Beutel: w\u00e4scht, sch\u00fctzt Farben, parf\u00fcmiert, macht weich und pflegt die Waschmaschine. Mehr Zeit f\u00fcr Sie, immer perfekte W\u00e4sche.<\/p>","protected":false},"featured_media":7178,"comment_status":"closed","ping_status":"closed","template":"","meta":[],"product_brand":[],"product_cat":[93],"product_tag":[],"custom-fields-categoria":[],"class_list":{"0":"post-7069","1":"product","2":"type-product","3":"status-publish","4":"has-post-thumbnail","6":"product_cat-prodotti","8":"first","9":"instock","10":"shipping-taxable","11":"purchasable","12":"product-type-variable","13":"has-default-attributes"},"_links":{"self":[{"href":"https:\/\/coccolatevi.it\/de\/wp-json\/wp\/v2\/product\/7069","targetHints":{"allow":["GET"]}}],"collection":[{"href":"https:\/\/coccolatevi.it\/de\/wp-json\/wp\/v2\/product"}],"about":[{"href":"https:\/\/coccolatevi.it\/de\/wp-json\/wp\/v2\/types\/product"}],"replies":[{"embeddable":true,"href":"https:\/\/coccolatevi.it\/de\/wp-json\/wp\/v2\/comments?post=7069"}],"wp:featuredmedia":[{"embeddable":true,"href":"https:\/\/coccolatevi.it\/de\/wp-json\/wp\/v2\/media\/7178"}],"wp:attachment":[{"href":"https:\/\/coccolatevi.it\/de\/wp-json\/wp\/v2\/media?parent=7069"}],"wp:term":[{"taxonomy":"product_brand","embeddable":true,"href":"https:\/\/coccolatevi.it\/de\/wp-json\/wp\/v2\/product_brand?post=7069"},{"taxonomy":"product_cat","embeddable":true,"href":"https:\/\/coccolatevi.it\/de\/wp-json\/wp\/v2\/product_cat?post=7069"},{"taxonomy":"product_tag","embeddable":true,"href":"https:\/\/coccolatevi.it\/de\/wp-json\/wp\/v2\/product_tag?post=7069"},{"taxonomy":"custom-fields-categoria","embeddable":true,"href":"https:\/\/coccolatevi.it\/de\/wp-json\/wp\/v2\/custom-fields-categoria?post=7069"}],"curies":[{"name":"wp","href":"https:\/\/api.w.org\/{rel}","templated":true}]}}