{"id":303,"date":"2025-07-04T10:44:21","date_gmt":"2025-07-04T10:44:21","guid":{"rendered":"https:\/\/coccolatevi.it\/?post_type=product&#038;p=303"},"modified":"2026-04-09T17:31:48","modified_gmt":"2026-04-09T16:31:48","slug":"ammorbidente","status":"publish","type":"product","link":"https:\/\/coccolatevi.it\/de\/prodotto\/ammorbidente\/","title":{"rendered":"Weichsp\u00fcler"},"content":{"rendered":"<p>Umh\u00fcllen Sie Ihre W\u00e4sche mit einer lang anhaltenden Streicheleinheit.<\/p>\n<p><strong>Pampering macht jede W\u00e4sche zu einem Moment des Wohlbefindens:<\/strong> Die Weichheit und der umh\u00fcllende Duft bleiben \u00fcber lange Zeit erhalten, W\u00e4sche f\u00fcr W\u00e4sche.<\/p>\n<p><strong>Weil Sie es lieben werden<\/strong><br \/>\n<strong>Intensiver, lang anhaltender Duft:<\/strong> eine Wolke aus Frische und Duft, die l\u00e4nger auf Kleidungsst\u00fccken, Laken und Handt\u00fcchern bleibt.<br \/>\n<strong>Ein Duft f\u00fcr jede Stimmung:<\/strong> Die Palette reicht von blumigen und talkigen bis hin zu bernsteinfarbenen und holzigen Noten, so dass Sie den Duft ausw\u00e4hlen k\u00f6nnen, der am besten zu Ihnen passt.<br \/>\n<strong>Kuschelige Weichheit:<\/strong> Die Stoffe sind weicher, leichter zu b\u00fcgeln und f\u00fchlen sich angenehm an.<\/p>\n<p><strong>KONZENTRIERTE VERSION<\/strong><br \/>\n<strong>Nachhaltige Wahl:<\/strong> konzentrierte Formel, die f\u00fcr weniger Abfall, weniger Plastik, mehr Respekt f\u00fcr die Umwelt und mehr Komfort f\u00fcr Sie sorgt.<\/p>\n<p>&nbsp;<\/p>\n<p><strong>Viele D\u00fcfte, einer f\u00fcr jede Stimmung:<\/strong> W\u00e4hlen Sie den Duft, der Ihre Stimmung oder Ihren Tag am besten widerspiegelt. Wir haben eine Reihe von D\u00fcften entwickelt, die f\u00fcr jede Stimmung geeignet sind - blumig, talkumig &amp; sauber, zitrisch &amp; spritzig, amber &amp; holzig.<\/p>\n<p><strong>Mix &amp; Match Verw\u00f6hnen Sie sich selbst: <\/strong>Kombinieren Sie es mit dem Haushalts- und Waschmittel und dem Parf\u00fcmierer f\u00fcr einen intensiven und anhaltenden Duft.<\/p>","protected":false},"excerpt":{"rendered":"<p>Extra Weichheit, einzigartiger Glanz und Frische, die wochenlang anh\u00e4lt. Viele D\u00fcfte f\u00fcr jede Stimmung, ideal mit Waschmaschine Waschmittel und Cuddle Duft.<\/p>","protected":false},"featured_media":304,"comment_status":"open","ping_status":"closed","template":"","meta":[],"product_brand":[],"product_cat":[93],"product_tag":[],"custom-fields-categoria":[],"class_list":{"0":"post-303","1":"product","2":"type-product","3":"status-publish","4":"has-post-thumbnail","6":"product_cat-prodotti","8":"first","9":"instock","10":"shipping-taxable","11":"purchasable","12":"product-type-variable","13":"has-default-attributes"},"_links":{"self":[{"href":"https:\/\/coccolatevi.it\/de\/wp-json\/wp\/v2\/product\/303","targetHints":{"allow":["GET"]}}],"collection":[{"href":"https:\/\/coccolatevi.it\/de\/wp-json\/wp\/v2\/product"}],"about":[{"href":"https:\/\/coccolatevi.it\/de\/wp-json\/wp\/v2\/types\/product"}],"replies":[{"embeddable":true,"href":"https:\/\/coccolatevi.it\/de\/wp-json\/wp\/v2\/comments?post=303"}],"wp:featuredmedia":[{"embeddable":true,"href":"https:\/\/coccolatevi.it\/de\/wp-json\/wp\/v2\/media\/304"}],"wp:attachment":[{"href":"https:\/\/coccolatevi.it\/de\/wp-json\/wp\/v2\/media?parent=303"}],"wp:term":[{"taxonomy":"product_brand","embeddable":true,"href":"https:\/\/coccolatevi.it\/de\/wp-json\/wp\/v2\/product_brand?post=303"},{"taxonomy":"product_cat","embeddable":true,"href":"https:\/\/coccolatevi.it\/de\/wp-json\/wp\/v2\/product_cat?post=303"},{"taxonomy":"product_tag","embeddable":true,"href":"https:\/\/coccolatevi.it\/de\/wp-json\/wp\/v2\/product_tag?post=303"},{"taxonomy":"custom-fields-categoria","embeddable":true,"href":"https:\/\/coccolatevi.it\/de\/wp-json\/wp\/v2\/custom-fields-categoria?post=303"}],"curies":[{"name":"wp","href":"https:\/\/api.w.org\/{rel}","templated":true}]}}