{"id":2062,"date":"2025-07-28T22:13:25","date_gmt":"2025-07-28T22:13:25","guid":{"rendered":"https:\/\/coccolatevi.it\/?post_type=product&#038;p=2062"},"modified":"2026-04-04T07:31:24","modified_gmt":"2026-04-04T06:31:24","slug":"detergenti","status":"publish","type":"product","link":"https:\/\/coccolatevi.it\/de\/prodotto\/detergenti\/","title":{"rendered":"Glasreiniger"},"content":{"rendered":"<p><strong>Perfekte Brillanz, schnelle Trocknung, keine Lichthofbildung.<\/strong><br \/>\n<strong>Verw\u00f6hnen Sie sich Glasreiniger<\/strong> hat eine <strong>innovative Formel mit sehr geringer Umweltbelastung<\/strong>ideal f\u00fcr Glas und alle abwaschbaren harten Oberfl\u00e4chen, hinterl\u00e4sst einen makellosen Glanz und beseitigt alle Schlieren im Handumdrehen.<\/p>\n<p><strong>Weil Sie es lieben werden<\/strong><\/p>\n<ul>\n<li><strong>Superdufte Aktion<\/strong>setzt einen intensiven, lang anhaltenden Duft frei<\/li>\n<li><strong>Null-Halo-Technologie<\/strong>Brillante Wirkung, keine Lichth\u00f6fe<\/li>\n<li><strong>Trocknet schnell<\/strong>f\u00fcr eine intelligentere Nutzung und weniger Zeitaufwand<\/li>\n<li><strong>Multi-Surface<\/strong>perfekt auf Glas, Spiegeln, Kristall, Edelstahl, Fliesen und lackierten Oberfl\u00e4chen.<\/li>\n<li><strong>Eine nachhaltigere Wahl<\/strong>Formel mit sehr geringer Umweltbelastung und effektiver Leistung mit nur wenigen Spr\u00fchst\u00f6\u00dfen.<\/li>\n<\/ul>","protected":false},"excerpt":{"rendered":"<p>Sofortiger Glanz und lang anhaltender Duft, ohne Lichth\u00f6fe. Ideal f\u00fcr Glas und harte Oberfl\u00e4chen, auch bei Sonnenlicht.<\/p>","protected":false},"featured_media":2070,"comment_status":"open","ping_status":"closed","template":"","meta":[],"product_brand":[],"product_cat":[93],"product_tag":[],"custom-fields-categoria":[],"class_list":{"0":"post-2062","1":"product","2":"type-product","3":"status-publish","4":"has-post-thumbnail","6":"product_cat-prodotti","8":"first","9":"instock","10":"shipping-taxable","11":"purchasable","12":"product-type-variable","13":"has-default-attributes"},"_links":{"self":[{"href":"https:\/\/coccolatevi.it\/de\/wp-json\/wp\/v2\/product\/2062","targetHints":{"allow":["GET"]}}],"collection":[{"href":"https:\/\/coccolatevi.it\/de\/wp-json\/wp\/v2\/product"}],"about":[{"href":"https:\/\/coccolatevi.it\/de\/wp-json\/wp\/v2\/types\/product"}],"replies":[{"embeddable":true,"href":"https:\/\/coccolatevi.it\/de\/wp-json\/wp\/v2\/comments?post=2062"}],"wp:featuredmedia":[{"embeddable":true,"href":"https:\/\/coccolatevi.it\/de\/wp-json\/wp\/v2\/media\/2070"}],"wp:attachment":[{"href":"https:\/\/coccolatevi.it\/de\/wp-json\/wp\/v2\/media?parent=2062"}],"wp:term":[{"taxonomy":"product_brand","embeddable":true,"href":"https:\/\/coccolatevi.it\/de\/wp-json\/wp\/v2\/product_brand?post=2062"},{"taxonomy":"product_cat","embeddable":true,"href":"https:\/\/coccolatevi.it\/de\/wp-json\/wp\/v2\/product_cat?post=2062"},{"taxonomy":"product_tag","embeddable":true,"href":"https:\/\/coccolatevi.it\/de\/wp-json\/wp\/v2\/product_tag?post=2062"},{"taxonomy":"custom-fields-categoria","embeddable":true,"href":"https:\/\/coccolatevi.it\/de\/wp-json\/wp\/v2\/custom-fields-categoria?post=2062"}],"curies":[{"name":"wp","href":"https:\/\/api.w.org\/{rel}","templated":true}]}}