{"id":1993,"date":"2025-07-28T22:10:13","date_gmt":"2025-07-28T22:10:13","guid":{"rendered":"https:\/\/coccolatevi.it\/?post_type=product&#038;p=1993"},"modified":"2026-04-04T01:46:11","modified_gmt":"2026-04-04T00:46:11","slug":"profumatori","status":"publish","type":"product","link":"https:\/\/coccolatevi.it\/de\/prodotto\/profumatori\/","title":{"rendered":"Parf\u00fcmeur f\u00fcr Haushalt und W\u00e4scherei"},"content":{"rendered":"<p>Ein Produkt, tausend M\u00f6glichkeiten, sich zu verw\u00f6hnen. Pamper Yourself Home and Laundry Perfumer ist die einfache Geste, die allem, was Sie lieben, Wohlbefinden, einen intensiven und lang anhaltenden Duft und Frische verleiht: W\u00e4sche, Oberfl\u00e4chen und R\u00e4ume.<\/p>\n<p><strong>Weil Sie es lieben werden<\/strong><\/p>\n<p><strong>Intensiver Duft auf der W\u00e4sche:<\/strong> in der Waschmaschine oder per Hand, h\u00fcllt die Kleidung in einen unwiderstehlichen, lang anhaltenden Duft.<\/p>\n<p><strong>Gl\u00e4nzende, duftende Oberfl\u00e4chen:<\/strong> In Wasser verd\u00fcnnt, reinigt es B\u00f6den, Glas und harte Oberfl\u00e4chen und hinterl\u00e4sst sie gl\u00e4nzend und duftend.<\/p>\n<p><strong>Einzigartige Atmosph\u00e4ren in der Wohnung:<\/strong> Ein paar Tropfen in einem Diffusor oder mit St\u00e4bchen verwendet und schon entsteht eine gem\u00fctliche, einh\u00fcllende Atmosph\u00e4re.<\/p>\n<p><strong>Nachhaltige Wahl:<\/strong> ist superkonzentriert, nur ein paar Tropfen reichen f\u00fcr ein au\u00dfergew\u00f6hnliches Ergebnis. Eine Flasche, tausend Anwendungen: weniger Plastik, weniger Abfall, mehr Respekt f\u00fcr die Umwelt... und f\u00fcr Ihren Geldbeutel.<\/p>\n<p><strong>Mix &amp; Match Lassen Sie sich verw\u00f6hnen:<\/strong> Kombinieren Sie es mit Weichsp\u00fcler und Waschmittel, um einen noch intensiveren multisensorischen Effekt zu erzielen.<\/p>","protected":false},"excerpt":{"rendered":"<p>Es parf\u00fcmiert die W\u00e4sche, reinigt die Oberfl\u00e4chen und umh\u00fcllt die Umwelt. Vielseitig einsetzbar und sehr hartn\u00e4ckig.<\/p>","protected":false},"featured_media":2045,"comment_status":"open","ping_status":"closed","template":"","meta":[],"product_brand":[],"product_cat":[93],"product_tag":[],"custom-fields-categoria":[],"class_list":{"0":"post-1993","1":"product","2":"type-product","3":"status-publish","4":"has-post-thumbnail","6":"product_cat-prodotti","8":"first","9":"instock","10":"shipping-taxable","11":"purchasable","12":"product-type-variable"},"_links":{"self":[{"href":"https:\/\/coccolatevi.it\/de\/wp-json\/wp\/v2\/product\/1993","targetHints":{"allow":["GET"]}}],"collection":[{"href":"https:\/\/coccolatevi.it\/de\/wp-json\/wp\/v2\/product"}],"about":[{"href":"https:\/\/coccolatevi.it\/de\/wp-json\/wp\/v2\/types\/product"}],"replies":[{"embeddable":true,"href":"https:\/\/coccolatevi.it\/de\/wp-json\/wp\/v2\/comments?post=1993"}],"wp:featuredmedia":[{"embeddable":true,"href":"https:\/\/coccolatevi.it\/de\/wp-json\/wp\/v2\/media\/2045"}],"wp:attachment":[{"href":"https:\/\/coccolatevi.it\/de\/wp-json\/wp\/v2\/media?parent=1993"}],"wp:term":[{"taxonomy":"product_brand","embeddable":true,"href":"https:\/\/coccolatevi.it\/de\/wp-json\/wp\/v2\/product_brand?post=1993"},{"taxonomy":"product_cat","embeddable":true,"href":"https:\/\/coccolatevi.it\/de\/wp-json\/wp\/v2\/product_cat?post=1993"},{"taxonomy":"product_tag","embeddable":true,"href":"https:\/\/coccolatevi.it\/de\/wp-json\/wp\/v2\/product_tag?post=1993"},{"taxonomy":"custom-fields-categoria","embeddable":true,"href":"https:\/\/coccolatevi.it\/de\/wp-json\/wp\/v2\/custom-fields-categoria?post=1993"}],"curies":[{"name":"wp","href":"https:\/\/api.w.org\/{rel}","templated":true}]}}