{"id":1942,"date":"2025-07-28T21:49:08","date_gmt":"2025-07-28T21:49:08","guid":{"rendered":"https:\/\/coccolatevi.it\/?post_type=product&#038;p=1942"},"modified":"2026-04-10T17:40:24","modified_gmt":"2026-04-10T16:40:24","slug":"lavatrice","status":"publish","type":"product","link":"https:\/\/coccolatevi.it\/de\/prodotto\/lavatrice\/","title":{"rendered":"Waschmaschine Waschmittel"},"content":{"rendered":"<p>Tiefenreinigung, unwiderstehliche Frische, lang anhaltender Duft.<\/p>\n<p>Coccolatevi Detersivo Lavatrice ist ein innovatives Produkt, das die W\u00e4sche gr\u00fcndlich reinigt und parf\u00fcmiert: Es ist bekannt f\u00fcr seine Wirksamkeit auch in kaltem Zustand und macht jedes Kleidungsst\u00fcck angenehm zu tragen, W\u00e4sche f\u00fcr W\u00e4sche.<\/p>\n<p><strong>Weil Sie es lieben werden <\/strong><\/p>\n<p>\u2022 <strong>Tiefenreinigung:<\/strong> entfernt den Schmutz in der Tiefe, auch bei niedrigen Temperaturen.<\/p>\n<p>\u2022 <strong>Super duftend:<\/strong> intensiver, umh\u00fcllender Duft, der auf den Stoffen verbleibt - sogar im Kleiderschrank.<\/p>\n<p>\u2022 <strong>Wirksam auf allen Stoffen:<\/strong> tr\u00e4gt dazu bei, dass Kleidungsst\u00fccke l\u00e4nger wie neu aussehen.<\/p>\n<p>\u2022 <strong>Eine Welt der D\u00fcfte:<\/strong> in mehr als sechs exklusiven Duftnoten erh\u00e4ltlich, f\u00fcr jede Stimmung und jeden Geruchsgeschmack.<\/p>\n<p>Es riecht gut, weil es gut reinigt. W\u00e4hlen Sie Ihren Duft und verwandeln Sie jede W\u00e4sche in einen Moment des Wohlbefindens.<\/p>\n<p><strong>Mix &amp; Match Lassen Sie sich verw\u00f6hnen: <\/strong>Kombinieren Sie ihn mit dem Weichsp\u00fcler und dem Home and Laundry Perfumer f\u00fcr einen noch intensiveren multisensorischen Effekt.<\/p>","protected":false},"excerpt":{"rendered":"<p>Tiefenreinigung und umh\u00fcllender Duft schon bei 30 \u00b0C. Sch\u00fctzt Farben und Gewebe, ideal mit Weichsp\u00fcler und Parf\u00fcm Verw\u00f6hnen Sie sich.<\/p>","protected":false},"featured_media":1969,"comment_status":"open","ping_status":"closed","template":"","meta":[],"product_brand":[],"product_cat":[93],"product_tag":[],"custom-fields-categoria":[],"class_list":{"0":"post-1942","1":"product","2":"type-product","3":"status-publish","4":"has-post-thumbnail","6":"product_cat-prodotti","8":"first","9":"instock","10":"shipping-taxable","11":"purchasable","12":"product-type-variable"},"_links":{"self":[{"href":"https:\/\/coccolatevi.it\/de\/wp-json\/wp\/v2\/product\/1942","targetHints":{"allow":["GET"]}}],"collection":[{"href":"https:\/\/coccolatevi.it\/de\/wp-json\/wp\/v2\/product"}],"about":[{"href":"https:\/\/coccolatevi.it\/de\/wp-json\/wp\/v2\/types\/product"}],"replies":[{"embeddable":true,"href":"https:\/\/coccolatevi.it\/de\/wp-json\/wp\/v2\/comments?post=1942"}],"wp:featuredmedia":[{"embeddable":true,"href":"https:\/\/coccolatevi.it\/de\/wp-json\/wp\/v2\/media\/1969"}],"wp:attachment":[{"href":"https:\/\/coccolatevi.it\/de\/wp-json\/wp\/v2\/media?parent=1942"}],"wp:term":[{"taxonomy":"product_brand","embeddable":true,"href":"https:\/\/coccolatevi.it\/de\/wp-json\/wp\/v2\/product_brand?post=1942"},{"taxonomy":"product_cat","embeddable":true,"href":"https:\/\/coccolatevi.it\/de\/wp-json\/wp\/v2\/product_cat?post=1942"},{"taxonomy":"product_tag","embeddable":true,"href":"https:\/\/coccolatevi.it\/de\/wp-json\/wp\/v2\/product_tag?post=1942"},{"taxonomy":"custom-fields-categoria","embeddable":true,"href":"https:\/\/coccolatevi.it\/de\/wp-json\/wp\/v2\/custom-fields-categoria?post=1942"}],"curies":[{"name":"wp","href":"https:\/\/api.w.org\/{rel}","templated":true}]}}