{"id":1934,"date":"2025-07-28T21:38:18","date_gmt":"2025-07-28T21:38:18","guid":{"rendered":"https:\/\/coccolatevi.it\/?post_type=product&#038;p=1934"},"modified":"2026-04-11T06:19:21","modified_gmt":"2026-04-11T05:19:21","slug":"anticalcare","status":"publish","type":"product","link":"https:\/\/coccolatevi.it\/de\/prodotto\/anticalcare\/","title":{"rendered":"Antilimeskala"},"content":{"rendered":"<p><strong>Sofortiger Glanz, lang anhaltender Schutz, lang anhaltender Duft.<\/strong><br \/>\nMit seiner innovativen, stark duftenden Formel entfernt Coccolatevi Anticalcare schnell Kalk, Seifenreste und hartn\u00e4ckigen Schmutz und hinterl\u00e4sst die Oberfl\u00e4chen sauber, glatt und angenehm duftend.<\/p>\n<p><strong>Weil Sie es lieben werden<\/strong><\/p>\n<ul>\n<li><strong>Erstaunliche Sauberkeit<\/strong>Probieren Sie es auf Wasserh\u00e4hnen, Stahl und Keramik, Kalk l\u00f6st sich in Sekunden auf.<\/li>\n<li><strong>Anti-Scaling-Wirkung<\/strong>Es entfernt gr\u00fcndlich Ablagerungen und hilft, deren Neubildung zu verz\u00f6gern.<\/li>\n<li><strong>Gl\u00e4nzende und halofreie Oberfl\u00e4che<\/strong><\/li>\n<li><strong>Sinnliche Erfahrung<\/strong>Mit seinem lang anhaltenden Duft macht er die Reinigung zu einem Moment des Wohlbefindens.<\/li>\n<\/ul>\n<p><strong>Wo wird es verwendet?<\/strong><\/p>\n<p><strong>Bad und K\u00fcche<\/strong>Wasserh\u00e4hne, Handbrausen, Keramikwaschbecken und Sanit\u00e4rkeramik, Abdeckungen aus Edelstahl und Zubeh\u00f6r.<\/p>\n<p><strong>Ratschl\u00e4ge zur Kompatibilit\u00e4t<\/strong><\/p>\n<ul>\n<li>Evita <strong>Marmor, Naturstein, empfindliche lackierte Oberfl\u00e4chen, unbehandeltes Messing<\/strong> und Materialien <strong>s\u00e4ureempfindlich<\/strong>.<\/li>\n<li>Auf Chrom und Stahl, <strong>nicht zu lange liegen lassen<\/strong> und immer aussp\u00fclen.<\/li>\n<li>Versuchen Sie es zun\u00e4chst an einem versteckten Ort. Tragen Sie Handschuhe und l\u00fcften Sie die Umgebung.<\/li>\n<\/ul>\n<p><strong>Verw\u00f6hnen Sie sich Anti-Skala<\/strong>die L\u00f6sung, die <strong>reinigt, sch\u00fctzt und parf\u00fcmiert<\/strong>L\u00e4nger gl\u00e4nzende Oberfl\u00e4chen, mit der von Ihnen geliebten sensorischen Ber\u00fchrung.<\/p>","protected":false},"excerpt":{"rendered":"<p>Reinigt, verhindert Kalkablagerungen und l\u00e4sst das Bad gl\u00e4nzen. Leicht absp\u00fclbar und mit lang anhaltendem Duft.<\/p>","protected":false},"featured_media":1941,"comment_status":"open","ping_status":"closed","template":"","meta":[],"product_brand":[],"product_cat":[93],"product_tag":[],"custom-fields-categoria":[],"class_list":{"0":"post-1934","1":"product","2":"type-product","3":"status-publish","4":"has-post-thumbnail","6":"product_cat-prodotti","8":"first","9":"instock","10":"shipping-taxable","11":"purchasable","12":"product-type-variable","13":"has-default-attributes"},"_links":{"self":[{"href":"https:\/\/coccolatevi.it\/de\/wp-json\/wp\/v2\/product\/1934","targetHints":{"allow":["GET"]}}],"collection":[{"href":"https:\/\/coccolatevi.it\/de\/wp-json\/wp\/v2\/product"}],"about":[{"href":"https:\/\/coccolatevi.it\/de\/wp-json\/wp\/v2\/types\/product"}],"replies":[{"embeddable":true,"href":"https:\/\/coccolatevi.it\/de\/wp-json\/wp\/v2\/comments?post=1934"}],"wp:featuredmedia":[{"embeddable":true,"href":"https:\/\/coccolatevi.it\/de\/wp-json\/wp\/v2\/media\/1941"}],"wp:attachment":[{"href":"https:\/\/coccolatevi.it\/de\/wp-json\/wp\/v2\/media?parent=1934"}],"wp:term":[{"taxonomy":"product_brand","embeddable":true,"href":"https:\/\/coccolatevi.it\/de\/wp-json\/wp\/v2\/product_brand?post=1934"},{"taxonomy":"product_cat","embeddable":true,"href":"https:\/\/coccolatevi.it\/de\/wp-json\/wp\/v2\/product_cat?post=1934"},{"taxonomy":"product_tag","embeddable":true,"href":"https:\/\/coccolatevi.it\/de\/wp-json\/wp\/v2\/product_tag?post=1934"},{"taxonomy":"custom-fields-categoria","embeddable":true,"href":"https:\/\/coccolatevi.it\/de\/wp-json\/wp\/v2\/custom-fields-categoria?post=1934"}],"curies":[{"name":"wp","href":"https:\/\/api.w.org\/{rel}","templated":true}]}}