{"id":1912,"date":"2025-07-28T21:32:45","date_gmt":"2025-07-28T21:32:45","guid":{"rendered":"https:\/\/coccolatevi.it\/?post_type=product&#038;p=1912"},"modified":"2026-04-02T16:15:13","modified_gmt":"2026-04-02T15:15:13","slug":"deo-10-in-1","status":"publish","type":"product","link":"https:\/\/coccolatevi.it\/de\/prodotto\/deo-10-in-1\/","title":{"rendered":"Deo 10 in 1 Desinfektionsmittel"},"content":{"rendered":"<p><strong>DEO HYGIENIZER 10 in 1<\/strong><\/p>\n<p><strong>Es neutralisiert Ger\u00fcche, desinfiziert und sorgt f\u00fcr einen lang anhaltenden Superduft.<\/strong><br \/>\n<strong>Verw\u00f6hnen Sie sich Deo Sanitiser 10 in 1<\/strong> ist ein innovatives Produkt mit einer Spitzentechnologie, die es erm\u00f6glicht, ein Produkt f\u00fcr tausend Anwendungen zu verwenden. Wirksames Multi-Oberfl\u00e4chen-Reinigungsmittel und unglaubliches Deodorant f\u00fcr R\u00e4ume und Textilien in einer einzigen Geste: Es beseitigt schlechte Ger\u00fcche (auch die hartn\u00e4ckigsten), hilft bei der Desinfektion und hinterl\u00e4sst einen <strong>exklusiver Duft<\/strong> intensiv und lang anhaltend.<\/p>\n<p><strong>Weil Sie es lieben werden<\/strong><\/p>\n<ul>\n<li><strong>Deodorant f\u00fcr Stoffe<\/strong>perfekt f\u00fcr Vorh\u00e4nge, Sofas, Teppiche und M\u00f6bel.<\/li>\n<li><strong>Schuhe &amp; Sport<\/strong>neutralisiert die Ger\u00fcche von Sportschuhen und technischen Textilien.<\/li>\n<li><strong>Lufterfrischer<\/strong>Ein Spr\u00fchsto\u00df und das Haus ist sofort k\u00fchler.<\/li>\n<li><strong>Tadelloses Auto<\/strong>In den Fahrgastraum gespr\u00fcht, hilft es, Stoffsitze zu desinfizieren und Ger\u00fcche, einschlie\u00dflich Rauch, zu beseitigen.<\/li>\n<li><strong>Haustierfreundlich<\/strong>beseitigt alle von Haustieren hinterlassenen Ger\u00fcche.<\/li>\n<li><strong>Harte Oberfl\u00e4chen<\/strong>reinigt und frischt Arbeitsplatten, Griffe, Sanit\u00e4rkeramik und abwaschbare Oberfl\u00e4chen auf.<\/li>\n<li><strong>Schr\u00e4nke und Schubladen<\/strong>ein Hauch von Parf\u00fcm, der lange anh\u00e4lt.<\/li>\n<li><strong>Schnelle Geruchsbek\u00e4mpfung<\/strong>Neutralisierungstechnologie, die sofort wirkt.<\/li>\n<li><strong>T\u00e4glicher Gebrauch<\/strong>ideal zum Auffrischen zwischen den W\u00e4schen.<\/li>\n<li><strong>Exklusive D\u00fcfte<\/strong>Geruchssignatur, die bleibt, ohne aufdringlich zu sein.<\/li>\n<\/ul>\n<p><strong>Empfehlungen f\u00fcr die Verwendung<\/strong><\/p>\n<ul>\n<li>Versuchen Sie es bei empfindlichen oder dehnbaren Stoffen immer an einer verdeckten Stelle.<\/li>\n<li>Vermeiden Sie Leder, Seide, feinen Samt, Paravents und unbehandeltes Holz.<\/li>\n<li>Auf Oberfl\u00e4chen, die mit Lebensmitteln in Ber\u00fchrung kommen, nach Gebrauch absp\u00fclen.<\/li>\n<\/ul>\n<p><strong>Verw\u00f6hnen Sie sich Deo Sanitiser 10 in 1<\/strong>, die Komplettl\u00f6sung zur Desinfektion und Geruchsbeseitigung, die Ihren Raum in exklusive D\u00fcfte mit intensivstem und lang anhaltendem Duft h\u00fcllt.<\/p>","protected":false},"excerpt":{"rendered":"<p>Desinfiziert, parf\u00fcmiert und desodoriert Stoffe, R\u00e4ume und Oberfl\u00e4chen. Sofortige Frische, \u00fcberall. Au\u00dfer auf Glas!<\/p>","protected":false},"featured_media":1925,"comment_status":"open","ping_status":"closed","template":"","meta":[],"product_brand":[],"product_cat":[93],"product_tag":[],"custom-fields-categoria":[],"class_list":{"0":"post-1912","1":"product","2":"type-product","3":"status-publish","4":"has-post-thumbnail","6":"product_cat-prodotti","8":"first","9":"instock","10":"shipping-taxable","11":"purchasable","12":"product-type-variable","13":"has-default-attributes"},"_links":{"self":[{"href":"https:\/\/coccolatevi.it\/de\/wp-json\/wp\/v2\/product\/1912","targetHints":{"allow":["GET"]}}],"collection":[{"href":"https:\/\/coccolatevi.it\/de\/wp-json\/wp\/v2\/product"}],"about":[{"href":"https:\/\/coccolatevi.it\/de\/wp-json\/wp\/v2\/types\/product"}],"replies":[{"embeddable":true,"href":"https:\/\/coccolatevi.it\/de\/wp-json\/wp\/v2\/comments?post=1912"}],"wp:featuredmedia":[{"embeddable":true,"href":"https:\/\/coccolatevi.it\/de\/wp-json\/wp\/v2\/media\/1925"}],"wp:attachment":[{"href":"https:\/\/coccolatevi.it\/de\/wp-json\/wp\/v2\/media?parent=1912"}],"wp:term":[{"taxonomy":"product_brand","embeddable":true,"href":"https:\/\/coccolatevi.it\/de\/wp-json\/wp\/v2\/product_brand?post=1912"},{"taxonomy":"product_cat","embeddable":true,"href":"https:\/\/coccolatevi.it\/de\/wp-json\/wp\/v2\/product_cat?post=1912"},{"taxonomy":"product_tag","embeddable":true,"href":"https:\/\/coccolatevi.it\/de\/wp-json\/wp\/v2\/product_tag?post=1912"},{"taxonomy":"custom-fields-categoria","embeddable":true,"href":"https:\/\/coccolatevi.it\/de\/wp-json\/wp\/v2\/custom-fields-categoria?post=1912"}],"curies":[{"name":"wp","href":"https:\/\/api.w.org\/{rel}","templated":true}]}}