{"id":1905,"date":"2025-07-28T21:23:43","date_gmt":"2025-07-28T21:23:43","guid":{"rendered":"https:\/\/coccolatevi.it\/?post_type=product&#038;p=1905"},"modified":"2026-04-15T16:56:21","modified_gmt":"2026-04-15T15:56:21","slug":"cura-lavatrice","status":"publish","type":"product","link":"https:\/\/coccolatevi.it\/de\/prodotto\/cura-lavatrice\/","title":{"rendered":"Pflege der Waschmaschine"},"content":{"rendered":"<p><strong>VERW\u00d6HNENDE WASCHMASCHINENPFLEGE<\/strong> entfernt Schmutz und Seifenreste,<\/p>\n<p>Kalkablagerungen und unangenehme Ger\u00fcche und hilft au\u00dferdem, Keime und Bakterien zu entfernen.<\/p>\n<p>eine saubere und gereinigte Waschmaschine.<\/p>\n<p>Einmal im Monat angewendet, sch\u00fctzt es wichtige Teile der Waschmaschine und optimiert die Effizienz.<\/p>\n<p>von Waschmittel. Sorgt f\u00fcr ein besonders frisches Gef\u00fchl in der Waschmaschine.<\/p>\n<p><strong>Weil Sie es lieben werden: <\/strong><\/p>\n<p>\u2022 <strong>Tiefenreinigung:<\/strong> reinigt den Korb und die Innenteile gr\u00fcndlich.<\/p>\n<p>\u2022<strong> Gegen Kalkablagerungen:<\/strong> wirkt Ablagerungen entgegen und sch\u00fctzt wichtige Komponenten in der Waschmaschine.<\/p>\n<p><strong>- Sch\u00fctzt und bewahrt:<\/strong> Einmal im Monat angewendet, h\u00e4lt es das Ger\u00e4t l\u00e4nger in perfekter Form. - Parf\u00fcmiert und desinfiziert: Beseitigt unangenehme Ger\u00fcche und sorgt f\u00fcr ein besonders frisches Gef\u00fchl in der Waschmaschine.<\/p>\n<p>\u2022<strong> Der unverzichtbare Verb\u00fcndete:<\/strong> Mit Pamper yourself Waschmaschinenpflege haben Sie einen Verb\u00fcndeten, der die Lebensdauer Ihres Ger\u00e4ts verl\u00e4ngert, die Wirksamkeit des Waschmittels optimiert und jede W\u00e4sche frischer, sauberer und angenehmer macht.<\/p>","protected":false},"excerpt":{"rendered":"<p>Beseitigt Schmutz, Kalkablagerungen und Ger\u00fcche. Sch\u00fctzt die Waschmaschine und hinterl\u00e4sst Waschgang f\u00fcr Waschgang einen intensiven Duft.<\/p>","protected":false},"featured_media":1910,"comment_status":"open","ping_status":"closed","template":"","meta":[],"product_brand":[],"product_cat":[93],"product_tag":[],"custom-fields-categoria":[],"class_list":{"0":"post-1905","1":"product","2":"type-product","3":"status-publish","4":"has-post-thumbnail","6":"product_cat-prodotti","8":"first","9":"instock","10":"shipping-taxable","11":"purchasable","12":"product-type-variable","13":"has-default-attributes"},"_links":{"self":[{"href":"https:\/\/coccolatevi.it\/de\/wp-json\/wp\/v2\/product\/1905","targetHints":{"allow":["GET"]}}],"collection":[{"href":"https:\/\/coccolatevi.it\/de\/wp-json\/wp\/v2\/product"}],"about":[{"href":"https:\/\/coccolatevi.it\/de\/wp-json\/wp\/v2\/types\/product"}],"replies":[{"embeddable":true,"href":"https:\/\/coccolatevi.it\/de\/wp-json\/wp\/v2\/comments?post=1905"}],"wp:featuredmedia":[{"embeddable":true,"href":"https:\/\/coccolatevi.it\/de\/wp-json\/wp\/v2\/media\/1910"}],"wp:attachment":[{"href":"https:\/\/coccolatevi.it\/de\/wp-json\/wp\/v2\/media?parent=1905"}],"wp:term":[{"taxonomy":"product_brand","embeddable":true,"href":"https:\/\/coccolatevi.it\/de\/wp-json\/wp\/v2\/product_brand?post=1905"},{"taxonomy":"product_cat","embeddable":true,"href":"https:\/\/coccolatevi.it\/de\/wp-json\/wp\/v2\/product_cat?post=1905"},{"taxonomy":"product_tag","embeddable":true,"href":"https:\/\/coccolatevi.it\/de\/wp-json\/wp\/v2\/product_tag?post=1905"},{"taxonomy":"custom-fields-categoria","embeddable":true,"href":"https:\/\/coccolatevi.it\/de\/wp-json\/wp\/v2\/custom-fields-categoria?post=1905"}],"curies":[{"name":"wp","href":"https:\/\/api.w.org\/{rel}","templated":true}]}}