{"id":1883,"date":"2025-07-28T21:17:12","date_gmt":"2025-07-28T21:17:12","guid":{"rendered":"https:\/\/coccolatevi.it\/?post_type=product&#038;p=1883"},"modified":"2026-04-02T18:46:28","modified_gmt":"2026-04-02T17:46:28","slug":"essenze","status":"publish","type":"product","link":"https:\/\/coccolatevi.it\/de\/prodotto\/essenze\/","title":{"rendered":"Essenz-Reiniger"},"content":{"rendered":"<p><strong>Intensiver Duft, wirksame Reinigung, lang anhaltendes Wohlbefinden.<\/strong><br \/>\nLe <strong>Verw\u00f6hnende Essenzen<\/strong> sind viel mehr als nur ein einfaches Reinigungsmittel: Sie verleihen R\u00e4umen, Schr\u00e4nken, Schubladen, Vorh\u00e4ngen, Sofas, Kissen und sogar Autoinnenr\u00e4umen einen lang anhaltenden Duft und reinigen gleichzeitig gr\u00fcndlich alle harten Oberfl\u00e4chen*. Eine einfache Geste, die verbindet <strong>Sauberkeit, Frische und Atmosph\u00e4re<\/strong>.<\/p>\n<p>&nbsp;<\/p>\n<p><strong>Weil Sie sie lieben werden<\/strong><\/p>\n<ul>\n<li><strong>Raum-Essenz<\/strong>ein ausgezeichnetes Deodorant, das unangenehme Ger\u00fcche schnell beseitigt und einen umh\u00fcllenden und anhaltenden Duft bietet.<\/li>\n<li><strong>Es parf\u00fcmiert alle Stoffe:<\/strong> Spr\u00fchen Sie es auf Vorh\u00e4nge, Kissen, Sofas oder sogar direkt auf die Kleidung, um einen superduftenden Anti-Geruch-Effekt zu erzielen<\/li>\n<li><strong>Mehrzweckreiniger<\/strong>Es reinigt gr\u00fcndlich harte Oberfl\u00e4chen und hinterl\u00e4sst einen unverwechselbaren Duft, der das Zuhause in einen Raum des Wohlbefindens verwandelt.<\/li>\n<li><strong>Anti-Staub-Wirkung<\/strong>dank seiner antistatischen Wirkung entfernt es Staub und verlangsamt dessen Ablagerung.<\/li>\n<li><strong>Neue superduftende Formel<\/strong>Sehr hohe Ergiebigkeit, nur wenige Spr\u00fchst\u00f6\u00dfe sind f\u00fcr ein au\u00dfergew\u00f6hnliches Ergebnis erforderlich.<\/li>\n<\/ul>\n<p>&nbsp;<\/p>\n<p><strong>Wo sind sie zu verwenden?<\/strong><\/p>\n<ul>\n<li><strong>Startseite<\/strong>auf allen harten Oberfl\u00e4chen (*au\u00dfer Glas) und auf M\u00f6beln.<\/li>\n<li><strong>Umgebungen<\/strong>Spr\u00fchen Sie es in jeden Raum, um eine duftende Wellness-Oase zu schaffen.<\/li>\n<li><strong>Pers\u00f6nliche R\u00e4ume<\/strong>Schubladen, Schr\u00e4nke und Autoinnenr\u00e4ume.<\/li>\n<\/ul>\n<p>&nbsp;<\/p>\n<p><strong>Ergebnis<\/strong><\/p>\n<ul>\n<li><strong>Saubere und gl\u00e4nzende Oberfl\u00e4che<\/strong><br \/>\n<strong>Intensiver und anhaltender Duft<\/strong><br \/>\n<strong>Gem\u00fctliche und angenehme Atmosph\u00e4re<\/strong><\/li>\n<\/ul>\n<p>&nbsp;<\/p>\n<p><strong>Verw\u00f6hnen Sie sich Reinigende Essenzen<\/strong>ein Produkt, das reinigt, parf\u00fcmiert und Ihren Raum in ein einzigartiges sensorisches Erlebnis h\u00fcllt.<\/p>","protected":false},"excerpt":{"rendered":"<p>Es parf\u00fcmiert die Luft, erfrischt Stoffe und reinigt Oberfl\u00e4chen. Jeder Tropfen schafft eine saubere, gepflegte und duftende Atmosph\u00e4re.<\/p>","protected":false},"featured_media":1895,"comment_status":"open","ping_status":"closed","template":"","meta":[],"product_brand":[],"product_cat":[93],"product_tag":[],"custom-fields-categoria":[],"class_list":{"0":"post-1883","1":"product","2":"type-product","3":"status-publish","4":"has-post-thumbnail","6":"product_cat-prodotti","8":"first","9":"instock","10":"shipping-taxable","11":"purchasable","12":"product-type-variable","13":"has-default-attributes"},"_links":{"self":[{"href":"https:\/\/coccolatevi.it\/de\/wp-json\/wp\/v2\/product\/1883","targetHints":{"allow":["GET"]}}],"collection":[{"href":"https:\/\/coccolatevi.it\/de\/wp-json\/wp\/v2\/product"}],"about":[{"href":"https:\/\/coccolatevi.it\/de\/wp-json\/wp\/v2\/types\/product"}],"replies":[{"embeddable":true,"href":"https:\/\/coccolatevi.it\/de\/wp-json\/wp\/v2\/comments?post=1883"}],"wp:featuredmedia":[{"embeddable":true,"href":"https:\/\/coccolatevi.it\/de\/wp-json\/wp\/v2\/media\/1895"}],"wp:attachment":[{"href":"https:\/\/coccolatevi.it\/de\/wp-json\/wp\/v2\/media?parent=1883"}],"wp:term":[{"taxonomy":"product_brand","embeddable":true,"href":"https:\/\/coccolatevi.it\/de\/wp-json\/wp\/v2\/product_brand?post=1883"},{"taxonomy":"product_cat","embeddable":true,"href":"https:\/\/coccolatevi.it\/de\/wp-json\/wp\/v2\/product_cat?post=1883"},{"taxonomy":"product_tag","embeddable":true,"href":"https:\/\/coccolatevi.it\/de\/wp-json\/wp\/v2\/product_tag?post=1883"},{"taxonomy":"custom-fields-categoria","embeddable":true,"href":"https:\/\/coccolatevi.it\/de\/wp-json\/wp\/v2\/custom-fields-categoria?post=1883"}],"curies":[{"name":"wp","href":"https:\/\/api.w.org\/{rel}","templated":true}]}}