{"id":1872,"date":"2025-07-28T21:07:02","date_gmt":"2025-07-28T21:07:02","guid":{"rendered":"https:\/\/coccolatevi.it\/?post_type=product&#038;p=1872"},"modified":"2026-04-08T09:02:55","modified_gmt":"2026-04-08T08:02:55","slug":"sgrassatori","status":"publish","type":"product","link":"https:\/\/coccolatevi.it\/de\/prodotto\/sgrassatori\/","title":{"rendered":"Entfettungsmittel"},"content":{"rendered":"<p><strong>Kraftvoll bei Fett, sanft zu Oberfl\u00e4chen. Mit Technologie, die einen frischen Duft f\u00fcr eine lange Zeit freigibt.<\/strong><br \/>\nDank der\u2019<strong>hohe Konzentration von Tensiden<\/strong>, <strong>Knuddel-Entfetter<\/strong> l\u00f6st den hartn\u00e4ckigsten Schmutz und garantiert eine <strong>Tiefenreinigung<\/strong> auch auf schwierigen Oberfl\u00e4chen wie Abzugshauben, M\u00f6beln und Arbeitsplatten und hinterl\u00e4sst einen <strong>lang anhaltender Duft<\/strong>.<\/p>\n<h2><\/h2>\n<p><strong>Weil Sie es lieben werden<\/strong><\/p>\n<ul>\n<li><strong>Tiefentfettung<\/strong>Entfernt wirksam hartn\u00e4ckiges Fett und \u00d6l von jeder Oberfl\u00e4che.<\/li>\n<li><strong>Leistungsstark und sicher<\/strong>: geeignet f\u00fcr Oberfl\u00e4chen und <strong>Stoffe<\/strong>. Kompatibel mit <strong>Farbe, rostfreier Stahl, Kunststoff, Textilien und Gummi<\/strong>.<\/li>\n<li><strong>Multi-Umgebung<\/strong>ein Produkt f\u00fcr <strong>Haus, K\u00fcche, Bad, Garage und Hausau\u00dfenbereich, Auto und Textilien<\/strong>.<\/li>\n<li><strong>Intensiver Duft<\/strong>f\u00fcr ein umh\u00fcllendes Gef\u00fchl des Wohlbefindens, das nach jeder Anwendung anh\u00e4lt.<\/li>\n<\/ul>\n<h2><\/h2>\n<p><strong>Wo wird es verwendet?<\/strong><\/p>\n<ul>\n<li><strong>Oberfl\u00e4chen in der K\u00fcche<\/strong>Abzugshauben, Arbeitsplatten, T\u00fcren und M\u00f6bel.<\/li>\n<li><strong>Hartn\u00e4ckiger Schmutz<\/strong>Kunststofflaminate, Metallm\u00f6bel, <strong>Eloxiertes Aluminium<\/strong>, Heizk\u00f6rper, Fensterl\u00e4den.<\/li>\n<li><strong>Au\u00dfenbereich und Motoren<\/strong>: Gartenm\u00f6bel aus Kunststoff, <strong>mechanische Teile<\/strong> von Autos, Fahrr\u00e4dern und Motorr\u00e4dern.<\/li>\n<li><strong>Vorbehandlung des Gewebes<\/strong>auf Fettflecken vor dem Waschen.<\/li>\n<\/ul>","protected":false},"excerpt":{"rendered":"<pre id=\"posted-message-container\" class=\"zcmsgcnt lazy-load lazy-load-lastmsg textL\" dir=\"auto\">Entfettungskraft auf jeder Oberfl\u00e4che, sogar auf der W\u00e4sche. Frischer Duft und intensive Wirkung f\u00fcr die K\u00fcche, das Auto, den Au\u00dfenbereich und schwierige Ecken im Haus.<\/pre>","protected":false},"featured_media":1873,"comment_status":"open","ping_status":"closed","template":"","meta":[],"product_brand":[],"product_cat":[93],"product_tag":[],"custom-fields-categoria":[],"class_list":{"0":"post-1872","1":"product","2":"type-product","3":"status-publish","4":"has-post-thumbnail","6":"product_cat-prodotti","8":"first","9":"instock","10":"shipping-taxable","11":"purchasable","12":"product-type-variable"},"_links":{"self":[{"href":"https:\/\/coccolatevi.it\/de\/wp-json\/wp\/v2\/product\/1872","targetHints":{"allow":["GET"]}}],"collection":[{"href":"https:\/\/coccolatevi.it\/de\/wp-json\/wp\/v2\/product"}],"about":[{"href":"https:\/\/coccolatevi.it\/de\/wp-json\/wp\/v2\/types\/product"}],"replies":[{"embeddable":true,"href":"https:\/\/coccolatevi.it\/de\/wp-json\/wp\/v2\/comments?post=1872"}],"wp:featuredmedia":[{"embeddable":true,"href":"https:\/\/coccolatevi.it\/de\/wp-json\/wp\/v2\/media\/1873"}],"wp:attachment":[{"href":"https:\/\/coccolatevi.it\/de\/wp-json\/wp\/v2\/media?parent=1872"}],"wp:term":[{"taxonomy":"product_brand","embeddable":true,"href":"https:\/\/coccolatevi.it\/de\/wp-json\/wp\/v2\/product_brand?post=1872"},{"taxonomy":"product_cat","embeddable":true,"href":"https:\/\/coccolatevi.it\/de\/wp-json\/wp\/v2\/product_cat?post=1872"},{"taxonomy":"product_tag","embeddable":true,"href":"https:\/\/coccolatevi.it\/de\/wp-json\/wp\/v2\/product_tag?post=1872"},{"taxonomy":"custom-fields-categoria","embeddable":true,"href":"https:\/\/coccolatevi.it\/de\/wp-json\/wp\/v2\/custom-fields-categoria?post=1872"}],"curies":[{"name":"wp","href":"https:\/\/api.w.org\/{rel}","templated":true}]}}