{"id":1843,"date":"2025-07-28T20:55:33","date_gmt":"2025-07-28T20:55:33","guid":{"rendered":"https:\/\/coccolatevi.it\/?post_type=product&#038;p=1843"},"modified":"2026-04-04T01:46:11","modified_gmt":"2026-04-04T00:46:11","slug":"bloomalcool","status":"publish","type":"product","link":"https:\/\/coccolatevi.it\/de\/prodotto\/bloomalcool\/","title":{"rendered":"Bloomalcool"},"content":{"rendered":"<p><span data-teams=\"true\"><strong>Effektiv sauber und herrlich duftend f\u00fcr ein sofortiges Wohlgef\u00fchl.<\/strong><\/span><br \/>\n<strong>Lassen Sie sich verw\u00f6hnen Bloomalcool\u00a0<\/strong>ist ein innovatives Produkt, das die Art und Weise, wie Sie reinigen, revolutionieren wird. Seine wirksame Formel mit superduftendem 60\u00b0-Alkohol, der in der Parf\u00fcmerie verwendet wird, ist ideal f\u00fcr die Reinigung aller Oberfl\u00e4chen.<\/p>\n<p>&nbsp;<\/p>\n<p><strong>Weil Sie es lieben werden<\/strong><\/p>\n<ul>\n<li><strong>Effektiv und vielseitig<\/strong>: hilft, Schmutz, Fingerabdr\u00fccke, Keime und Bakterien auf allen Oberfl\u00e4chen wirksam zu entfernen.<\/li>\n<li><strong>Halo-frei<\/strong>schnell verdunstende Formel, ideal auch auf Glas und Spiegeln.<\/li>\n<li><strong>Umh\u00fcllender Duft<\/strong>Angenehme und anhaltende D\u00fcfte, die Ihr Zuhause l\u00e4nger frisch und wohlriechend machen.<\/li>\n<li><strong>Pro\u201c Touch\u201d<\/strong>brillantes Finish in nur wenigen Schritten.<\/li>\n<\/ul>\n<p>&nbsp;<\/p>\n<p><strong>Wo wird es verwendet?<\/strong><\/p>\n<p><strong>Glas, Spiegel, Stahl, Fliesen, Arbeitsplatten, Griffe, Schalter, lackierte M\u00f6bel und Badoberfl\u00e4chen.<\/strong><br \/>\nPerfekt, wenn Sie sich nach wahrgenommener Hygiene, Brillanz und einem Duft sehnen, der Sie umarmt.<\/p>","protected":false},"excerpt":{"rendered":"<p>Alkoholisches Reinigungsmittel bei 60\u00b0: reinigt, desinfiziert und parf\u00fcmiert. Schnell wirkend, intensiver Duft, sofort trocknend.<\/p>","protected":false},"featured_media":1857,"comment_status":"open","ping_status":"closed","template":"","meta":[],"product_brand":[],"product_cat":[93],"product_tag":[],"custom-fields-categoria":[],"class_list":{"0":"post-1843","1":"product","2":"type-product","3":"status-publish","4":"has-post-thumbnail","6":"product_cat-prodotti","8":"first","9":"instock","10":"shipping-taxable","11":"purchasable","12":"product-type-variable","13":"has-default-attributes"},"_links":{"self":[{"href":"https:\/\/coccolatevi.it\/de\/wp-json\/wp\/v2\/product\/1843","targetHints":{"allow":["GET"]}}],"collection":[{"href":"https:\/\/coccolatevi.it\/de\/wp-json\/wp\/v2\/product"}],"about":[{"href":"https:\/\/coccolatevi.it\/de\/wp-json\/wp\/v2\/types\/product"}],"replies":[{"embeddable":true,"href":"https:\/\/coccolatevi.it\/de\/wp-json\/wp\/v2\/comments?post=1843"}],"wp:featuredmedia":[{"embeddable":true,"href":"https:\/\/coccolatevi.it\/de\/wp-json\/wp\/v2\/media\/1857"}],"wp:attachment":[{"href":"https:\/\/coccolatevi.it\/de\/wp-json\/wp\/v2\/media?parent=1843"}],"wp:term":[{"taxonomy":"product_brand","embeddable":true,"href":"https:\/\/coccolatevi.it\/de\/wp-json\/wp\/v2\/product_brand?post=1843"},{"taxonomy":"product_cat","embeddable":true,"href":"https:\/\/coccolatevi.it\/de\/wp-json\/wp\/v2\/product_cat?post=1843"},{"taxonomy":"product_tag","embeddable":true,"href":"https:\/\/coccolatevi.it\/de\/wp-json\/wp\/v2\/product_tag?post=1843"},{"taxonomy":"custom-fields-categoria","embeddable":true,"href":"https:\/\/coccolatevi.it\/de\/wp-json\/wp\/v2\/custom-fields-categoria?post=1843"}],"curies":[{"name":"wp","href":"https:\/\/api.w.org\/{rel}","templated":true}]}}