{"id":3593,"date":"2025-11-16T23:51:41","date_gmt":"2025-11-16T23:51:41","guid":{"rendered":"https:\/\/coccolatevi.it\/?page_id=3593"},"modified":"2026-05-06T16:01:48","modified_gmt":"2026-05-06T15:01:48","slug":"condizioni-di-vendita","status":"publish","type":"page","link":"https:\/\/coccolatevi.it\/de\/condizioni-di-vendita\/","title":{"rendered":"Verkaufsbedingungen"},"content":{"rendered":"<div data-elementor-type=\"wp-page\" data-elementor-id=\"3593\" class=\"elementor elementor-3593\" data-elementor-post-type=\"page\">\n\t\t\t\t<div class=\"elementor-element elementor-element-89c9bc2 e-flex e-con-boxed e-con e-parent\" data-id=\"89c9bc2\" data-element_type=\"container\" data-e-type=\"container\">\n\t\t\t\t\t<div class=\"e-con-inner\">\n\t\t\t\t<div class=\"elementor-element elementor-element-e772317 elementor-widget elementor-widget-text-editor\" data-id=\"e772317\" data-element_type=\"widget\" data-e-type=\"widget\" data-widget_type=\"text-editor.default\">\n\t\t\t\t\t\t\t\t\t<p class=\"s3\"><span class=\"s2\">Allgemeine Verkaufsbedingungen<\/span><\/p>\n<p class=\"s3\"><span class=\"s4\">Pr\u00e4ambel - Akzeptanz der Bedingungen<\/span><\/p>\n<p class=\"s7\"><span class=\"s5\">Die Aufgabe einer Bestellung durch den Kunden setzt die vollst\u00e4ndige Annahme der vorliegenden Allgemeinen Verkaufsbedingungen sowie der auf der Website ver\u00f6ffentlichten Datenschutzrichtlinie voraus. <\/span><a href=\"https:\/\/coccolatevi.it\/de\/\"><span class=\"s6\">www.coccolatevi.it<\/span><\/a><span class=\"s5\"> (\u201cWebsite\u201d).<\/span><span class=\"s5\"><br><\/span><span class=\"s5\">Diese Bedingungen gelten ausschlie\u00dflich f\u00fcr K\u00e4ufe auf der Website und nicht f\u00fcr andere Vertriebskan\u00e4le des Verk\u00e4ufers.<\/span><\/p>\n<div>\n<div class=\"s8\">&nbsp;<\/div>\n<\/div>\n<p class=\"s3\"><span class=\"s4\">1. Thema<\/span><\/p>\n<p class=\"s7\"><span class=\"s5\">Diese Allgemeinen Verkaufsbedingungen regeln den Verkauf der auf der Website angebotenen Produkte und den Abschluss von Kaufvertr\u00e4gen zwischen dem Kunden und dem Unternehmen <\/span><span class=\"s9\">AFA S<\/span><span class=\"s9\">.R.L.S. <\/span><span class=\"s5\">(\u201cVerk\u00e4ufer\u201d).<\/span><span class=\"s5\"><br><\/span><span class=\"s5\">Die Marke <\/span><span class=\"s9\">KEEP OUT<\/span><span class=\"s5\"> bietet die E-Commerce-Plattform als Online-Schaufenster, aber <\/span><span class=\"s9\">ist kein vertraglicher Bestandteil des Verkaufs<\/span><span class=\"s5\"> und ist nicht verantwortlich f\u00fcr die Abwicklung von Bestellungen, Zahlungen, Versand oder Kundendienst.<\/span><\/p>\n<div>\n<div class=\"s8\">&nbsp;<\/div>\n<\/div>\n<p class=\"s3\"><span class=\"s4\">2. Identit\u00e4t des Verk\u00e4ufers<\/span><\/p>\n<p class=\"s7\"><span class=\"s5\">Die Produkte auf der Website werden von der Firma verkauft und in Rechnung gestellt:<\/span><span class=\"s5\"><br><\/span><span class=\"s9\">AFA S<\/span><span class=\"s9\">.R.L.S.<\/span><span class=\"s5\"><br><\/span><span class=\"s5\">Eingetragener Sitz: Via Matteotti, 6 - 25010 Montirone (BS)<\/span><span class=\"s5\"><br><\/span><span class=\"s5\">MWST.\/STEUER-CODE: IT04326660984<\/span><span class=\"s5\"><br><\/span><span class=\"s5\">E-Mail: coccolatevi@afaitalia.it<\/span><span class=\"s5\"><br><\/span><span class=\"s5\">PEC: afaonline@legalmail.it<\/span><\/p>\n<div>\n<div class=\"s8\">&nbsp;<\/div>\n<\/div>\n<p class=\"s3\"><span class=\"s4\">3. Produkte und Verf\u00fcgbarkeit<\/span><\/p>\n<p class=\"s7\"><span class=\"s5\">Die auf der Website ver\u00f6ffentlichten Informationen und Produktbilder dienen lediglich der Veranschaulichung und k\u00f6nnen sich ohne vorherige Ank\u00fcndigung \u00e4ndern.<\/span><span class=\"s5\"><br><\/span><span class=\"s5\">Die Verf\u00fcgbarkeit der Produkte wird auf der Website angezeigt, kann jedoch nicht in Echtzeit garantiert werden.<\/span><span class=\"s5\"><br><\/span><span class=\"s5\">Im Falle der Nichtverf\u00fcgbarkeit nach der Bestellung wird der Kunde unverz\u00fcglich informiert und kann zwischen Erstattung, Umtausch oder Gutschrift w\u00e4hlen.<\/span><\/p>\n<div>\n<div class=\"s8\">&nbsp;<\/div>\n<\/div>\n<p class=\"s3\"><span class=\"s4\">4. Preise und Zahlungen<\/span><\/p>\n<p class=\"s7\"><span class=\"s5\">Alle Preise sind in Euro und enthalten die Mehrwertsteuer, sofern nicht anders angegeben.<\/span><span class=\"s5\"><br><\/span><span class=\"s5\">Die Versandkosten werden in der Bestell\u00fcbersicht vor der Kaufbest\u00e4tigung gesondert ausgewiesen.<\/span><span class=\"s5\"><br><\/span><span class=\"s5\">Die Zahlungen k\u00f6nnen \u00fcber die auf der Website angegebenen Methoden erfolgen, die sicher \u00fcber die Plattform verwaltet werden <\/span><span class=\"s9\">Streifen<\/span><span class=\"s5\">.<\/span><span class=\"s5\"><br><\/span><span class=\"s5\">Die Zahlung gilt erst mit der Autorisierung durch das Zahlungsinstitut als abgeschlossen.<\/span><span class=\"s5\"><br><\/span><span class=\"s5\">Die Zahlungsdaten werden ausschlie\u00dflich von Stripe \u00fcber eine sichere Verbindung verarbeitet; der Verk\u00e4ufer speichert die Kartendaten nicht und hat auch keinen Zugang zu ihnen.<\/span><\/p>\n<div>\n<div class=\"s8\">&nbsp;<\/div>\n<\/div>\n<p class=\"s3\"><span class=\"s4\">5. Rechnungsstellung<\/span><\/p>\n<p class=\"s7\"><span class=\"s5\">Die Rechnung wird ausgestellt von <\/span><span class=\"s9\">AFA S.R.L.S.<\/span><span class=\"s5\"> auf Verlangen des Kunden.<\/span><span class=\"s5\"><br><\/span><span class=\"s5\">Der Rechnungsantrag muss gleichzeitig mit der Bestellung oder innerhalb des betreffenden Kalendermonats gestellt werden.<\/span><span class=\"s5\"><br><\/span><span class=\"s5\">Nach Ablauf dieser Frist kann gem\u00e4\u00df Artikel 22 des Pr\u00e4sidialdekrets 633\/1972 und den geltenden Vorschriften f\u00fcr den indirekten elektronischen Handel keine Rechnung mehr ausgestellt werden.<\/span><span class=\"s5\"><br><\/span><span class=\"s5\">Um eine Rechnung anzufordern, muss der Kunde zum Zeitpunkt des Kaufs oder durch Mitteilung an coccolatevi@afaitalia.it korrekte Steuerdaten (Firmenname, Mehrwertsteuer- oder Steuernummer und vollst\u00e4ndige Adresse) angeben.<\/span><\/p>\n<div>\n<div class=\"s8\">&nbsp;<\/div>\n<\/div>\n<p class=\"s3\"><span class=\"s4\">6. Sendungen, belieferte Gebiete und Lieferkosten<\/span><\/p>\n<p class=\"s7\"><span class=\"s5\">Der Verk\u00e4ufer versendet innerhalb Italiens, mit Ausnahme der Gemeinden Livigno und Campione d'Italia.<\/span><span class=\"s5\"><br><\/span><span class=\"s5\">Die Versandkosten werden w\u00e4hrend des Bestellvorgangs deutlich angegeben und k\u00f6nnen je nach Zielort variieren.<\/span><\/p>\n<p class=\"s7\"><span class=\"s9\">Vorl\u00e4ufige Preise und Zeitplan:<\/span><\/p>\n<div class=\"s11\"><span class=\"s10\">\u2022 <\/span><span class=\"s5\">Festland Italien: 7,50 \u20ac inkl. MwSt. (Lieferung innerhalb von 24\/48 Stunden)<\/span><\/div>\n<div class=\"s11\"><span class=\"s10\">\u2022 <\/span><span class=\"s5\">Inseln: 8,50 \u20ac inkl. MwSt. (Lieferung innerhalb von 48\/72 Stunden)<\/span><\/div>\n<p class=\"s7\"><span class=\"s5\">Kostenlose Lieferung f\u00fcr Bestellungen \u00fcber 29 \u20ac inkl. MwSt.<\/span><span class=\"s5\"><br><\/span><span class=\"s5\">Die Bearbeitung der Auftr\u00e4ge erfolgt innerhalb von <\/span><span class=\"s9\">2 Arbeitstage<\/span><span class=\"s5\"> ab Zahlungsbest\u00e4tigung, sofern nicht anders mitgeteilt.<\/span><\/p>\n<div>\n<div class=\"s8\">&nbsp;<\/div>\n<\/div>\n<p class=\"s3\"><span class=\"s4\">7. Abschluss des Vertrages<\/span><\/p>\n<p class=\"s7\"><span class=\"s5\">Der Kaufvertrag kommt zustande, wenn der Kunde die Bestellung absendet und die Auftragsbest\u00e4tigung des Verk\u00e4ufers erh\u00e4lt.<\/span><span class=\"s5\"><br><\/span><span class=\"s5\">Die Best\u00e4tigung enth\u00e4lt eine Zusammenfassung der Bestellung, den Preis, die Kundendaten und einen Link zu diesen Verkaufsbedingungen.<\/span><span class=\"s5\"><br><\/span><span class=\"s5\">Der Verk\u00e4ufer beh\u00e4lt sich das Recht vor, unvollst\u00e4ndige, nicht konforme oder nicht zahlungsgesicherte Bestellungen abzulehnen.<\/span><\/p>\n<div>\n<div class=\"s8\">&nbsp;<\/div>\n<\/div>\n<p class=\"s3\"><span class=\"s4\">8. R\u00fccktrittsrecht<\/span><\/p>\n<p class=\"s7\"><span class=\"s5\">Ein Kunde, der als Verbraucher handelt, hat das Recht, den Vertrag innerhalb von <\/span><span class=\"s9\">14 Tage<\/span><span class=\"s5\"> ab Erhalt der Produkte, ohne Strafe und ohne Verpflichtung zur Angabe von Gr\u00fcnden.<\/span><span class=\"s5\"><br><\/span><span class=\"s5\">Die R\u00fccktrittserkl\u00e4rung ist per E-Mail an coccolatevi@afaitalia.it zu senden.<\/span><\/p>\n<p class=\"s7\"><span class=\"s9\">R\u00fcckgabe des Produkts:<\/span><span class=\"s5\"><br><\/span><span class=\"s5\">Das Produkt muss zur\u00fcckgeschickt werden an:<\/span><span class=\"s5\"><br><\/span><span class=\"s9\">AFA S.R.L.S. <\/span><span class=\"s9\">c\/o TRITON S.R.L. <\/span><span class=\"s9\">- \u00dcber <\/span><span class=\"s9\">Carlo Forlanini, 71\/A 20024 Garbagnate Milanese (MI)<\/span><span class=\"s5\"><br><\/span><span class=\"s5\">Die R\u00fccksendekosten gehen zu Lasten des Kunden, sofern nicht anders angegeben.<\/span><span class=\"s5\"><br><\/span><span class=\"s5\">Die Produkte m\u00fcssen unbesch\u00e4digt, unbenutzt, komplett mit Verpackung und Zubeh\u00f6r zur\u00fcckgegeben werden.<\/span><\/p>\n<p class=\"s7\"><span class=\"s5\">Die R\u00fcckerstattung erfolgt innerhalb von 14 Tagen nach Erhalt der zur\u00fcckgesandten Ware mit demselben Zahlungsmittel.<\/span><\/p>\n<p class=\"s7\"><span class=\"s5\">Das Widerrufsrecht <\/span><span class=\"s9\">trifft nicht zu<\/span><span class=\"s5\"> a:<\/span><\/p>\n<div class=\"s11\"><span class=\"s10\">\u2022 <\/span><span class=\"s5\">ma\u00dfgeschneiderte Produkte;<\/span><\/div>\n<div class=\"s11\"><span class=\"s10\">\u2022 <\/span><span class=\"s5\">versiegelte Produkte, die aus hygienischen Gr\u00fcnden nicht zur\u00fcckgegeben werden k\u00f6nnen, wenn sie nach der Lieferung ge\u00f6ffnet werden.<\/span><\/div>\n<div>\n<div class=\"s8\">&nbsp;<\/div>\n<\/div>\n<p class=\"s3\"><span class=\"s4\">9. Rechtliche Garantie der Konformit\u00e4t<\/span><\/p>\n<p class=\"s7\"><span class=\"s5\">Die Produkte werden von der <\/span><span class=\"s9\">gesetzliche Garantie der Konformit\u00e4t<\/span><span class=\"s5\"> gem\u00e4\u00df den Artikeln 128-135 des Verbraucherschutzgesetzes.<\/span><span class=\"s5\"><br><\/span><span class=\"s5\">Etwaige M\u00e4ngel m\u00fcssen innerhalb von 2 Monaten nach ihrer Entdeckung gemeldet werden.<\/span><span class=\"s5\"><br><\/span><span class=\"s5\">F\u00fcr Hilfe oder Ersatz wenden Sie sich bitte an: coccolatevi@afaitalia.it.<\/span><\/p>\n<div>\n<div class=\"s8\">&nbsp;<\/div>\n<\/div>\n<p class=\"s3\"><span class=\"s4\">10. Beschr\u00e4nkung der Haftung<\/span><\/p>\n<p class=\"s7\"><span class=\"s5\">Der Verk\u00e4ufer haftet nicht f\u00fcr Versp\u00e4tungen oder Nichtlieferungen aufgrund von h\u00f6herer Gewalt, Unf\u00e4higkeit der Transportunternehmen oder Ereignissen, die er nicht zu vertreten hat.<\/span><span class=\"s5\"><br><\/span><span class=\"s5\">Der Verk\u00e4ufer haftet in keinem Fall f\u00fcr indirekte oder Folgesch\u00e4den, die sich aus der Nutzung der Website oder dem Kauf von Produkten ergeben.<\/span><\/p>\n<div>\n<div class=\"s8\">&nbsp;<\/div>\n<\/div>\n<p class=\"s3\"><span class=\"s4\">11. Kundendienst<\/span><\/p>\n<p class=\"s7\"><span class=\"s5\">F\u00fcr Informationen \u00fcber Bestellungen, Sendungen, R\u00fccksendungen oder Garantien:<\/span><span class=\"s5\"><br><\/span><span class=\"s5\">Kundenbetreuung <\/span><span class=\"s9\">AFA <\/span><span class=\"s9\">S.R.L.S.<\/span><span class=\"s5\"><br><\/span><span class=\"s5\">E-Mail: coccolatevi@afaitalia.it<\/span><\/p>\n<div>\n<div class=\"s8\">&nbsp;<\/div>\n<\/div>\n<p class=\"s3\"><span class=\"s4\">12. Anwendbares Recht und Gerichtsbarkeit<\/span><\/p>\n<p class=\"s7\"><span class=\"s5\">Die vorliegenden Bedingungen unterliegen dem italienischen Recht.<\/span><span class=\"s5\"><br><\/span><span class=\"s5\">F\u00fcr Verbraucherstreitigkeiten ist die zust\u00e4ndige <\/span><span class=\"s9\">Wohnort oder Wohnsitz des Verbrauchers<\/span><span class=\"s5\">.<\/span><span class=\"s5\"><br><\/span><span class=\"s5\">F\u00fcr professionelle Kunden ist der kompetente <\/span><span class=\"s9\">Brescia-Forum<\/span><span class=\"s5\">.<\/span><\/p>\n<div>\n<div class=\"s8\">&nbsp;<\/div>\n<\/div>\n<p class=\"s3\"><span class=\"s4\">13. Europ\u00e4ische ODR-Plattform<\/span><\/p>\n<p class=\"s7\"><span class=\"s5\">Gem\u00e4\u00df der EU-Verordnung Nr. 524\/2013 kann der Kunde \u00fcber den folgenden Link auf die europ\u00e4ische Plattform zur Online-Streitbeilegung (OS) zugreifen:<\/span><span class=\"s5\"><br><\/span><span class=\"s12\"><img decoding=\"async\" draggable=\"false\" role=\"img\" class=\"emoji\" alt=\"\ud83d\udc49\" src=\"https:\/\/s.w.org\/images\/core\/emoji\/17.0.2\/svg\/1f449.svg\"><\/span><span class=\"s5\"> https:\/\/ec.europa.eu\/consumers\/odr\/<\/span><\/p>\n<div>\n<div class=\"s8\">&nbsp;<\/div>\n<\/div>\n<p class=\"s3\">14. Verarbeitung von personenbezogenen Daten<\/p>\n<p class=\"s3\">Die vom Kunden zur Verf\u00fcgung gestellten personenbezogenen Daten werden in \u00dcbereinstimmung mit den Bestimmungen der Verordnung (EU) 2016\/679 (GDPR) und dem Gesetzesdekret Nr. 196\/2003 (Datenschutzgesetz) in der jeweils g\u00fcltigen Fassung verarbeitet.<br>Der Kunde kann vollst\u00e4ndige Informationen \u00fcber die Verarbeitung seiner personenbezogenen Daten auf der Seite \u201cInformationen zum elektronischen Gesch\u00e4ftsverkehr\u201d auf der Website unter folgendem Link erhalten: https:\/\/coccolatevi.it\/informativa-ecommerce\/.<\/p>\n<div>\n<div class=\"s8\">&nbsp;<\/div>\n<\/div>\n<p class=\"s3\"><span class=\"s4\">15. Schlussklauseln<\/span><\/p>\n<p class=\"s7\"><span class=\"s5\">Die Nichtigkeit oder Unwirksamkeit einer Klausel hat nicht die Nichtigkeit der anderen zur Folge.<\/span><span class=\"s5\"><br><\/span><span class=\"s5\">Der Verk\u00e4ufer beh\u00e4lt sich das Recht vor, diese Bedingungen durch Ver\u00f6ffentlichung einer neuen Version auf der Website zu \u00e4ndern. Die \u00c4nderungen gelten nur f\u00fcr Bestellungen, die nach der Ver\u00f6ffentlichung aufgegeben werden.<\/span><\/p>\n<div>\n<div class=\"s8\">&nbsp;<\/div>\n<\/div>\n<p class=\"s3\"><span class=\"s13\">Allgemeine Verkaufsbedingungen - Zusammenfassung<\/span><\/p>\n<p class=\"s7\"><span class=\"s5\">K\u00e4ufe, die am <\/span><a href=\"https:\/\/coccolatevi.it\/de\/\"><span class=\"s6\">www.coccolatevi.it<\/span><\/a><span class=\"s5\"> unterliegen den vorliegenden Allgemeinen Verkaufsbedingungen, die der Kunde mit seiner Bestellung anerkennt.<\/span><span class=\"s5\"><br><\/span><span class=\"s5\">Die Produkte werden verkauft von <\/span><span class=\"s9\">AFA <\/span><span class=\"s9\">S.R.L.S.<\/span><span class=\"s5\">, mit Sitz in Via Matteotti 6, 25010 Montirone (BS), MwSt.-Nr. IT04326660984, E-Mail coccolatevi@afaitalia.it.<\/span><\/p>\n<p class=\"s7\"><span class=\"s9\">Preise und Zahlungen<\/span><span class=\"s5\"><br><\/span><span class=\"s5\">Alle Preise sind in Euro, einschlie\u00dflich Mehrwertsteuer. Die Zahlungen erfolgen \u00fcber die sichere Plattform <\/span><span class=\"s9\">Streifen<\/span><span class=\"s5\">. Die Versandkosten werden vor der Auftragsbest\u00e4tigung angegeben.<\/span><\/p>\n<p class=\"s7\"><span class=\"s9\">Versand und Lieferung<\/span><span class=\"s5\"><br><\/span><span class=\"s5\">Lieferung in Italien (au\u00dfer Livigno und Campione d'Italia) innerhalb von 24\/72 Arbeitsstunden. Kostenloser Versand f\u00fcr Bestellungen \u00fcber 29 \u20ac inkl. MwSt.<\/span><\/p>\n<p class=\"s7\"><span class=\"s9\">R\u00fccknahme und R\u00fcckgabe<\/span><span class=\"s5\"><br><\/span><span class=\"s5\">Der Verbraucher kann innerhalb von <\/span><span class=\"s9\">14 Tage<\/span><span class=\"s5\"> ab Erhalt des Produkts durch Zusendung einer Mitteilung an coccolatevi@afaitalia.it.<\/span><span class=\"s5\"><br><\/span><span class=\"s5\">Das Produkt muss unbesch\u00e4digt zur\u00fcckgeschickt werden an:<\/span><span class=\"s5\"><br><\/span><span class=\"s14\">AFA S.R.L.S. <\/span><span class=\"s14\">c\/o TRITON S.R.L. <\/span><span class=\"s14\">- \u00dcber<\/span><span class=\"s14\">die<\/span> <span class=\"s14\">Carlo Forlanini, 71\/A 20024 Garbagnate Milanese (MI)<\/span><span class=\"s5\">.<\/span><span class=\"s5\"><br><\/span><span class=\"s5\">Die R\u00fccksendekosten gehen zu Lasten des Kunden. Die R\u00fcckerstattung wird innerhalb von 14 Tagen erfolgen.<\/span><\/p>\n<p class=\"s7\"><span class=\"s9\">Garantie<\/span><span class=\"s5\"><br><\/span><span class=\"s5\">Die Produkte sind abgedeckt durch <\/span><span class=\"s9\">gesetzliche Garantie der Konformit\u00e4t<\/span><span class=\"s5\"> (Art. 128-135 Verbrauchergesetzbuch).<\/span><\/p>\n<p class=\"s7\"><span class=\"s9\">Ort der Gerichtsbarkeit<\/span><span class=\"s5\"><br><\/span><span class=\"s5\">Der Verkauf unterliegt dem italienischen Recht. F\u00fcr Streitigkeiten mit Verbrauchern ist das Gericht ihres Wohnsitzes zust\u00e4ndig, f\u00fcr gewerbliche Kunden das Gericht von Brescia.<\/span><\/p>\n<p class=\"s7\"><span class=\"s9\">ODR<\/span><span class=\"s5\"><br><\/span><span class=\"s5\">Europ\u00e4ische Plattform f\u00fcr die Online-Streitbeilegung: https:\/\/ec.europa.eu\/consumers\/odr\/<\/span><\/p>\n<p class=\"s7\"><span class=\"s9\">Datenschutz<\/span><span class=\"s5\"><br><\/span><span class=\"s5\">Die Verarbeitung personenbezogener Daten erfolgt in \u00dcbereinstimmung mit dem <\/span><span class=\"s9\">EU-Verordnung 2016\/679 (GDPR)<\/span><span class=\"s5\">. Alle Informationen sind auf der Website verf\u00fcgbar.<\/span><\/p>\n<p class=\"s7\"><span class=\"s5\">Vollst\u00e4ndige Version verf\u00fcgbar unter:<\/span> <span class=\"s5\">www.coccolatevi.it\/condizioni-di-vendita<\/span><\/p>\t\t\t\t\t\t\t\t<\/div>\n\t\t\t\t\t<\/div>\n\t\t\t\t<\/div>\n\t\t\t\t<\/div>","protected":false},"excerpt":{"rendered":"<p>Condizioni Generali di Vendita Premessa \u2013 Accettazione delle condizioni L\u2019invio dell\u2019ordine da parte del cliente implica la piena accettazione delle presenti Condizioni Generali di Vendita, nonch\u00e9 dell\u2019Informativa Privacy pubblicata sul sito www.coccolatevi.it (\u201cSito\u201d).Le presenti condizioni disciplinano esclusivamente gli acquisti effettuati sul Sito e non si applicano a eventuali altri canali di vendita del Venditore. &nbsp; [&hellip;]<\/p>\n","protected":false},"author":1,"featured_media":0,"parent":0,"menu_order":0,"comment_status":"closed","ping_status":"closed","template":"","meta":{"footnotes":""},"class_list":["post-3593","page","type-page","status-publish","hentry"],"_links":{"self":[{"href":"https:\/\/coccolatevi.it\/de\/wp-json\/wp\/v2\/pages\/3593","targetHints":{"allow":["GET"]}}],"collection":[{"href":"https:\/\/coccolatevi.it\/de\/wp-json\/wp\/v2\/pages"}],"about":[{"href":"https:\/\/coccolatevi.it\/de\/wp-json\/wp\/v2\/types\/page"}],"author":[{"embeddable":true,"href":"https:\/\/coccolatevi.it\/de\/wp-json\/wp\/v2\/users\/1"}],"replies":[{"embeddable":true,"href":"https:\/\/coccolatevi.it\/de\/wp-json\/wp\/v2\/comments?post=3593"}],"version-history":[{"count":10,"href":"https:\/\/coccolatevi.it\/de\/wp-json\/wp\/v2\/pages\/3593\/revisions"}],"predecessor-version":[{"id":9063,"href":"https:\/\/coccolatevi.it\/de\/wp-json\/wp\/v2\/pages\/3593\/revisions\/9063"}],"wp:attachment":[{"href":"https:\/\/coccolatevi.it\/de\/wp-json\/wp\/v2\/media?parent=3593"}],"curies":[{"name":"wp","href":"https:\/\/api.w.org\/{rel}","templated":true}]}}